{"id":118184,"date":"2026-05-05T21:47:10","date_gmt":"2026-05-06T00:47:10","guid":{"rendered":"https:\/\/www.hediyepazar.com\/?product=dvr-arac-ici-kamera-hareket-algilayabilen-1080p-carplay-video-kaydedici"},"modified":"2026-05-05T21:47:10","modified_gmt":"2026-05-06T00:47:10","slug":"dvr-arac-ici-kamera-hareket-algilayabilen-1080p-carplay-video-kaydedici","status":"publish","type":"product","link":"https:\/\/www.hediyepazar.com\/?product=dvr-arac-ici-kamera-hareket-algilayabilen-1080p-carplay-video-kaydedici","title":{"rendered":"DVR Ara\u00e7 \u0130\u00e7i Kamera Hareket Alg\u0131layabilen 1080P CarPlay Video Kaydedici"},"content":{"rendered":"<p>Bu \u00e7ok y\u00f6nl\u00fc 3 kameral\u0131 ara\u00e7 i\u00e7i kay\u0131t cihaz\u0131, s\u00fcr\u00fc\u015f s\u0131ras\u0131nda kapsaml\u0131 g\u00fcvenlik ve net g\u00f6r\u00fcnt\u00fcleme deneyimi sunmak \u00fczere tasarlanm\u0131\u015ft\u0131r. 1080P Full HD \u00f6n kameras\u0131, trafikte ya\u015fanan t\u00fcm anlar\u0131 y\u00fcksek \u00e7\u00f6z\u00fcn\u00fcrl\u00fckle kaydederken; 720P arka kamera ve VGA i\u00e7 kamera ile arac\u0131n her y\u00f6n\u00fcn\u00fc ayn\u0131 anda g\u00f6r\u00fcnt\u00fcleme imkan\u0131 sa\u011flar. \u00d6zellikle geni\u015f a\u00e7\u0131l\u0131 lensler sayesinde k\u00f6r nokta riski en aza indirilmi\u015f olur.Cihaz\u0131n entegre G-Sens\u00f6r\u00fc, ani \u00e7arp\u0131\u015fma, sars\u0131nt\u0131 ya da hareket anlar\u0131n\u0131 otomatik olarak alg\u0131layarak ilgili g\u00f6r\u00fcnt\u00fcleri \u00f6zel olarak kaydeder ve bu \u00f6nemli kay\u0131tlar\u0131n \u00fczerine yaz\u0131lmas\u0131n\u0131 engeller. Ayr\u0131ca park modu sayesinde, ara\u00e7 \u00e7al\u0131\u015fm\u0131yor olsa bile hareket alg\u0131land\u0131\u011f\u0131nda otomatik olarak kay\u0131t ba\u015flat\u0131l\u0131r, b\u00f6ylece arac\u0131n\u0131z\u0131 her zaman g\u00fcvende tutabilirsiniz.Gece g\u00f6r\u00fc\u015f deste\u011fi, d\u00fc\u015f\u00fck \u0131\u015f\u0131kl\u0131 ortamlarda bile net ve kaliteli video kay\u0131tlar\u0131 yap\u0131lmas\u0131n\u0131 sa\u011flarken, geli\u015fmi\u015f H.264 video s\u0131k\u0131\u015ft\u0131rma teknolojisi sayesinde dosyalar daha az yer kaplar, daha uzun s\u00fcreli kay\u0131tlar m\u00fcmk\u00fcn hale gelir. 2 in\u00e7 IPS ekran\u0131 ile canl\u0131 g\u00f6r\u00fcnt\u00fc takibi yapabilir, daha \u00f6nce kaydedilen g\u00f6r\u00fcnt\u00fclere kolayca eri\u015febilirsiniz.170\u00b0 geni\u015f a\u00e7\u0131l\u0131 \u00f6n kameras\u0131 ve 120\u00b0 i\u00e7 kamera a\u00e7\u0131s\u0131yla trafikte ya da park halinde hi\u00e7bir detay\u0131 ka\u00e7\u0131rmazs\u0131n\u0131z. 256 GB&#8217;a kadar Micro SD kart deste\u011fi sunan sistem, uzun kay\u0131t s\u00fcreleri i\u00e7in ideal bir depolama kapasitesi sa\u011flar. Dahili 350 mAh bataryas\u0131, k\u0131sa s\u00fcreli enerji kesintilerinde bile cihaz\u0131n \u00e7al\u0131\u015fmaya devam etmesini sa\u011flar.Ergonomik tasar\u0131m\u0131 sayesinde arac\u0131n g\u00f6r\u00fc\u015f a\u00e7\u0131s\u0131n\u0131 engellemez ve montaj\u0131 olduk\u00e7a kolayd\u0131r. \u00d6n, arka ve i\u00e7 mekanlar\u0131 ayn\u0131 anda g\u00f6zetleyerek hem s\u00fcr\u00fcc\u00fcler hem de ara\u00e7 sahipleri i\u00e7in tam kapsaml\u0131 bir g\u00fcvenlik \u00e7\u00f6z\u00fcm\u00fc sunar. Hem \u015fehir i\u00e7i kullan\u0131mda hem de uzun yolculuklarda g\u00fcvenli\u011finizi \u00fcst seviyeye ta\u015f\u0131r.<\/p>\n","protected":false},"excerpt":{"rendered":"<p>Bu \u00e7ok y\u00f6nl\u00fc 3 kameral\u0131 ara\u00e7 i\u00e7i kay\u0131t cihaz\u0131, s\u00fcr\u00fc\u015f s\u0131ras\u0131nda kapsaml\u0131 g\u00fcvenlik ve net g\u00f6r\u00fcnt\u00fcleme deneyimi sunmak \u00fczere tasarlanm\u0131\u015ft\u0131r. 1080P Full HD \u00f6n kameras\u0131, trafikte ya\u015fanan t\u00fcm anlar\u0131 y\u00fcksek \u00e7\u00f6z\u00fcn\u00fcrl\u00fckle kaydederken; 720P arka kamera ve VGA i\u00e7 kamera ile arac\u0131n her y\u00f6n\u00fcn\u00fc ayn\u0131 anda g\u00f6r\u00fcnt\u00fcleme imkan\u0131 sa\u011flar. \u00d6zellikle geni\u015f a\u00e7\u0131l\u0131 lensler sayesinde k\u00f6r nokta&#8230;<\/p>\n","protected":false},"featured_media":118183,"comment_status":"open","ping_status":"closed","template":"","meta":{"_kad_post_transparent":"","_kad_post_title":"","_kad_post_layout":"","_kad_post_sidebar_id":"","_kad_post_content_style":"","_kad_post_vertical_padding":"","_kad_post_feature":"","_kad_post_feature_position":"","_kad_post_header":false,"_kad_post_footer":false,"_kad_post_classname":""},"product_brand":[],"product_cat":[15062],"product_tag":[],"class_list":{"0":"post-118184","1":"product","2":"type-product","3":"status-publish","4":"has-post-thumbnail","6":"product_cat-arac-ici-kamera-arac-ici-kamera","8":"first","9":"instock","10":"purchasable","11":"product-type-simple","12":"entry","13":"content-bg","14":"loop-entry"},"_links":{"self":[{"href":"https:\/\/www.hediyepazar.com\/index.php?rest_route=\/wp\/v2\/product\/118184","targetHints":{"allow":["GET"]}}],"collection":[{"href":"https:\/\/www.hediyepazar.com\/index.php?rest_route=\/wp\/v2\/product"}],"about":[{"href":"https:\/\/www.hediyepazar.com\/index.php?rest_route=\/wp\/v2\/types\/product"}],"replies":[{"embeddable":true,"href":"https:\/\/www.hediyepazar.com\/index.php?rest_route=%2Fwp%2Fv2%2Fcomments&post=118184"}],"wp:featuredmedia":[{"embeddable":true,"href":"https:\/\/www.hediyepazar.com\/index.php?rest_route=\/wp\/v2\/media\/118183"}],"wp:attachment":[{"href":"https:\/\/www.hediyepazar.com\/index.php?rest_route=%2Fwp%2Fv2%2Fmedia&parent=118184"}],"wp:term":[{"taxonomy":"product_brand","embeddable":true,"href":"https:\/\/www.hediyepazar.com\/index.php?rest_route=%2Fwp%2Fv2%2Fproduct_brand&post=118184"},{"taxonomy":"product_cat","embeddable":true,"href":"https:\/\/www.hediyepazar.com\/index.php?rest_route=%2Fwp%2Fv2%2Fproduct_cat&post=118184"},{"taxonomy":"product_tag","embeddable":true,"href":"https:\/\/www.hediyepazar.com\/index.php?rest_route=%2Fwp%2Fv2%2Fproduct_tag&post=118184"}],"curies":[{"name":"wp","href":"https:\/\/api.w.org\/{rel}","templated":true}]}}