{"id":118218,"date":"2026-05-05T21:52:14","date_gmt":"2026-05-06T00:52:14","guid":{"rendered":"https:\/\/www.hediyepazar.com\/?product=imper-elektrikli-cezve"},"modified":"2026-05-05T21:52:14","modified_gmt":"2026-05-06T00:52:14","slug":"imper-elektrikli-cezve","status":"publish","type":"product","link":"https:\/\/www.hediyepazar.com\/?product=imper-elektrikli-cezve","title":{"rendered":"\u0130MPER ELEKTR\u0130KL\u0130 CEZVE"},"content":{"rendered":"<p>Bu elektrikli cezve, 800 watt g\u00fcc\u00fcyle y\u00fcksek performans sa\u011flar ve m\u00fckemmel T\u00fcrk kahvesi deneyimi sunar. 360 ml kapasitesi ile 6 fincana kadar kahve haz\u0131rlayabilirsiniz, b\u00f6ylece kalabal\u0131k misafirlerinize veya b\u00fcy\u00fck aile yemeklerinde kolayca kahve ikram edebilirsiniz. Gizli rezistans teknolojisi, h\u0131zl\u0131 \u0131s\u0131nma ve g\u00fcvenli kullan\u0131m sa\u011flar, ayr\u0131ca temizlik a\u00e7\u0131s\u0131ndan da b\u00fcy\u00fck kolayl\u0131k sunar.360 derece d\u00f6nebilen kablosuz taban\u0131, rahat bir kullan\u0131m sa\u011flar ve her a\u00e7\u0131dan kolayca hareket etmenize olanak tan\u0131r. Paslanmaz \u00e7elik g\u00f6vdesi, hem dayan\u0131kl\u0131 hem de estetik a\u00e7\u0131dan \u015f\u0131k bir g\u00f6r\u00fcn\u00fcm sunar. Kolayca temizlenebilen tasar\u0131m\u0131, hijyenik bir kullan\u0131m imkan\u0131 tan\u0131r ve her seferinde taze kahve haz\u0131rlaman\u0131z\u0131 sa\u011flar.Cezvenin \u00fczerinde bulunan k\u0131rm\u0131z\u0131 g\u00fc\u00e7 d\u00fc\u011fmesi ile a\u00e7ma ve kapama i\u015flemleri son derece basittir. Is\u0131nmayan ergonomik kulpu ise g\u00fcvenli ve rahat bir tutu\u015f sa\u011flar. Paslanmaz \u00e7elik yap\u0131s\u0131, uzun \u00f6m\u00fcrl\u00fc kullan\u0131m ve \u015f\u0131k bir tasar\u0131m sunarak mutfa\u011f\u0131n\u0131za zarif bir dokunu\u015f katar.Bu elektrikli cezve, T\u00fcrk kahvesi sevenler i\u00e7in m\u00fckemmel bir se\u00e7imdir. Hem i\u015flevsel hem de estetik \u00f6zellikleriyle kahve haz\u0131rlama deneyiminizi daha pratik ve keyifli hale getirir. 6 fincana kadar kapasitesiyle geni\u015f aileler ve misafirler i\u00e7in ideal bir yard\u0131mc\u0131d\u0131r.<\/p>\n","protected":false},"excerpt":{"rendered":"<p>Bu elektrikli cezve, 800 watt g\u00fcc\u00fcyle y\u00fcksek performans sa\u011flar ve m\u00fckemmel T\u00fcrk kahvesi deneyimi sunar. 360 ml kapasitesi ile 6 fincana kadar kahve haz\u0131rlayabilirsiniz, b\u00f6ylece kalabal\u0131k misafirlerinize veya b\u00fcy\u00fck aile yemeklerinde kolayca kahve ikram edebilirsiniz. Gizli rezistans teknolojisi, h\u0131zl\u0131 \u0131s\u0131nma ve g\u00fcvenli kullan\u0131m sa\u011flar, ayr\u0131ca temizlik a\u00e7\u0131s\u0131ndan da b\u00fcy\u00fck kolayl\u0131k sunar.360 derece d\u00f6nebilen kablosuz taban\u0131,&#8230;<\/p>\n","protected":false},"featured_media":118217,"comment_status":"open","ping_status":"closed","template":"","meta":{"_kad_post_transparent":"","_kad_post_title":"","_kad_post_layout":"","_kad_post_sidebar_id":"","_kad_post_content_style":"","_kad_post_vertical_padding":"","_kad_post_feature":"","_kad_post_feature_position":"","_kad_post_header":false,"_kad_post_footer":false,"_kad_post_classname":""},"product_brand":[],"product_cat":[15068],"product_tag":[],"class_list":{"0":"post-118218","1":"product","2":"type-product","3":"status-publish","4":"has-post-thumbnail","6":"product_cat-pratik-mutfak-gerecleri-pratik-mutfak-gerecleri-2","8":"first","9":"instock","10":"purchasable","11":"product-type-simple","12":"entry","13":"content-bg","14":"loop-entry"},"_links":{"self":[{"href":"https:\/\/www.hediyepazar.com\/index.php?rest_route=\/wp\/v2\/product\/118218","targetHints":{"allow":["GET"]}}],"collection":[{"href":"https:\/\/www.hediyepazar.com\/index.php?rest_route=\/wp\/v2\/product"}],"about":[{"href":"https:\/\/www.hediyepazar.com\/index.php?rest_route=\/wp\/v2\/types\/product"}],"replies":[{"embeddable":true,"href":"https:\/\/www.hediyepazar.com\/index.php?rest_route=%2Fwp%2Fv2%2Fcomments&post=118218"}],"wp:featuredmedia":[{"embeddable":true,"href":"https:\/\/www.hediyepazar.com\/index.php?rest_route=\/wp\/v2\/media\/118217"}],"wp:attachment":[{"href":"https:\/\/www.hediyepazar.com\/index.php?rest_route=%2Fwp%2Fv2%2Fmedia&parent=118218"}],"wp:term":[{"taxonomy":"product_brand","embeddable":true,"href":"https:\/\/www.hediyepazar.com\/index.php?rest_route=%2Fwp%2Fv2%2Fproduct_brand&post=118218"},{"taxonomy":"product_cat","embeddable":true,"href":"https:\/\/www.hediyepazar.com\/index.php?rest_route=%2Fwp%2Fv2%2Fproduct_cat&post=118218"},{"taxonomy":"product_tag","embeddable":true,"href":"https:\/\/www.hediyepazar.com\/index.php?rest_route=%2Fwp%2Fv2%2Fproduct_tag&post=118218"}],"curies":[{"name":"wp","href":"https:\/\/api.w.org\/{rel}","templated":true}]}}