{"id":118222,"date":"2026-05-05T21:54:00","date_gmt":"2026-05-06T00:54:00","guid":{"rendered":"https:\/\/www.hediyepazar.com\/?product=modern-tasarim-2200w-dayanikli-buharli-seramik-kaplama-utu"},"modified":"2026-05-05T21:54:00","modified_gmt":"2026-05-06T00:54:00","slug":"modern-tasarim-2200w-dayanikli-buharli-seramik-kaplama-utu","status":"publish","type":"product","link":"https:\/\/www.hediyepazar.com\/?product=modern-tasarim-2200w-dayanikli-buharli-seramik-kaplama-utu","title":{"rendered":"Modern Tasar\u0131m 2200W Dayan\u0131kl\u0131 Buharl\u0131 Seramik Kaplama \u00dct\u00fc"},"content":{"rendered":"<p>Bu mor seramik tabanl\u0131 buharl\u0131 \u00fct\u00fc, g\u00fc\u00e7l\u00fc performans\u0131 ve modern tasar\u0131m\u0131yla \u00fct\u00fcleme i\u015flemlerinizi zahmetsiz ve h\u0131zl\u0131 bir hale getiriyor. 2200W g\u00fcc\u00fc, \u00fct\u00fcleme s\u0131ras\u0131nda h\u0131zl\u0131 \u0131s\u0131nma sa\u011flar ve 177 gr\/dk \u015fok buhar \u00e7\u0131k\u0131\u015f\u0131, k\u0131r\u0131\u015f\u0131kl\u0131klar\u0131 kolayca a\u00e7man\u0131za yard\u0131mc\u0131 olur. Kal\u0131n kuma\u015flardan hassas giysilere kadar her t\u00fcr kuma\u015fta m\u00fckemmel sonu\u00e7lar elde etmenizi sa\u011flar ve size zamandan tasarruf imk\u00e2n\u0131 sunar.Seramik taban\u0131, p\u00fcr\u00fczs\u00fcz bir kayma sa\u011flayarak \u00fct\u00fcleme i\u015fleminin h\u0131z\u0131n\u0131 art\u0131r\u0131rken, kuma\u015flarda iz b\u0131rakmaz. Dikey \u00fct\u00fcleme fonksiyonu, ask\u0131daki k\u0131yafetleri ve perdeleri rahat\u00e7a \u00fct\u00fclemenize olanak tan\u0131r. Damla \u00f6nleyici sistem ise d\u00fc\u015f\u00fck s\u0131cakl\u0131klarda bile su damlamas\u0131n\u0131 engelleyerek, giysilerde lekelerin olu\u015fumunu \u00f6nler. Kire\u00e7lenmeyi \u00f6nleyen sistem, suyun i\u00e7indeki kire\u00e7 birikimini engelleyerek \u00fct\u00fc performans\u0131n\u0131 uzun s\u00fcre korur.Kendi kendini temizleme \u00f6zelli\u011fi, \u00fct\u00fcn\u00fcz\u00fcn bak\u0131m\u0131n\u0131 olduk\u00e7a kolayla\u015ft\u0131r\u0131r ve uzun \u00f6m\u00fcrl\u00fc kullan\u0131m sa\u011flar. 360 derece d\u00f6nebilen kablo, \u00fct\u00fcleme s\u0131ras\u0131nda hareket \u00f6zg\u00fcrl\u00fc\u011f\u00fc sunarak rahat bir kullan\u0131m deneyimi yarat\u0131r. Modern mor rengi, her mutfak veya \u00e7ama\u015f\u0131r odas\u0131na \u015f\u0131kl\u0131k katarken, ergonomik tasar\u0131m\u0131 sayesinde konforlu bir kullan\u0131m sa\u011flar.Estetik ve i\u015flevselli\u011fi bir araya getiren bu buharl\u0131 \u00fct\u00fc, her t\u00fcrl\u00fc kuma\u015f i\u00e7in etkili sonu\u00e7lar elde etmenize yard\u0131mc\u0131 olur ve \u00fct\u00fcleme s\u00fcrecinizi daha h\u0131zl\u0131 ve verimli hale getirir. Hem pratik \u00f6zellikleri hem de \u015f\u0131k tasar\u0131m\u0131 ile evinizin vazge\u00e7ilmezi olacak.<\/p>\n","protected":false},"excerpt":{"rendered":"<p>Bu mor seramik tabanl\u0131 buharl\u0131 \u00fct\u00fc, g\u00fc\u00e7l\u00fc performans\u0131 ve modern tasar\u0131m\u0131yla \u00fct\u00fcleme i\u015flemlerinizi zahmetsiz ve h\u0131zl\u0131 bir hale getiriyor. 2200W g\u00fcc\u00fc, \u00fct\u00fcleme s\u0131ras\u0131nda h\u0131zl\u0131 \u0131s\u0131nma sa\u011flar ve 177 gr\/dk \u015fok buhar \u00e7\u0131k\u0131\u015f\u0131, k\u0131r\u0131\u015f\u0131kl\u0131klar\u0131 kolayca a\u00e7man\u0131za yard\u0131mc\u0131 olur. Kal\u0131n kuma\u015flardan hassas giysilere kadar her t\u00fcr kuma\u015fta m\u00fckemmel sonu\u00e7lar elde etmenizi sa\u011flar ve size zamandan tasarruf imk\u00e2n\u0131&#8230;<\/p>\n","protected":false},"featured_media":118221,"comment_status":"open","ping_status":"closed","template":"","meta":{"_kad_post_transparent":"","_kad_post_title":"","_kad_post_layout":"","_kad_post_sidebar_id":"","_kad_post_content_style":"","_kad_post_vertical_padding":"","_kad_post_feature":"","_kad_post_feature_position":"","_kad_post_header":false,"_kad_post_footer":false,"_kad_post_classname":""},"product_brand":[],"product_cat":[15035],"product_tag":[],"class_list":{"0":"post-118222","1":"product","2":"type-product","3":"status-publish","4":"has-post-thumbnail","6":"product_cat-buharli-utu-buharli-utu","8":"first","9":"instock","10":"purchasable","11":"product-type-simple","12":"entry","13":"content-bg","14":"loop-entry"},"_links":{"self":[{"href":"https:\/\/www.hediyepazar.com\/index.php?rest_route=\/wp\/v2\/product\/118222","targetHints":{"allow":["GET"]}}],"collection":[{"href":"https:\/\/www.hediyepazar.com\/index.php?rest_route=\/wp\/v2\/product"}],"about":[{"href":"https:\/\/www.hediyepazar.com\/index.php?rest_route=\/wp\/v2\/types\/product"}],"replies":[{"embeddable":true,"href":"https:\/\/www.hediyepazar.com\/index.php?rest_route=%2Fwp%2Fv2%2Fcomments&post=118222"}],"wp:featuredmedia":[{"embeddable":true,"href":"https:\/\/www.hediyepazar.com\/index.php?rest_route=\/wp\/v2\/media\/118221"}],"wp:attachment":[{"href":"https:\/\/www.hediyepazar.com\/index.php?rest_route=%2Fwp%2Fv2%2Fmedia&parent=118222"}],"wp:term":[{"taxonomy":"product_brand","embeddable":true,"href":"https:\/\/www.hediyepazar.com\/index.php?rest_route=%2Fwp%2Fv2%2Fproduct_brand&post=118222"},{"taxonomy":"product_cat","embeddable":true,"href":"https:\/\/www.hediyepazar.com\/index.php?rest_route=%2Fwp%2Fv2%2Fproduct_cat&post=118222"},{"taxonomy":"product_tag","embeddable":true,"href":"https:\/\/www.hediyepazar.com\/index.php?rest_route=%2Fwp%2Fv2%2Fproduct_tag&post=118222"}],"curies":[{"name":"wp","href":"https:\/\/api.w.org\/{rel}","templated":true}]}}