{"id":118224,"date":"2026-05-05T21:54:05","date_gmt":"2026-05-06T00:54:05","guid":{"rendered":"https:\/\/www.hediyepazar.com\/?product=buharli-kablolu-utu-2200-watt-kireclenme-onleyici-sok-buharli"},"modified":"2026-05-05T21:54:05","modified_gmt":"2026-05-06T00:54:05","slug":"buharli-kablolu-utu-2200-watt-kireclenme-onleyici-sok-buharli","status":"publish","type":"product","link":"https:\/\/www.hediyepazar.com\/?product=buharli-kablolu-utu-2200-watt-kireclenme-onleyici-sok-buharli","title":{"rendered":"Buharl\u0131 Kablolu \u00dct\u00fc 2200 Watt Kire\u00e7lenme \u00d6nleyici \u015eok Buharl\u0131"},"content":{"rendered":"<p>\u015e\u0131k ve modern tasar\u0131m\u0131yla dikkat \u00e7eken bu mor seramik tabanl\u0131 buharl\u0131 \u00fct\u00fc, m\u00fckemmel performans\u0131yla her t\u00fcrl\u00fc \u00fct\u00fcleme i\u015flemini kolay ve h\u0131zl\u0131 hale getirir. 2200W g\u00fcc\u00fc sayesinde k\u0131sa s\u00fcrede \u0131s\u0131n\u0131r ve g\u00fc\u00e7l\u00fc bir 177 gr\/dk \u015fok buhar performans\u0131 sa\u011flar. Bu y\u00fcksek buhar g\u00fcc\u00fc, \u00f6zellikle k\u0131r\u0131\u015f\u0131k kuma\u015flar ve kal\u0131n giysiler i\u00e7in ideal olup, zamandan tasarruf etmenizi sa\u011flar ve her kuma\u015fta etkili sonu\u00e7lar elde etmenize yard\u0131mc\u0131 olur.Seramik taban, p\u00fcr\u00fczs\u00fcz bir kayma sa\u011flar ve \u00fct\u00fcleme s\u0131ras\u0131nda ekstra rahatl\u0131k sunar. Bu \u00f6zellik, hem h\u0131zl\u0131 hem de hassas bir \u00fct\u00fcleme deneyimi ya\u015fat\u0131rken, kuma\u015flar \u00fczerinde iz b\u0131rakmaz. Dikey \u00fct\u00fcleme fonksiyonu, ask\u0131daki giysiler veya perdeler i\u00e7in m\u00fckemmel bir se\u00e7enek olup, \u00fct\u00fclemenizi kolayla\u015ft\u0131r\u0131r. Ayr\u0131ca, damlama \u00f6nleme sistemi, d\u00fc\u015f\u00fck s\u0131cakl\u0131klarda bile su damlamas\u0131n\u0131 engelleyerek k\u0131yafetlerinizde lekelenme riskini ortadan kald\u0131r\u0131r.Kire\u00e7lenmeyi \u00f6nleyen \u00f6zel sistemi, cihaz\u0131n uzun s\u00fcre y\u00fcksek performansta \u00e7al\u0131\u015fmas\u0131n\u0131 sa\u011flar ve suyun i\u00e7inde olu\u015fabilecek kire\u00e7 birikintilerini engeller. Kendi kendini temizleme \u00f6zelli\u011fi, \u00fct\u00fcn\u00fcz\u00fcn bak\u0131m\u0131n\u0131 daha da kolayla\u015ft\u0131rarak, uzun vadeli kullan\u0131mda g\u00fcvenilir performans sunar. 360 derece d\u00f6nebilir kablo ise rahat bir kullan\u0131m sa\u011flar, b\u00f6ylece her a\u00e7\u0131dan \u00fct\u00fcleme i\u015flemi yap\u0131labilir ve manevra kabiliyeti artar.Bu \u00fct\u00fc, \u015f\u0131kl\u0131\u011f\u0131 ve fonksiyonelli\u011fi birle\u015ftirerek g\u00fcnl\u00fck \u00fct\u00fcleme ihtiya\u00e7lar\u0131n\u0131z\u0131 en verimli \u015fekilde kar\u015f\u0131lar. Modern tasar\u0131m\u0131 ve kullan\u0131\u015fl\u0131 \u00f6zellikleri ile bu buharl\u0131 \u00fct\u00fc, her evin vazge\u00e7ilmezi olacak.<\/p>\n","protected":false},"excerpt":{"rendered":"<p>\u015e\u0131k ve modern tasar\u0131m\u0131yla dikkat \u00e7eken bu mor seramik tabanl\u0131 buharl\u0131 \u00fct\u00fc, m\u00fckemmel performans\u0131yla her t\u00fcrl\u00fc \u00fct\u00fcleme i\u015flemini kolay ve h\u0131zl\u0131 hale getirir. 2200W g\u00fcc\u00fc sayesinde k\u0131sa s\u00fcrede \u0131s\u0131n\u0131r ve g\u00fc\u00e7l\u00fc bir 177 gr\/dk \u015fok buhar performans\u0131 sa\u011flar. Bu y\u00fcksek buhar g\u00fcc\u00fc, \u00f6zellikle k\u0131r\u0131\u015f\u0131k kuma\u015flar ve kal\u0131n giysiler i\u00e7in ideal olup, zamandan tasarruf etmenizi sa\u011flar&#8230;<\/p>\n","protected":false},"featured_media":118223,"comment_status":"open","ping_status":"closed","template":"","meta":{"_kad_post_transparent":"","_kad_post_title":"","_kad_post_layout":"","_kad_post_sidebar_id":"","_kad_post_content_style":"","_kad_post_vertical_padding":"","_kad_post_feature":"","_kad_post_feature_position":"","_kad_post_header":false,"_kad_post_footer":false,"_kad_post_classname":""},"product_brand":[],"product_cat":[15035],"product_tag":[],"class_list":{"0":"post-118224","1":"product","2":"type-product","3":"status-publish","4":"has-post-thumbnail","6":"product_cat-buharli-utu-buharli-utu","8":"first","9":"instock","10":"purchasable","11":"product-type-simple","12":"entry","13":"content-bg","14":"loop-entry"},"_links":{"self":[{"href":"https:\/\/www.hediyepazar.com\/index.php?rest_route=\/wp\/v2\/product\/118224","targetHints":{"allow":["GET"]}}],"collection":[{"href":"https:\/\/www.hediyepazar.com\/index.php?rest_route=\/wp\/v2\/product"}],"about":[{"href":"https:\/\/www.hediyepazar.com\/index.php?rest_route=\/wp\/v2\/types\/product"}],"replies":[{"embeddable":true,"href":"https:\/\/www.hediyepazar.com\/index.php?rest_route=%2Fwp%2Fv2%2Fcomments&post=118224"}],"wp:featuredmedia":[{"embeddable":true,"href":"https:\/\/www.hediyepazar.com\/index.php?rest_route=\/wp\/v2\/media\/118223"}],"wp:attachment":[{"href":"https:\/\/www.hediyepazar.com\/index.php?rest_route=%2Fwp%2Fv2%2Fmedia&parent=118224"}],"wp:term":[{"taxonomy":"product_brand","embeddable":true,"href":"https:\/\/www.hediyepazar.com\/index.php?rest_route=%2Fwp%2Fv2%2Fproduct_brand&post=118224"},{"taxonomy":"product_cat","embeddable":true,"href":"https:\/\/www.hediyepazar.com\/index.php?rest_route=%2Fwp%2Fv2%2Fproduct_cat&post=118224"},{"taxonomy":"product_tag","embeddable":true,"href":"https:\/\/www.hediyepazar.com\/index.php?rest_route=%2Fwp%2Fv2%2Fproduct_tag&post=118224"}],"curies":[{"name":"wp","href":"https:\/\/api.w.org\/{rel}","templated":true}]}}