{"id":118230,"date":"2026-05-05T21:54:19","date_gmt":"2026-05-06T00:54:19","guid":{"rendered":"https:\/\/www.hediyepazar.com\/?product=seramik-tabanli-kirmizi-2200-watt-sok-buharli-utu-2"},"modified":"2026-05-05T21:54:19","modified_gmt":"2026-05-06T00:54:19","slug":"seramik-tabanli-kirmizi-2200-watt-sok-buharli-utu-2","status":"publish","type":"product","link":"https:\/\/www.hediyepazar.com\/?product=seramik-tabanli-kirmizi-2200-watt-sok-buharli-utu-2","title":{"rendered":"Seramik Tabanl\u0131 K\u0131rm\u0131z\u0131 2200 Watt \u015eok Buharl\u0131 \u00dct\u00fc"},"content":{"rendered":"<p>\u015e\u0131kl\u0131\u011f\u0131 ve i\u015flevselli\u011fi bir arada sunan bu mor seramik tabanl\u0131 buharl\u0131 \u00fct\u00fc, evde \u00fct\u00fc yapmay\u0131 keyifli ve zahmetsiz bir hale getiriyor. 2200W g\u00fcc\u00fcndeki motoru, k\u0131sa s\u00fcrede \u0131s\u0131narak g\u00fc\u00e7l\u00fc buhar \u00fcretimini m\u00fcmk\u00fcn k\u0131lar; 177 gr\/dk\u2019ya ula\u015fan \u015fok buhar performans\u0131 sayesinde kal\u0131n kuma\u015flarda bile derinlemesine \u00fct\u00fcleme sa\u011flar. Bu etkileyici buhar g\u00fcc\u00fc, en zorlu k\u0131r\u0131\u015f\u0131kl\u0131klar\u0131 bile h\u0131zl\u0131ca a\u00e7arken, \u00fct\u00fcleme s\u00fcrenizi ciddi \u015fekilde k\u0131salt\u0131r.Seramik taban teknolojisi, kuma\u015f \u00fczerinde kayganl\u0131k sa\u011flayarak konforlu ve h\u0131zl\u0131 bir kullan\u0131m deneyimi sunar. Ayn\u0131 zamanda y\u00fczeyin \u00e7izilmelere kar\u015f\u0131 dayan\u0131kl\u0131 olmas\u0131, uzun s\u00fcreli performans vadeder. \u00dcr\u00fcn\u00fcn dikey \u00fct\u00fcleme \u00f6zelli\u011fi, \u00f6zellikle ask\u0131daki giysileri ya da perdeleri yerinden indirmeye gerek kalmadan kolayca d\u00fczeltmenize imk\u00e2n tan\u0131r. Damlama \u00f6nleme sistemi sayesinde d\u00fc\u015f\u00fck s\u0131cakl\u0131klarda bile \u00fct\u00fcleme s\u0131ras\u0131nda su damlamas\u0131 \u00f6nlenir, b\u00f6ylece giysilerde istenmeyen su lekelerinin olu\u015fmas\u0131 engellenir.\u00dct\u00fcn\u00fcn i\u00e7erisinde yer alan kire\u00e7lenmeyi \u00f6nleyen sistem ve kendi kendini temizleme fonksiyonu, uzun \u00f6m\u00fcrl\u00fc kullan\u0131m ve y\u00fcksek performans\u0131n devaml\u0131l\u0131\u011f\u0131 i\u00e7in b\u00fcy\u00fck avantaj sunar. Bu \u00f6zellikler, cihaz\u0131n bak\u0131m ihtiyac\u0131n\u0131 en aza indirirken, ayn\u0131 zamanda performans kayb\u0131n\u0131 da \u00f6nler. 360 derece d\u00f6nebilen kablosu ise \u00fct\u00fcleme s\u0131ras\u0131nda hareket \u00f6zg\u00fcrl\u00fc\u011f\u00fc sa\u011flayarak ergonomik bir kullan\u0131m deneyimi sunar.Gerek teknik \u00f6zellikleriyle gerekse estetik g\u00f6r\u00fcn\u00fcm\u00fcyle \u00f6ne \u00e7\u0131kan bu buharl\u0131 \u00fct\u00fc, g\u00fcnl\u00fck ya\u015famda \u00fct\u00fc i\u015fini kolayla\u015ft\u0131rmakla kalmaz, ayn\u0131 zamanda giysilerinizin her zaman d\u00fczenli ve \u015f\u0131k g\u00f6r\u00fcnmesini sa\u011flar. Hem pratiklik hem de y\u00fcksek performans arayan kullan\u0131c\u0131lar i\u00e7in ideal bir tercih olacakt\u0131r.<\/p>\n","protected":false},"excerpt":{"rendered":"<p>\u015e\u0131kl\u0131\u011f\u0131 ve i\u015flevselli\u011fi bir arada sunan bu mor seramik tabanl\u0131 buharl\u0131 \u00fct\u00fc, evde \u00fct\u00fc yapmay\u0131 keyifli ve zahmetsiz bir hale getiriyor. 2200W g\u00fcc\u00fcndeki motoru, k\u0131sa s\u00fcrede \u0131s\u0131narak g\u00fc\u00e7l\u00fc buhar \u00fcretimini m\u00fcmk\u00fcn k\u0131lar; 177 gr\/dk\u2019ya ula\u015fan \u015fok buhar performans\u0131 sayesinde kal\u0131n kuma\u015flarda bile derinlemesine \u00fct\u00fcleme sa\u011flar. Bu etkileyici buhar g\u00fcc\u00fc, en zorlu k\u0131r\u0131\u015f\u0131kl\u0131klar\u0131 bile h\u0131zl\u0131ca a\u00e7arken,&#8230;<\/p>\n","protected":false},"featured_media":118229,"comment_status":"open","ping_status":"closed","template":"","meta":{"_kad_post_transparent":"","_kad_post_title":"","_kad_post_layout":"","_kad_post_sidebar_id":"","_kad_post_content_style":"","_kad_post_vertical_padding":"","_kad_post_feature":"","_kad_post_feature_position":"","_kad_post_header":false,"_kad_post_footer":false,"_kad_post_classname":""},"product_brand":[],"product_cat":[15035],"product_tag":[],"class_list":{"0":"post-118230","1":"product","2":"type-product","3":"status-publish","4":"has-post-thumbnail","6":"product_cat-buharli-utu-buharli-utu","8":"first","9":"instock","10":"purchasable","11":"product-type-simple","12":"entry","13":"content-bg","14":"loop-entry"},"_links":{"self":[{"href":"https:\/\/www.hediyepazar.com\/index.php?rest_route=\/wp\/v2\/product\/118230","targetHints":{"allow":["GET"]}}],"collection":[{"href":"https:\/\/www.hediyepazar.com\/index.php?rest_route=\/wp\/v2\/product"}],"about":[{"href":"https:\/\/www.hediyepazar.com\/index.php?rest_route=\/wp\/v2\/types\/product"}],"replies":[{"embeddable":true,"href":"https:\/\/www.hediyepazar.com\/index.php?rest_route=%2Fwp%2Fv2%2Fcomments&post=118230"}],"wp:featuredmedia":[{"embeddable":true,"href":"https:\/\/www.hediyepazar.com\/index.php?rest_route=\/wp\/v2\/media\/118229"}],"wp:attachment":[{"href":"https:\/\/www.hediyepazar.com\/index.php?rest_route=%2Fwp%2Fv2%2Fmedia&parent=118230"}],"wp:term":[{"taxonomy":"product_brand","embeddable":true,"href":"https:\/\/www.hediyepazar.com\/index.php?rest_route=%2Fwp%2Fv2%2Fproduct_brand&post=118230"},{"taxonomy":"product_cat","embeddable":true,"href":"https:\/\/www.hediyepazar.com\/index.php?rest_route=%2Fwp%2Fv2%2Fproduct_cat&post=118230"},{"taxonomy":"product_tag","embeddable":true,"href":"https:\/\/www.hediyepazar.com\/index.php?rest_route=%2Fwp%2Fv2%2Fproduct_tag&post=118230"}],"curies":[{"name":"wp","href":"https:\/\/api.w.org\/{rel}","templated":true}]}}