{"id":118262,"date":"2026-05-05T22:00:20","date_gmt":"2026-05-06T01:00:20","guid":{"rendered":"https:\/\/www.hediyepazar.com\/?product=dijital-masa-saati"},"modified":"2026-05-05T22:00:20","modified_gmt":"2026-05-06T01:00:20","slug":"dijital-masa-saati","status":"publish","type":"product","link":"https:\/\/www.hediyepazar.com\/?product=dijital-masa-saati","title":{"rendered":"D\u0130J\u0130TAL MASA SAAT\u0130"},"content":{"rendered":"<p>Pratik kullan\u0131m\u0131 ve \u015f\u0131k tasar\u0131m\u0131yla \u00f6ne \u00e7\u0131kan bu dijital masa saati, her an\u0131 planlaman\u0131za yard\u0131mc\u0131 olmak i\u00e7in ideal bir \u00e7\u00f6z\u00fcmd\u00fcr. B\u00fcy\u00fck LCD ekran\u0131 sayesinde saati, tarihi ve s\u0131cakl\u0131k bilgilerini rahatl\u0131kla takip edebilirsiniz. Kararm\u0131\u015f ortamlarda dahi ekran\u0131n otomatik olarak ayd\u0131nlanmas\u0131, saatin her ko\u015fulda net bir \u015fekilde g\u00f6r\u00fcnmesini sa\u011flar. 6 saniye sonra kendili\u011finden s\u00f6nen \u0131\u015f\u0131k \u00f6zelli\u011fi, g\u00f6zlerinizi rahats\u0131z etmeden enerji tasarrufu sa\u011flar.Alarm fonksiyonu sayesinde sabahlar\u0131 rahat\u00e7a uyanabilir, g\u00fcne din\u00e7 ba\u015flayabilirsiniz. Ayr\u0131ca, tarih ve ortam s\u0131cakl\u0131\u011f\u0131 bilgilerini ayn\u0131 anda g\u00f6r\u00fcnt\u00fcleyebilmeniz, g\u00fcnl\u00fck planlaman\u0131z\u0131 kolayla\u015ft\u0131r\u0131r. Kompakt ve \u015f\u0131k tasar\u0131m\u0131, ofis veya ev ortam\u0131nda rahatl\u0131kla kullan\u0131lmas\u0131n\u0131 sa\u011flar.\u00dcr\u00fcn \u00f6l\u00e7\u00fcleri 4,3 x 15,1 x 7,7 cm olup, 3 adet AA pil ile \u00e7al\u0131\u015f\u0131r (piller dahil de\u011fildir). Paket i\u00e7eri\u011finde bir adet dijital masa saati bulunmaktad\u0131r. Hem estetik hem de fonksiyonel \u00f6zellikleri ile hayat\u0131n\u0131za pratiklik katacak bu saat, g\u00fcnl\u00fck kullan\u0131m i\u00e7in m\u00fckemmel bir tercihtir.<\/p>\n","protected":false},"excerpt":{"rendered":"<p>Pratik kullan\u0131m\u0131 ve \u015f\u0131k tasar\u0131m\u0131yla \u00f6ne \u00e7\u0131kan bu dijital masa saati, her an\u0131 planlaman\u0131za yard\u0131mc\u0131 olmak i\u00e7in ideal bir \u00e7\u00f6z\u00fcmd\u00fcr. B\u00fcy\u00fck LCD ekran\u0131 sayesinde saati, tarihi ve s\u0131cakl\u0131k bilgilerini rahatl\u0131kla takip edebilirsiniz. Kararm\u0131\u015f ortamlarda dahi ekran\u0131n otomatik olarak ayd\u0131nlanmas\u0131, saatin her ko\u015fulda net bir \u015fekilde g\u00f6r\u00fcnmesini sa\u011flar. 6 saniye sonra kendili\u011finden s\u00f6nen \u0131\u015f\u0131k \u00f6zelli\u011fi, g\u00f6zlerinizi&#8230;<\/p>\n","protected":false},"featured_media":118261,"comment_status":"open","ping_status":"closed","template":"","meta":{"_kad_post_transparent":"","_kad_post_title":"","_kad_post_layout":"","_kad_post_sidebar_id":"","_kad_post_content_style":"","_kad_post_vertical_padding":"","_kad_post_feature":"","_kad_post_feature_position":"","_kad_post_header":false,"_kad_post_footer":false,"_kad_post_classname":""},"product_brand":[],"product_cat":[15038],"product_tag":[],"class_list":{"0":"post-118262","1":"product","2":"type-product","3":"status-publish","4":"has-post-thumbnail","6":"product_cat-masa-saati-masa-saati","8":"first","9":"instock","10":"purchasable","11":"product-type-simple","12":"entry","13":"content-bg","14":"loop-entry"},"_links":{"self":[{"href":"https:\/\/www.hediyepazar.com\/index.php?rest_route=\/wp\/v2\/product\/118262","targetHints":{"allow":["GET"]}}],"collection":[{"href":"https:\/\/www.hediyepazar.com\/index.php?rest_route=\/wp\/v2\/product"}],"about":[{"href":"https:\/\/www.hediyepazar.com\/index.php?rest_route=\/wp\/v2\/types\/product"}],"replies":[{"embeddable":true,"href":"https:\/\/www.hediyepazar.com\/index.php?rest_route=%2Fwp%2Fv2%2Fcomments&post=118262"}],"wp:featuredmedia":[{"embeddable":true,"href":"https:\/\/www.hediyepazar.com\/index.php?rest_route=\/wp\/v2\/media\/118261"}],"wp:attachment":[{"href":"https:\/\/www.hediyepazar.com\/index.php?rest_route=%2Fwp%2Fv2%2Fmedia&parent=118262"}],"wp:term":[{"taxonomy":"product_brand","embeddable":true,"href":"https:\/\/www.hediyepazar.com\/index.php?rest_route=%2Fwp%2Fv2%2Fproduct_brand&post=118262"},{"taxonomy":"product_cat","embeddable":true,"href":"https:\/\/www.hediyepazar.com\/index.php?rest_route=%2Fwp%2Fv2%2Fproduct_cat&post=118262"},{"taxonomy":"product_tag","embeddable":true,"href":"https:\/\/www.hediyepazar.com\/index.php?rest_route=%2Fwp%2Fv2%2Fproduct_tag&post=118262"}],"curies":[{"name":"wp","href":"https:\/\/api.w.org\/{rel}","templated":true}]}}