{"id":118274,"date":"2026-05-05T22:02:58","date_gmt":"2026-05-06T01:02:58","guid":{"rendered":"https:\/\/www.hediyepazar.com\/?product=para-sacma-tabancasi-kirmizi-para-firlatma-oyuncagi-parti-eglencesi-2"},"modified":"2026-05-05T22:02:58","modified_gmt":"2026-05-06T01:02:58","slug":"para-sacma-tabancasi-kirmizi-para-firlatma-oyuncagi-parti-eglencesi-2","status":"publish","type":"product","link":"https:\/\/www.hediyepazar.com\/?product=para-sacma-tabancasi-kirmizi-para-firlatma-oyuncagi-parti-eglencesi-2","title":{"rendered":"Para Sa\u00e7ma Tabancas\u0131 K\u0131rm\u0131z\u0131 Para F\u0131rlatma Oyunca\u011f\u0131 Parti E\u011flencesi"},"content":{"rendered":"<p>Oyun saatlerine hareket ve e\u011flence katan bu para sa\u00e7ma oyunca\u011f\u0131, dinamik tasar\u0131m\u0131 ve renkli g\u00f6r\u00fcn\u00fcm\u00fcyle dikkat \u00e7ekerken, ayn\u0131 zamanda motor becerileri ve refleks geli\u015fimini destekleyen bir yap\u0131ya sahiptir. 6 ya\u015f ve \u00fczeri kullan\u0131c\u0131lar i\u00e7in uygun olan \u00fcr\u00fcn, odaklanma, el-g\u00f6z koordinasyonu ve h\u0131zl\u0131 tepki verme yeteneklerini geli\u015ftirmeye yard\u0131mc\u0131 olur. Renkli k\u00e2\u011f\u0131tlar\u0131 e\u011flenceli bir \u015fekilde f\u0131rlatabilen mekanizmas\u0131 sayesinde ger\u00e7ek\u00e7i ve interaktif bir oyun deneyimi sunar.A\u00e7\u0131k hava etkinlikleri, do\u011fum g\u00fcn\u00fc kutlamalar\u0131 ya da i\u00e7 mek\u00e2n aktivitelerinde kullan\u0131labilir; bireysel ya da grup halinde oynanarak sosyalle\u015fmeyi ve etkile\u015fimi destekler. Hafif yap\u0131s\u0131 ve ergonomik tasar\u0131m\u0131 sayesinde kolay ta\u015f\u0131n\u0131r ve pratik bir \u015fekilde kullan\u0131labilir. Dayan\u0131kl\u0131 malzemesi uzun s\u00fcreli kullan\u0131m imk\u00e2n\u0131 sunarken, g\u00fcvenlik detaylar\u0131 da \u00f6n planda tutulmu\u015ftur.Hayal g\u00fcc\u00fcn\u00fc besleyen yap\u0131s\u0131yla oyunlara farkl\u0131 bir boyut kazand\u0131ran bu e\u011flenceli oyuncak, ister bireysel ister grup aktivitelerinde keyifli anlar yaratmak isteyen herkes i\u00e7in ideal bir tercihtir.<\/p>\n","protected":false},"excerpt":{"rendered":"<p>Oyun saatlerine hareket ve e\u011flence katan bu para sa\u00e7ma oyunca\u011f\u0131, dinamik tasar\u0131m\u0131 ve renkli g\u00f6r\u00fcn\u00fcm\u00fcyle dikkat \u00e7ekerken, ayn\u0131 zamanda motor becerileri ve refleks geli\u015fimini destekleyen bir yap\u0131ya sahiptir. 6 ya\u015f ve \u00fczeri kullan\u0131c\u0131lar i\u00e7in uygun olan \u00fcr\u00fcn, odaklanma, el-g\u00f6z koordinasyonu ve h\u0131zl\u0131 tepki verme yeteneklerini geli\u015ftirmeye yard\u0131mc\u0131 olur. Renkli k\u00e2\u011f\u0131tlar\u0131 e\u011flenceli bir \u015fekilde f\u0131rlatabilen mekanizmas\u0131&#8230;<\/p>\n","protected":false},"featured_media":118273,"comment_status":"open","ping_status":"closed","template":"","meta":{"_kad_post_transparent":"","_kad_post_title":"","_kad_post_layout":"","_kad_post_sidebar_id":"","_kad_post_content_style":"","_kad_post_vertical_padding":"","_kad_post_feature":"","_kad_post_feature_position":"","_kad_post_header":false,"_kad_post_footer":false,"_kad_post_classname":""},"product_brand":[],"product_cat":[15040],"product_tag":[],"class_list":{"0":"post-118274","1":"product","2":"type-product","3":"status-publish","4":"has-post-thumbnail","6":"product_cat-parti-maskesi-ve-gozlugu-parti-maskesi-ve-gozlugu","8":"first","9":"instock","10":"purchasable","11":"product-type-simple","12":"entry","13":"content-bg","14":"loop-entry"},"_links":{"self":[{"href":"https:\/\/www.hediyepazar.com\/index.php?rest_route=\/wp\/v2\/product\/118274","targetHints":{"allow":["GET"]}}],"collection":[{"href":"https:\/\/www.hediyepazar.com\/index.php?rest_route=\/wp\/v2\/product"}],"about":[{"href":"https:\/\/www.hediyepazar.com\/index.php?rest_route=\/wp\/v2\/types\/product"}],"replies":[{"embeddable":true,"href":"https:\/\/www.hediyepazar.com\/index.php?rest_route=%2Fwp%2Fv2%2Fcomments&post=118274"}],"wp:featuredmedia":[{"embeddable":true,"href":"https:\/\/www.hediyepazar.com\/index.php?rest_route=\/wp\/v2\/media\/118273"}],"wp:attachment":[{"href":"https:\/\/www.hediyepazar.com\/index.php?rest_route=%2Fwp%2Fv2%2Fmedia&parent=118274"}],"wp:term":[{"taxonomy":"product_brand","embeddable":true,"href":"https:\/\/www.hediyepazar.com\/index.php?rest_route=%2Fwp%2Fv2%2Fproduct_brand&post=118274"},{"taxonomy":"product_cat","embeddable":true,"href":"https:\/\/www.hediyepazar.com\/index.php?rest_route=%2Fwp%2Fv2%2Fproduct_cat&post=118274"},{"taxonomy":"product_tag","embeddable":true,"href":"https:\/\/www.hediyepazar.com\/index.php?rest_route=%2Fwp%2Fv2%2Fproduct_tag&post=118274"}],"curies":[{"name":"wp","href":"https:\/\/api.w.org\/{rel}","templated":true}]}}