{"id":118300,"date":"2026-05-05T22:06:04","date_gmt":"2026-05-06T01:06:04","guid":{"rendered":"https:\/\/www.hediyepazar.com\/?product=hediyelik-zarif-model-siyah-benzinli-cakmak"},"modified":"2026-05-05T22:06:04","modified_gmt":"2026-05-06T01:06:04","slug":"hediyelik-zarif-model-siyah-benzinli-cakmak","status":"publish","type":"product","link":"https:\/\/www.hediyepazar.com\/?product=hediyelik-zarif-model-siyah-benzinli-cakmak","title":{"rendered":"Hediyelik Zarif Model Siyah Benzinli \u00c7akmak"},"content":{"rendered":"<p>Bu \u00f6zel tasar\u0131m \u00e7akmak, modern \u00e7izgileri ve zamans\u0131z duru\u015fuyla sadece bir kullan\u0131m arac\u0131 de\u011fil, ayn\u0131 zamanda karakterinizi yans\u0131tan \u015f\u0131k bir aksesuard\u0131r. G\u00fcnl\u00fck hayat\u0131n\u0131zda stilinize g\u00fc\u00e7l\u00fc bir dokunu\u015f katarken, sa\u011flam yap\u0131s\u0131 ve kaliteli malzemesi ile uzun \u00f6m\u00fcrl\u00fc bir kullan\u0131m sunar.Mat metal y\u00fczeyiyle hem minimal hem de g\u00f6z al\u0131c\u0131 bir g\u00f6r\u00fcn\u00fcme sahip olan bu \u00e7akmak, her ortamda kendini belli eden bir \u015f\u0131kl\u0131k sunar. Ergonomik tasar\u0131m\u0131 sayesinde elde kolayca kavran\u0131r ve konforlu bir kullan\u0131m sa\u011flar. Her detay\u0131nda \u00f6zenle i\u015flenmi\u015f bu \u00fcr\u00fcn, s\u0131radanl\u0131ktan uzak, \u00f6zg\u00fcn tasar\u0131m\u0131yla dikkat \u00e7eker.\u0130ster masa ba\u015f\u0131nda, ister a\u00e7\u0131k hava etkinliklerinde, ister hediye olarak; bu \u00e7akmak her zaman yan\u0131n\u0131zda ta\u015f\u0131yabilece\u011finiz zarif ve kullan\u0131\u015fl\u0131 bir par\u00e7ad\u0131r. G\u00fcvenlik nedeniyle yak\u0131t\u0131 olmadan g\u00f6nderilir, b\u00f6ylece ilk kullan\u0131m\u0131 siz ki\u015fiselle\u015ftirirsiniz. Bu k\u00fc\u00e7\u00fck dokunu\u015f, \u00e7akma\u011f\u0131n\u0131z\u0131 yaln\u0131zca size ait hale getirir.Estetik ve i\u015flevselli\u011fi bir arada arayanlar i\u00e7in ideal olan bu \u00fcr\u00fcn, her k\u0131v\u0131lc\u0131mda sizi yans\u0131tan bir hik\u00e2yenin par\u00e7as\u0131 olacak.<\/p>\n","protected":false},"excerpt":{"rendered":"<p>Bu \u00f6zel tasar\u0131m \u00e7akmak, modern \u00e7izgileri ve zamans\u0131z duru\u015fuyla sadece bir kullan\u0131m arac\u0131 de\u011fil, ayn\u0131 zamanda karakterinizi yans\u0131tan \u015f\u0131k bir aksesuard\u0131r. G\u00fcnl\u00fck hayat\u0131n\u0131zda stilinize g\u00fc\u00e7l\u00fc bir dokunu\u015f katarken, sa\u011flam yap\u0131s\u0131 ve kaliteli malzemesi ile uzun \u00f6m\u00fcrl\u00fc bir kullan\u0131m sunar.Mat metal y\u00fczeyiyle hem minimal hem de g\u00f6z al\u0131c\u0131 bir g\u00f6r\u00fcn\u00fcme sahip olan bu \u00e7akmak, her ortamda&#8230;<\/p>\n","protected":false},"featured_media":118299,"comment_status":"open","ping_status":"closed","template":"","meta":{"_kad_post_transparent":"","_kad_post_title":"","_kad_post_layout":"","_kad_post_sidebar_id":"","_kad_post_content_style":"","_kad_post_vertical_padding":"","_kad_post_feature":"","_kad_post_feature_position":"","_kad_post_header":false,"_kad_post_footer":false,"_kad_post_classname":""},"product_brand":[],"product_cat":[15042],"product_tag":[],"class_list":{"0":"post-118300","1":"product","2":"type-product","3":"status-publish","4":"has-post-thumbnail","6":"product_cat-benzinli-cakmak-benzinli-cakmak","8":"first","9":"instock","10":"purchasable","11":"product-type-simple","12":"entry","13":"content-bg","14":"loop-entry"},"_links":{"self":[{"href":"https:\/\/www.hediyepazar.com\/index.php?rest_route=\/wp\/v2\/product\/118300","targetHints":{"allow":["GET"]}}],"collection":[{"href":"https:\/\/www.hediyepazar.com\/index.php?rest_route=\/wp\/v2\/product"}],"about":[{"href":"https:\/\/www.hediyepazar.com\/index.php?rest_route=\/wp\/v2\/types\/product"}],"replies":[{"embeddable":true,"href":"https:\/\/www.hediyepazar.com\/index.php?rest_route=%2Fwp%2Fv2%2Fcomments&post=118300"}],"wp:featuredmedia":[{"embeddable":true,"href":"https:\/\/www.hediyepazar.com\/index.php?rest_route=\/wp\/v2\/media\/118299"}],"wp:attachment":[{"href":"https:\/\/www.hediyepazar.com\/index.php?rest_route=%2Fwp%2Fv2%2Fmedia&parent=118300"}],"wp:term":[{"taxonomy":"product_brand","embeddable":true,"href":"https:\/\/www.hediyepazar.com\/index.php?rest_route=%2Fwp%2Fv2%2Fproduct_brand&post=118300"},{"taxonomy":"product_cat","embeddable":true,"href":"https:\/\/www.hediyepazar.com\/index.php?rest_route=%2Fwp%2Fv2%2Fproduct_cat&post=118300"},{"taxonomy":"product_tag","embeddable":true,"href":"https:\/\/www.hediyepazar.com\/index.php?rest_route=%2Fwp%2Fv2%2Fproduct_tag&post=118300"}],"curies":[{"name":"wp","href":"https:\/\/api.w.org\/{rel}","templated":true}]}}