{"id":118302,"date":"2026-05-05T22:06:09","date_gmt":"2026-05-06T01:06:09","guid":{"rendered":"https:\/\/www.hediyepazar.com\/?product=cakmak-parlak-siyah-doldurulabilir-hedyelik-esya"},"modified":"2026-05-05T22:06:09","modified_gmt":"2026-05-06T01:06:09","slug":"cakmak-parlak-siyah-doldurulabilir-hedyelik-esya","status":"publish","type":"product","link":"https:\/\/www.hediyepazar.com\/?product=cakmak-parlak-siyah-doldurulabilir-hedyelik-esya","title":{"rendered":"\u00c7akmak Parlak Siyah Doldurulabilir Hedyelik E\u015fya"},"content":{"rendered":"<p>Bu zarif tasar\u0131ml\u0131 \u00e7akmak, yaln\u0131zca fonksiyonel bir ara\u00e7 de\u011fil, ayn\u0131 zamanda tarz\u0131n\u0131z\u0131 ve karakterinizi yans\u0131tan \u00f6zel bir aksesuard\u0131r. G\u00fcnl\u00fck ya\u015fant\u0131n\u0131zda hem i\u015flevselli\u011fi hem de estetik duru\u015fu bir arada sunar. Kaliteli malzemelerle ve titiz i\u015f\u00e7ilikle haz\u0131rlanan bu \u00e7akmak, detaylardaki \u00f6zen ile dikkat \u00e7eker. Her biri zanaatk\u00e2rlar\u0131m\u0131z\u0131n usta ellerinde, y\u00fcksek kalite standartlar\u0131 g\u00f6zetilerek \u00f6zenle \u00fcretilir.Deri kaplama ile b\u00fct\u00fcnle\u015fen \u00e7akmak g\u00f6vdesi, her dokunu\u015fta l\u00fcks bir hissiyat uyand\u0131r\u0131r. Sadece sigara ya da mum yakmakla kalmaz; ayn\u0131 zamanda stilinize zarif bir katk\u0131 sunar. Derinin do\u011fal dokusu ve zamana meydan okuyan tasar\u0131m\u0131, bu \u00fcr\u00fcn\u00fc her an yan\u0131n\u0131zda ta\u015f\u0131mak isteyece\u011finiz sofistike bir par\u00e7aya d\u00f6n\u00fc\u015ft\u00fcr\u00fcr.Bu \u00e7akma\u011f\u0131n en \u00f6zel yanlar\u0131ndan biri, deri kaplaman\u0131n i\u00e7indeki \u00e7akma\u011f\u0131n hediye olarak sunulmas\u0131d\u0131r. Bu hediye, sadece bir aksesuar de\u011fil; ayn\u0131 zamanda stilinizi tamamlayan, sizi her kullan\u0131mda mutlu edecek anlaml\u0131 bir hat\u0131rad\u0131r. G\u00fcvenlik \u00f6nlemleri do\u011frultusunda \u00e7akmaklar benzinsiz g\u00f6nderilmektedir, bu nedenle ilk dolumu sizin yapman\u0131z gerekir. Bu k\u00fc\u00e7\u00fck detay, \u00e7akma\u011f\u0131n\u0131z\u0131 tamamen ki\u015fiselle\u015ftirmeniz i\u00e7in bir f\u0131rsatt\u0131r.Watchofroyal\u2019\u0131n \u015f\u0131kl\u0131\u011f\u0131 ve zarif dokunu\u015fuyla, bu \u00fcr\u00fcn hayat\u0131n\u0131za de\u011fer katmak \u00fczere tasarland\u0131. Her k\u0131v\u0131lc\u0131m, size \u00f6zel bir deneyimin ba\u015flang\u0131c\u0131n\u0131 simgeler. G\u00fcnl\u00fck kullan\u0131mda ya da \u00f6zel anlar\u0131n\u0131zda her zaman yan\u0131n\u0131zda ta\u015f\u0131yaca\u011f\u0131n\u0131z, anlam\u0131 olan bir e\u015fya ar\u0131yorsan\u0131z, bu \u00e7akmak tam size g\u00f6re.<\/p>\n","protected":false},"excerpt":{"rendered":"<p>Bu zarif tasar\u0131ml\u0131 \u00e7akmak, yaln\u0131zca fonksiyonel bir ara\u00e7 de\u011fil, ayn\u0131 zamanda tarz\u0131n\u0131z\u0131 ve karakterinizi yans\u0131tan \u00f6zel bir aksesuard\u0131r. G\u00fcnl\u00fck ya\u015fant\u0131n\u0131zda hem i\u015flevselli\u011fi hem de estetik duru\u015fu bir arada sunar. Kaliteli malzemelerle ve titiz i\u015f\u00e7ilikle haz\u0131rlanan bu \u00e7akmak, detaylardaki \u00f6zen ile dikkat \u00e7eker. Her biri zanaatk\u00e2rlar\u0131m\u0131z\u0131n usta ellerinde, y\u00fcksek kalite standartlar\u0131 g\u00f6zetilerek \u00f6zenle \u00fcretilir.Deri kaplama ile&#8230;<\/p>\n","protected":false},"featured_media":118301,"comment_status":"open","ping_status":"closed","template":"","meta":{"_kad_post_transparent":"","_kad_post_title":"","_kad_post_layout":"","_kad_post_sidebar_id":"","_kad_post_content_style":"","_kad_post_vertical_padding":"","_kad_post_feature":"","_kad_post_feature_position":"","_kad_post_header":false,"_kad_post_footer":false,"_kad_post_classname":""},"product_brand":[],"product_cat":[15042],"product_tag":[],"class_list":{"0":"post-118302","1":"product","2":"type-product","3":"status-publish","4":"has-post-thumbnail","6":"product_cat-benzinli-cakmak-benzinli-cakmak","8":"first","9":"instock","10":"purchasable","11":"product-type-simple","12":"entry","13":"content-bg","14":"loop-entry"},"_links":{"self":[{"href":"https:\/\/www.hediyepazar.com\/index.php?rest_route=\/wp\/v2\/product\/118302","targetHints":{"allow":["GET"]}}],"collection":[{"href":"https:\/\/www.hediyepazar.com\/index.php?rest_route=\/wp\/v2\/product"}],"about":[{"href":"https:\/\/www.hediyepazar.com\/index.php?rest_route=\/wp\/v2\/types\/product"}],"replies":[{"embeddable":true,"href":"https:\/\/www.hediyepazar.com\/index.php?rest_route=%2Fwp%2Fv2%2Fcomments&post=118302"}],"wp:featuredmedia":[{"embeddable":true,"href":"https:\/\/www.hediyepazar.com\/index.php?rest_route=\/wp\/v2\/media\/118301"}],"wp:attachment":[{"href":"https:\/\/www.hediyepazar.com\/index.php?rest_route=%2Fwp%2Fv2%2Fmedia&parent=118302"}],"wp:term":[{"taxonomy":"product_brand","embeddable":true,"href":"https:\/\/www.hediyepazar.com\/index.php?rest_route=%2Fwp%2Fv2%2Fproduct_brand&post=118302"},{"taxonomy":"product_cat","embeddable":true,"href":"https:\/\/www.hediyepazar.com\/index.php?rest_route=%2Fwp%2Fv2%2Fproduct_cat&post=118302"},{"taxonomy":"product_tag","embeddable":true,"href":"https:\/\/www.hediyepazar.com\/index.php?rest_route=%2Fwp%2Fv2%2Fproduct_tag&post=118302"}],"curies":[{"name":"wp","href":"https:\/\/api.w.org\/{rel}","templated":true}]}}