{"id":118308,"date":"2026-05-05T22:08:04","date_gmt":"2026-05-06T01:08:04","guid":{"rendered":"https:\/\/www.hediyepazar.com\/?product=mini-tasinabilir-kalici-oje-jel-tirnak-kurutucu-fototerapi-makinesi-2"},"modified":"2026-05-05T22:08:04","modified_gmt":"2026-05-06T01:08:04","slug":"mini-tasinabilir-kalici-oje-jel-tirnak-kurutucu-fototerapi-makinesi-2","status":"publish","type":"product","link":"https:\/\/www.hediyepazar.com\/?product=mini-tasinabilir-kalici-oje-jel-tirnak-kurutucu-fototerapi-makinesi-2","title":{"rendered":"Mini Ta\u015f\u0131nabilir Kal\u0131c\u0131 Oje Jel T\u0131rnak Kurutucu Fototerapi Makinesi"},"content":{"rendered":"<p>Kompakt ve hafif tasar\u0131m\u0131 sayesinde her yerde rahat\u00e7a ta\u015f\u0131nabilen bu oje kurutma cihaz\u0131, 16 watt g\u00fcc\u00fcndeki LED \u0131\u015f\u0131klar\u0131 ile h\u0131zl\u0131 ve etkili kuruma sa\u011flar. \u00dc\u00e7 adet LED \u0131\u015f\u0131\u011f\u0131, ojelerinizi e\u015fit \u015fekilde kurutarak her a\u00e7\u0131dan m\u00fckemmel sonu\u00e7lar elde etmenizi sa\u011flar. UV LED teknolojisi, ojenizin uzun s\u00fcre dayanmas\u0131n\u0131 ve parlak g\u00f6r\u00fcnmesini desteklerken, t\u0131rnaklar\u0131n\u0131za zarar vermez.Cihaz, kullan\u0131m talimatlar\u0131na uygun \u015fekilde parma\u011f\u0131n\u0131za dikkat etmeniz gereken g\u00fcvenli bir kullan\u0131m deneyimi sunar. Ta\u015f\u0131nabilirli\u011fi ve etkili performans\u0131yla, evde veya seyahatte m\u00fckemmel t\u0131rnak bak\u0131m\u0131 yapman\u0131z\u0131 sa\u011flar. H\u0131zl\u0131 ve pratik \u00e7\u00f6z\u00fcm arayanlar i\u00e7in ideal bir cihazd\u0131r.<\/p>\n","protected":false},"excerpt":{"rendered":"<p>Kompakt ve hafif tasar\u0131m\u0131 sayesinde her yerde rahat\u00e7a ta\u015f\u0131nabilen bu oje kurutma cihaz\u0131, 16 watt g\u00fcc\u00fcndeki LED \u0131\u015f\u0131klar\u0131 ile h\u0131zl\u0131 ve etkili kuruma sa\u011flar. \u00dc\u00e7 adet LED \u0131\u015f\u0131\u011f\u0131, ojelerinizi e\u015fit \u015fekilde kurutarak her a\u00e7\u0131dan m\u00fckemmel sonu\u00e7lar elde etmenizi sa\u011flar. UV LED teknolojisi, ojenizin uzun s\u00fcre dayanmas\u0131n\u0131 ve parlak g\u00f6r\u00fcnmesini desteklerken, t\u0131rnaklar\u0131n\u0131za zarar vermez.Cihaz, kullan\u0131m talimatlar\u0131na&#8230;<\/p>\n","protected":false},"featured_media":118307,"comment_status":"open","ping_status":"closed","template":"","meta":{"_kad_post_transparent":"","_kad_post_title":"","_kad_post_layout":"","_kad_post_sidebar_id":"","_kad_post_content_style":"","_kad_post_vertical_padding":"","_kad_post_feature":"","_kad_post_feature_position":"","_kad_post_header":false,"_kad_post_footer":false,"_kad_post_classname":""},"product_brand":[],"product_cat":[15044],"product_tag":[],"class_list":{"0":"post-118308","1":"product","2":"type-product","3":"status-publish","4":"has-post-thumbnail","6":"product_cat-oje-kurutucu-oje-kurutucu","8":"first","9":"instock","10":"purchasable","11":"product-type-simple","12":"entry","13":"content-bg","14":"loop-entry"},"_links":{"self":[{"href":"https:\/\/www.hediyepazar.com\/index.php?rest_route=\/wp\/v2\/product\/118308","targetHints":{"allow":["GET"]}}],"collection":[{"href":"https:\/\/www.hediyepazar.com\/index.php?rest_route=\/wp\/v2\/product"}],"about":[{"href":"https:\/\/www.hediyepazar.com\/index.php?rest_route=\/wp\/v2\/types\/product"}],"replies":[{"embeddable":true,"href":"https:\/\/www.hediyepazar.com\/index.php?rest_route=%2Fwp%2Fv2%2Fcomments&post=118308"}],"wp:featuredmedia":[{"embeddable":true,"href":"https:\/\/www.hediyepazar.com\/index.php?rest_route=\/wp\/v2\/media\/118307"}],"wp:attachment":[{"href":"https:\/\/www.hediyepazar.com\/index.php?rest_route=%2Fwp%2Fv2%2Fmedia&parent=118308"}],"wp:term":[{"taxonomy":"product_brand","embeddable":true,"href":"https:\/\/www.hediyepazar.com\/index.php?rest_route=%2Fwp%2Fv2%2Fproduct_brand&post=118308"},{"taxonomy":"product_cat","embeddable":true,"href":"https:\/\/www.hediyepazar.com\/index.php?rest_route=%2Fwp%2Fv2%2Fproduct_cat&post=118308"},{"taxonomy":"product_tag","embeddable":true,"href":"https:\/\/www.hediyepazar.com\/index.php?rest_route=%2Fwp%2Fv2%2Fproduct_tag&post=118308"}],"curies":[{"name":"wp","href":"https:\/\/api.w.org\/{rel}","templated":true}]}}