{"id":118318,"date":"2026-05-05T22:10:09","date_gmt":"2026-05-06T01:10:09","guid":{"rendered":"https:\/\/www.hediyepazar.com\/?product=t01-lamba"},"modified":"2026-05-05T22:10:09","modified_gmt":"2026-05-06T01:10:09","slug":"t01-lamba","status":"publish","type":"product","link":"https:\/\/www.hediyepazar.com\/?product=t01-lamba","title":{"rendered":"T01 LAMBA"},"content":{"rendered":"<p>Bu modern ve zarif tasar\u0131ma sahip LED masa lambas\u0131, hem dekoratif hem de fonksiyonel bir ayd\u0131nlatma \u00e7\u00f6z\u00fcm\u00fc sunar. Minimalist yap\u0131s\u0131 ve \u015f\u0131k \u00e7izgileriyle her t\u00fcr i\u00e7 mek\u00e2na uyum sa\u011flar, ofislerde, yatak odalar\u0131nda ya da oturma odalar\u0131nda rahatl\u0131kla kullan\u0131labilir. S\u0131cak beyaz ve so\u011fuk beyaz \u0131\u015f\u0131k se\u00e7enekleriyle, ihtiyac\u0131n\u0131za g\u00f6re ideal ayd\u0131nlatmay\u0131 ayarlayabilirsiniz.Geli\u015fmi\u015f dokunmatik kontrol \u00f6zelli\u011fi sayesinde \u0131\u015f\u0131k seviyesini rahat\u00e7a ayarlayabilir, parlakl\u0131k ve renk s\u0131cakl\u0131\u011f\u0131n\u0131 isteklerinize g\u00f6re \u00f6zelle\u015ftirebilirsiniz. Ergonomik tasar\u0131m\u0131, uzun s\u00fcreli kullan\u0131mda g\u00f6z yorgunlu\u011funu azalt\u0131rken, enerji verimli LED \u0131\u015f\u0131k teknolojisi sayesinde d\u00fc\u015f\u00fck enerji t\u00fcketimi sa\u011flar.USB ile \u015farj edilebilen bu masa lambas\u0131, kablosuz kullan\u0131m sunarak her ortamda kolayca ta\u015f\u0131nabilir. Hafif ve ta\u015f\u0131nabilir yap\u0131s\u0131, seyahatlerde de pratik bir kullan\u0131m imk\u00e2n\u0131 tan\u0131r. Hem i\u015f hem de ki\u015fisel kullan\u0131m i\u00e7in m\u00fckemmel olan bu lambay\u0131, hem ayd\u0131nlatma hem de dekoratif ama\u00e7larla tercih edebilirsiniz.<\/p>\n","protected":false},"excerpt":{"rendered":"<p>Bu modern ve zarif tasar\u0131ma sahip LED masa lambas\u0131, hem dekoratif hem de fonksiyonel bir ayd\u0131nlatma \u00e7\u00f6z\u00fcm\u00fc sunar. Minimalist yap\u0131s\u0131 ve \u015f\u0131k \u00e7izgileriyle her t\u00fcr i\u00e7 mek\u00e2na uyum sa\u011flar, ofislerde, yatak odalar\u0131nda ya da oturma odalar\u0131nda rahatl\u0131kla kullan\u0131labilir. S\u0131cak beyaz ve so\u011fuk beyaz \u0131\u015f\u0131k se\u00e7enekleriyle, ihtiyac\u0131n\u0131za g\u00f6re ideal ayd\u0131nlatmay\u0131 ayarlayabilirsiniz.Geli\u015fmi\u015f dokunmatik kontrol \u00f6zelli\u011fi sayesinde \u0131\u015f\u0131k&#8230;<\/p>\n","protected":false},"featured_media":118317,"comment_status":"open","ping_status":"closed","template":"","meta":{"_kad_post_transparent":"","_kad_post_title":"","_kad_post_layout":"","_kad_post_sidebar_id":"","_kad_post_content_style":"","_kad_post_vertical_padding":"","_kad_post_feature":"","_kad_post_feature_position":"","_kad_post_header":false,"_kad_post_footer":false,"_kad_post_classname":""},"product_brand":[],"product_cat":[14977],"product_tag":[],"class_list":{"0":"post-118318","1":"product","2":"type-product","3":"status-publish","4":"has-post-thumbnail","6":"product_cat-kamp-lambasi-kamp-lambasi","8":"first","9":"instock","10":"purchasable","11":"product-type-simple","12":"entry","13":"content-bg","14":"loop-entry"},"_links":{"self":[{"href":"https:\/\/www.hediyepazar.com\/index.php?rest_route=\/wp\/v2\/product\/118318","targetHints":{"allow":["GET"]}}],"collection":[{"href":"https:\/\/www.hediyepazar.com\/index.php?rest_route=\/wp\/v2\/product"}],"about":[{"href":"https:\/\/www.hediyepazar.com\/index.php?rest_route=\/wp\/v2\/types\/product"}],"replies":[{"embeddable":true,"href":"https:\/\/www.hediyepazar.com\/index.php?rest_route=%2Fwp%2Fv2%2Fcomments&post=118318"}],"wp:featuredmedia":[{"embeddable":true,"href":"https:\/\/www.hediyepazar.com\/index.php?rest_route=\/wp\/v2\/media\/118317"}],"wp:attachment":[{"href":"https:\/\/www.hediyepazar.com\/index.php?rest_route=%2Fwp%2Fv2%2Fmedia&parent=118318"}],"wp:term":[{"taxonomy":"product_brand","embeddable":true,"href":"https:\/\/www.hediyepazar.com\/index.php?rest_route=%2Fwp%2Fv2%2Fproduct_brand&post=118318"},{"taxonomy":"product_cat","embeddable":true,"href":"https:\/\/www.hediyepazar.com\/index.php?rest_route=%2Fwp%2Fv2%2Fproduct_cat&post=118318"},{"taxonomy":"product_tag","embeddable":true,"href":"https:\/\/www.hediyepazar.com\/index.php?rest_route=%2Fwp%2Fv2%2Fproduct_tag&post=118318"}],"curies":[{"name":"wp","href":"https:\/\/api.w.org\/{rel}","templated":true}]}}