{"id":118342,"date":"2026-05-05T22:14:40","date_gmt":"2026-05-06T01:14:40","guid":{"rendered":"https:\/\/www.hediyepazar.com\/?product=sarjli-aydinlatma-ampul-tasarimli-ambians-isik-askili-kamp-lambasi-2"},"modified":"2026-05-05T22:14:40","modified_gmt":"2026-05-06T01:14:40","slug":"sarjli-aydinlatma-ampul-tasarimli-ambians-isik-askili-kamp-lambasi-2","status":"publish","type":"product","link":"https:\/\/www.hediyepazar.com\/?product=sarjli-aydinlatma-ampul-tasarimli-ambians-isik-askili-kamp-lambasi-2","title":{"rendered":"\u015earjl\u0131 Ayd\u0131nlatma Ampul Tasar\u0131ml\u0131 Ambians I\u015f\u0131k Ask\u0131l\u0131 Kamp Lambas\u0131"},"content":{"rendered":"<p>Retro tasar\u0131ma sahip \u015farjl\u0131 LED ambiyans \u0131\u015f\u0131\u011f\u0131, klasik g\u00f6r\u00fcn\u00fcm\u00fcn\u00fc modern teknolojiyle birle\u015ftirerek hem estetik hem de i\u015flevsel bir ayd\u0131nlatma \u00e7\u00f6z\u00fcm\u00fc sunar. Y\u00fcksek parlakl\u0131kta LED fitili sayesinde geni\u015f bir alan\u0131 etkili \u015fekilde ayd\u0131nlat\u0131rken, yayd\u0131\u011f\u0131 s\u0131cak \u0131\u015f\u0131k tonu sayesinde bulundu\u011fu ortama ho\u015f ve samimi bir atmosfer katar. Kamp, bal\u0131k tutma, bah\u00e7e partileri veya acil durumlar i\u00e7in ideal olan bu \u0131\u015f\u0131k, ta\u015f\u0131nabilir yap\u0131s\u0131 sayesinde her an elinizin alt\u0131nda bulunur.Yerle\u015fik \u015farj edilebilir lityum pili uzun \u00f6m\u00fcrl\u00fc kullan\u0131m sa\u011flar ve TYPE-C \u015farj aray\u00fcz\u00fc ile h\u0131zl\u0131 ve pratik bir \u015fekilde \u015farj edilebilir. Pili de\u011fi\u015ftirmeye gerek kalmadan uzun s\u00fcreli kullan\u0131m imk\u00e2n\u0131 sunar. \u00dcr\u00fcn\u00fcn kuyruk k\u0131sm\u0131nda bulunan ask\u0131 kancas\u0131, y\u00fcksek yerlere kolayca as\u0131labilmesini sa\u011flayarak kullan\u0131m alan\u0131n\u0131 geni\u015fletir. Kamp \u00e7ad\u0131r\u0131nda, a\u011fa\u00e7 dallar\u0131nda ya da balkon k\u00f6\u015felerinde rahatl\u0131kla kullan\u0131labilir.Hem i\u015flevsel bir \u0131\u015f\u0131k kayna\u011f\u0131 hem de dekoratif bir unsur olan bu \u015farjl\u0131 ampul tasar\u0131ml\u0131 \u0131\u015f\u0131ldak, a\u00e7\u0131k hava aktivitelerinize nostaljik bir dokunu\u015f ve g\u00fcvenilir bir ayd\u0131nlatma sunar.<\/p>\n","protected":false},"excerpt":{"rendered":"<p>Retro tasar\u0131ma sahip \u015farjl\u0131 LED ambiyans \u0131\u015f\u0131\u011f\u0131, klasik g\u00f6r\u00fcn\u00fcm\u00fcn\u00fc modern teknolojiyle birle\u015ftirerek hem estetik hem de i\u015flevsel bir ayd\u0131nlatma \u00e7\u00f6z\u00fcm\u00fc sunar. Y\u00fcksek parlakl\u0131kta LED fitili sayesinde geni\u015f bir alan\u0131 etkili \u015fekilde ayd\u0131nlat\u0131rken, yayd\u0131\u011f\u0131 s\u0131cak \u0131\u015f\u0131k tonu sayesinde bulundu\u011fu ortama ho\u015f ve samimi bir atmosfer katar. Kamp, bal\u0131k tutma, bah\u00e7e partileri veya acil durumlar i\u00e7in ideal&#8230;<\/p>\n","protected":false},"featured_media":118341,"comment_status":"open","ping_status":"closed","template":"","meta":{"_kad_post_transparent":"","_kad_post_title":"","_kad_post_layout":"","_kad_post_sidebar_id":"","_kad_post_content_style":"","_kad_post_vertical_padding":"","_kad_post_feature":"","_kad_post_feature_position":"","_kad_post_header":false,"_kad_post_footer":false,"_kad_post_classname":""},"product_brand":[],"product_cat":[14977],"product_tag":[],"class_list":{"0":"post-118342","1":"product","2":"type-product","3":"status-publish","4":"has-post-thumbnail","6":"product_cat-kamp-lambasi-kamp-lambasi","8":"first","9":"instock","10":"purchasable","11":"product-type-simple","12":"entry","13":"content-bg","14":"loop-entry"},"_links":{"self":[{"href":"https:\/\/www.hediyepazar.com\/index.php?rest_route=\/wp\/v2\/product\/118342","targetHints":{"allow":["GET"]}}],"collection":[{"href":"https:\/\/www.hediyepazar.com\/index.php?rest_route=\/wp\/v2\/product"}],"about":[{"href":"https:\/\/www.hediyepazar.com\/index.php?rest_route=\/wp\/v2\/types\/product"}],"replies":[{"embeddable":true,"href":"https:\/\/www.hediyepazar.com\/index.php?rest_route=%2Fwp%2Fv2%2Fcomments&post=118342"}],"wp:featuredmedia":[{"embeddable":true,"href":"https:\/\/www.hediyepazar.com\/index.php?rest_route=\/wp\/v2\/media\/118341"}],"wp:attachment":[{"href":"https:\/\/www.hediyepazar.com\/index.php?rest_route=%2Fwp%2Fv2%2Fmedia&parent=118342"}],"wp:term":[{"taxonomy":"product_brand","embeddable":true,"href":"https:\/\/www.hediyepazar.com\/index.php?rest_route=%2Fwp%2Fv2%2Fproduct_brand&post=118342"},{"taxonomy":"product_cat","embeddable":true,"href":"https:\/\/www.hediyepazar.com\/index.php?rest_route=%2Fwp%2Fv2%2Fproduct_cat&post=118342"},{"taxonomy":"product_tag","embeddable":true,"href":"https:\/\/www.hediyepazar.com\/index.php?rest_route=%2Fwp%2Fv2%2Fproduct_tag&post=118342"}],"curies":[{"name":"wp","href":"https:\/\/api.w.org\/{rel}","templated":true}]}}