{"id":118428,"date":"2026-05-05T22:34:04","date_gmt":"2026-05-06T01:34:04","guid":{"rendered":"https:\/\/www.hediyepazar.com\/?product=paslanmaz-celik-bicakli-sinek-kaydi-tiras-makinesi-uzun-omurlu"},"modified":"2026-05-05T22:34:04","modified_gmt":"2026-05-06T01:34:04","slug":"paslanmaz-celik-bicakli-sinek-kaydi-tiras-makinesi-uzun-omurlu","status":"publish","type":"product","link":"https:\/\/www.hediyepazar.com\/?product=paslanmaz-celik-bicakli-sinek-kaydi-tiras-makinesi-uzun-omurlu","title":{"rendered":"Paslanmaz \u00c7elik B\u0131\u00e7akl\u0131 Sinek Kayd\u0131 T\u0131ra\u015f Makinesi Uzun \u00d6m\u00fcrl\u00fc"},"content":{"rendered":"<p>Profesyonel kullan\u0131c\u0131lar ve g\u00fcnl\u00fck t\u0131ra\u015f ihtiyac\u0131 olanlar i\u00e7in \u00f6zel olarak tasarlanm\u0131\u015f Paslanmaz \u00c7elik T-B\u0131\u00e7akl\u0131 V\u00fccut T\u0131ra\u015f Makinesi, ileri d\u00fczey lityum pil teknolojisi sayesinde tek \u015farjla 180 dakikaya kadar kesintisiz kullan\u0131m sunar. 2.5 saat gibi k\u0131sa bir s\u00fcrede tamamen \u015farj olan cihaz, yo\u011fun hayat temposuna sahip bireyler i\u00e7in zaman kazand\u0131r\u0131r. USB \u015farj giri\u015fi sayesinde powerbank, bilgisayar veya herhangi bir USB adapt\u00f6rle kolayl\u0131kla \u015farj edilebilir. Geni\u015f voltaj aral\u0131\u011f\u0131 (100-240V) ile yurtd\u0131\u015f\u0131nda da sorunsuzca kullan\u0131labilir. Sakal, sa\u00e7, ense ve v\u00fccut b\u00f6lgelerinde konforlu ve keskin bir t\u0131ra\u015f deneyimi i\u00e7in ideal bir tercihtir.<\/p>\n","protected":false},"excerpt":{"rendered":"<p>Profesyonel kullan\u0131c\u0131lar ve g\u00fcnl\u00fck t\u0131ra\u015f ihtiyac\u0131 olanlar i\u00e7in \u00f6zel olarak tasarlanm\u0131\u015f Paslanmaz \u00c7elik T-B\u0131\u00e7akl\u0131 V\u00fccut T\u0131ra\u015f Makinesi, ileri d\u00fczey lityum pil teknolojisi sayesinde tek \u015farjla 180 dakikaya kadar kesintisiz kullan\u0131m sunar. 2.5 saat gibi k\u0131sa bir s\u00fcrede tamamen \u015farj olan cihaz, yo\u011fun hayat temposuna sahip bireyler i\u00e7in zaman kazand\u0131r\u0131r. USB \u015farj giri\u015fi sayesinde powerbank, bilgisayar&#8230;<\/p>\n","protected":false},"featured_media":118427,"comment_status":"open","ping_status":"closed","template":"","meta":{"_kad_post_transparent":"","_kad_post_title":"","_kad_post_layout":"","_kad_post_sidebar_id":"","_kad_post_content_style":"","_kad_post_vertical_padding":"","_kad_post_feature":"","_kad_post_feature_position":"","_kad_post_header":false,"_kad_post_footer":false,"_kad_post_classname":""},"product_brand":[],"product_cat":[14925],"product_tag":[],"class_list":{"0":"post-118428","1":"product","2":"type-product","3":"status-publish","4":"has-post-thumbnail","6":"product_cat-tiras-makinesi-tiras-makinesi","8":"first","9":"instock","10":"purchasable","11":"product-type-simple","12":"entry","13":"content-bg","14":"loop-entry"},"_links":{"self":[{"href":"https:\/\/www.hediyepazar.com\/index.php?rest_route=\/wp\/v2\/product\/118428","targetHints":{"allow":["GET"]}}],"collection":[{"href":"https:\/\/www.hediyepazar.com\/index.php?rest_route=\/wp\/v2\/product"}],"about":[{"href":"https:\/\/www.hediyepazar.com\/index.php?rest_route=\/wp\/v2\/types\/product"}],"replies":[{"embeddable":true,"href":"https:\/\/www.hediyepazar.com\/index.php?rest_route=%2Fwp%2Fv2%2Fcomments&post=118428"}],"wp:featuredmedia":[{"embeddable":true,"href":"https:\/\/www.hediyepazar.com\/index.php?rest_route=\/wp\/v2\/media\/118427"}],"wp:attachment":[{"href":"https:\/\/www.hediyepazar.com\/index.php?rest_route=%2Fwp%2Fv2%2Fmedia&parent=118428"}],"wp:term":[{"taxonomy":"product_brand","embeddable":true,"href":"https:\/\/www.hediyepazar.com\/index.php?rest_route=%2Fwp%2Fv2%2Fproduct_brand&post=118428"},{"taxonomy":"product_cat","embeddable":true,"href":"https:\/\/www.hediyepazar.com\/index.php?rest_route=%2Fwp%2Fv2%2Fproduct_cat&post=118428"},{"taxonomy":"product_tag","embeddable":true,"href":"https:\/\/www.hediyepazar.com\/index.php?rest_route=%2Fwp%2Fv2%2Fproduct_tag&post=118428"}],"curies":[{"name":"wp","href":"https:\/\/api.w.org\/{rel}","templated":true}]}}