{"id":118430,"date":"2026-05-05T22:34:07","date_gmt":"2026-05-06T01:34:07","guid":{"rendered":"https:\/\/www.hediyepazar.com\/?product=lazer-oncesi-kisaltma-makinesi-paslanmaz-celik-bicakli-tiras-makinesi-2"},"modified":"2026-05-05T22:34:07","modified_gmt":"2026-05-06T01:34:07","slug":"lazer-oncesi-kisaltma-makinesi-paslanmaz-celik-bicakli-tiras-makinesi-2","status":"publish","type":"product","link":"https:\/\/www.hediyepazar.com\/?product=lazer-oncesi-kisaltma-makinesi-paslanmaz-celik-bicakli-tiras-makinesi-2","title":{"rendered":"Lazer \u00d6ncesi K\u0131saltma Makinesi Paslanmaz \u00c7elik B\u0131\u00e7akl\u0131 T\u0131ra\u015f Makinesi"},"content":{"rendered":"<p>Seyahatlerinizde veya g\u00fcnl\u00fck kullan\u0131mda yan\u0131n\u0131zdan ay\u0131rmak istemeyece\u011finiz bu kablosuz t\u0131ra\u015f makinesi, hafif ve ergonomik tasar\u0131m\u0131yla kolay ta\u015f\u0131nabilir. Paslanmaz \u00e7elik T-b\u0131\u00e7ak yap\u0131s\u0131 sayesinde en sert sakallarda bile \u00fcst\u00fcn kesim performans\u0131 sunar. 180 dakikaya kadar \u00e7al\u0131\u015fma s\u00fcresi ve sadece 2.5 saatte tam \u015farj olabilen yap\u0131s\u0131 sayesinde yo\u011fun g\u00fcnlerin kurtar\u0131c\u0131s\u0131 olur. USB \u015farj deste\u011fi ile otel, ofis ya da arabada bile rahat\u00e7a \u015farj edilebilir. \u00c7ok y\u00f6nl\u00fc kullan\u0131m\u0131yla sa\u00e7, sakal, ense ve v\u00fccut t\u0131ra\u015f\u0131nda keskin ve hassas sonu\u00e7lar alman\u0131z\u0131 sa\u011flar.<\/p>\n","protected":false},"excerpt":{"rendered":"<p>Seyahatlerinizde veya g\u00fcnl\u00fck kullan\u0131mda yan\u0131n\u0131zdan ay\u0131rmak istemeyece\u011finiz bu kablosuz t\u0131ra\u015f makinesi, hafif ve ergonomik tasar\u0131m\u0131yla kolay ta\u015f\u0131nabilir. Paslanmaz \u00e7elik T-b\u0131\u00e7ak yap\u0131s\u0131 sayesinde en sert sakallarda bile \u00fcst\u00fcn kesim performans\u0131 sunar. 180 dakikaya kadar \u00e7al\u0131\u015fma s\u00fcresi ve sadece 2.5 saatte tam \u015farj olabilen yap\u0131s\u0131 sayesinde yo\u011fun g\u00fcnlerin kurtar\u0131c\u0131s\u0131 olur. USB \u015farj deste\u011fi ile otel, ofis ya&#8230;<\/p>\n","protected":false},"featured_media":118429,"comment_status":"open","ping_status":"closed","template":"","meta":{"_kad_post_transparent":"","_kad_post_title":"","_kad_post_layout":"","_kad_post_sidebar_id":"","_kad_post_content_style":"","_kad_post_vertical_padding":"","_kad_post_feature":"","_kad_post_feature_position":"","_kad_post_header":false,"_kad_post_footer":false,"_kad_post_classname":""},"product_brand":[],"product_cat":[14925],"product_tag":[],"class_list":{"0":"post-118430","1":"product","2":"type-product","3":"status-publish","4":"has-post-thumbnail","6":"product_cat-tiras-makinesi-tiras-makinesi","8":"first","9":"instock","10":"purchasable","11":"product-type-simple","12":"entry","13":"content-bg","14":"loop-entry"},"_links":{"self":[{"href":"https:\/\/www.hediyepazar.com\/index.php?rest_route=\/wp\/v2\/product\/118430","targetHints":{"allow":["GET"]}}],"collection":[{"href":"https:\/\/www.hediyepazar.com\/index.php?rest_route=\/wp\/v2\/product"}],"about":[{"href":"https:\/\/www.hediyepazar.com\/index.php?rest_route=\/wp\/v2\/types\/product"}],"replies":[{"embeddable":true,"href":"https:\/\/www.hediyepazar.com\/index.php?rest_route=%2Fwp%2Fv2%2Fcomments&post=118430"}],"wp:featuredmedia":[{"embeddable":true,"href":"https:\/\/www.hediyepazar.com\/index.php?rest_route=\/wp\/v2\/media\/118429"}],"wp:attachment":[{"href":"https:\/\/www.hediyepazar.com\/index.php?rest_route=%2Fwp%2Fv2%2Fmedia&parent=118430"}],"wp:term":[{"taxonomy":"product_brand","embeddable":true,"href":"https:\/\/www.hediyepazar.com\/index.php?rest_route=%2Fwp%2Fv2%2Fproduct_brand&post=118430"},{"taxonomy":"product_cat","embeddable":true,"href":"https:\/\/www.hediyepazar.com\/index.php?rest_route=%2Fwp%2Fv2%2Fproduct_cat&post=118430"},{"taxonomy":"product_tag","embeddable":true,"href":"https:\/\/www.hediyepazar.com\/index.php?rest_route=%2Fwp%2Fv2%2Fproduct_tag&post=118430"}],"curies":[{"name":"wp","href":"https:\/\/api.w.org\/{rel}","templated":true}]}}