{"id":118432,"date":"2026-05-05T22:34:12","date_gmt":"2026-05-06T01:34:12","guid":{"rendered":"https:\/\/www.hediyepazar.com\/?product=sac-sakal-ense-paslanmaz-celik-t-bicak-vucut-tiras-makinesi"},"modified":"2026-05-05T22:34:12","modified_gmt":"2026-05-06T01:34:12","slug":"sac-sakal-ense-paslanmaz-celik-t-bicak-vucut-tiras-makinesi","status":"publish","type":"product","link":"https:\/\/www.hediyepazar.com\/?product=sac-sakal-ense-paslanmaz-celik-t-bicak-vucut-tiras-makinesi","title":{"rendered":"Sa\u00e7 Sakal Ense Paslanmaz \u00c7elik T-B\u0131\u00e7ak V\u00fccut T\u0131ra\u015f Makinesi"},"content":{"rendered":"<p>G\u00fcnl\u00fck bak\u0131m\u0131n\u0131z\u0131 profesyonel seviyeye ta\u015f\u0131mak i\u00e7in tasarlanan bu t\u0131ra\u015f makinesi, paslanmaz \u00e7elikten \u00fcretilmi\u015f T-b\u0131\u00e7a\u011f\u0131 sayesinde cilt dostu ve keskin bir t\u0131ra\u015f sunar. Uzun \u00f6m\u00fcrl\u00fc lityum bataryas\u0131yla 180 dakikaya kadar kesintisiz kullan\u0131m imkan\u0131 tan\u0131rken, yaln\u0131zca 2.5 saatte tam \u015farj olarak yeniden kullan\u0131ma haz\u0131r hale gelir. Global voltaj uyumu ve USB \u015farj \u00f6zelli\u011fi sayesinde d\u00fcnyan\u0131n her yerinde rahat\u00e7a kullan\u0131labilir. Sakal, sa\u00e7, ense ve v\u00fccut t\u0131ra\u015f\u0131nda y\u00fcksek performans sunan bu cihaz, hem ev kullan\u0131c\u0131lar\u0131 hem de profesyonel berberler i\u00e7in ideal bir se\u00e7imdir.<\/p>\n","protected":false},"excerpt":{"rendered":"<p>G\u00fcnl\u00fck bak\u0131m\u0131n\u0131z\u0131 profesyonel seviyeye ta\u015f\u0131mak i\u00e7in tasarlanan bu t\u0131ra\u015f makinesi, paslanmaz \u00e7elikten \u00fcretilmi\u015f T-b\u0131\u00e7a\u011f\u0131 sayesinde cilt dostu ve keskin bir t\u0131ra\u015f sunar. Uzun \u00f6m\u00fcrl\u00fc lityum bataryas\u0131yla 180 dakikaya kadar kesintisiz kullan\u0131m imkan\u0131 tan\u0131rken, yaln\u0131zca 2.5 saatte tam \u015farj olarak yeniden kullan\u0131ma haz\u0131r hale gelir. Global voltaj uyumu ve USB \u015farj \u00f6zelli\u011fi sayesinde d\u00fcnyan\u0131n her yerinde&#8230;<\/p>\n","protected":false},"featured_media":118431,"comment_status":"open","ping_status":"closed","template":"","meta":{"_kad_post_transparent":"","_kad_post_title":"","_kad_post_layout":"","_kad_post_sidebar_id":"","_kad_post_content_style":"","_kad_post_vertical_padding":"","_kad_post_feature":"","_kad_post_feature_position":"","_kad_post_header":false,"_kad_post_footer":false,"_kad_post_classname":""},"product_brand":[],"product_cat":[14925],"product_tag":[],"class_list":{"0":"post-118432","1":"product","2":"type-product","3":"status-publish","4":"has-post-thumbnail","6":"product_cat-tiras-makinesi-tiras-makinesi","8":"first","9":"instock","10":"purchasable","11":"product-type-simple","12":"entry","13":"content-bg","14":"loop-entry"},"_links":{"self":[{"href":"https:\/\/www.hediyepazar.com\/index.php?rest_route=\/wp\/v2\/product\/118432","targetHints":{"allow":["GET"]}}],"collection":[{"href":"https:\/\/www.hediyepazar.com\/index.php?rest_route=\/wp\/v2\/product"}],"about":[{"href":"https:\/\/www.hediyepazar.com\/index.php?rest_route=\/wp\/v2\/types\/product"}],"replies":[{"embeddable":true,"href":"https:\/\/www.hediyepazar.com\/index.php?rest_route=%2Fwp%2Fv2%2Fcomments&post=118432"}],"wp:featuredmedia":[{"embeddable":true,"href":"https:\/\/www.hediyepazar.com\/index.php?rest_route=\/wp\/v2\/media\/118431"}],"wp:attachment":[{"href":"https:\/\/www.hediyepazar.com\/index.php?rest_route=%2Fwp%2Fv2%2Fmedia&parent=118432"}],"wp:term":[{"taxonomy":"product_brand","embeddable":true,"href":"https:\/\/www.hediyepazar.com\/index.php?rest_route=%2Fwp%2Fv2%2Fproduct_brand&post=118432"},{"taxonomy":"product_cat","embeddable":true,"href":"https:\/\/www.hediyepazar.com\/index.php?rest_route=%2Fwp%2Fv2%2Fproduct_cat&post=118432"},{"taxonomy":"product_tag","embeddable":true,"href":"https:\/\/www.hediyepazar.com\/index.php?rest_route=%2Fwp%2Fv2%2Fproduct_tag&post=118432"}],"curies":[{"name":"wp","href":"https:\/\/api.w.org\/{rel}","templated":true}]}}