{"id":118504,"date":"2026-05-05T22:49:02","date_gmt":"2026-05-06T01:49:02","guid":{"rendered":"https:\/\/www.hediyepazar.com\/?product=kolay-temizlenen-fircasi-evcil-hayvanlara-ozel-tuy-temizleme-2"},"modified":"2026-05-05T22:49:02","modified_gmt":"2026-05-06T01:49:02","slug":"kolay-temizlenen-fircasi-evcil-hayvanlara-ozel-tuy-temizleme-2","status":"publish","type":"product","link":"https:\/\/www.hediyepazar.com\/?product=kolay-temizlenen-fircasi-evcil-hayvanlara-ozel-tuy-temizleme-2","title":{"rendered":"Kolay Temizlenen F\u0131r\u00e7as\u0131 Evcil Hayvanlara \u00d6zel T\u00fcy Temizleme"},"content":{"rendered":"<p>ula\u015f\u0131r ve etkili bir temizlik sa\u011flarChatGPT:Sa\u00e7 bak\u0131m rutinine pratiklik ve etki kazand\u0131ran bu \u00f6zel f\u0131r\u00e7a, sa\u00e7 derisini nazik\u00e7e temizleyerek ar\u0131nd\u0131r\u0131rken ayn\u0131 zamanda bak\u0131m yaparak sa\u00e7lar\u0131n do\u011fal \u0131\u015f\u0131lt\u0131s\u0131n\u0131 ortaya \u00e7\u0131kar\u0131r. Sa\u00e7 derisine do\u011frudan temas eden geni\u015f y\u00fczeyli f\u0131r\u00e7a tasar\u0131m\u0131, k\u00f6kten uca etkili bir temizlik sa\u011flayarak sa\u00e7\u0131n daha sa\u011fl\u0131kl\u0131 ve g\u00fc\u00e7l\u00fc g\u00f6r\u00fcnmesine yard\u0131mc\u0131 olur. Anti-statik \u00f6zelli\u011fi sayesinde sa\u00e7lardaki elektriklenmeyi azaltarak daha p\u00fcr\u00fczs\u00fcz ve kolay \u015fekil alan bir g\u00f6r\u00fcn\u00fcm kazand\u0131r\u0131r; b\u00f6ylece sa\u00e7lar\u0131n\u0131z g\u00fcn boyu d\u00fczg\u00fcn ve bak\u0131ml\u0131 kal\u0131r.Hijyenik kullan\u0131m i\u00e7in geli\u015ftirilmi\u015f kendi kendini temizleme mekanizmas\u0131, her f\u0131r\u00e7alama sonras\u0131 f\u0131r\u00e7an\u0131n temiz ve ferah kalmas\u0131n\u0131 sa\u011flayarak ekstra bak\u0131m ya da temizlik ihtiyac\u0131n\u0131 en aza indirir. G\u00fcnl\u00fck kullan\u0131mda hem sa\u00e7lar\u0131n\u0131z\u0131n sa\u011fl\u0131\u011f\u0131na katk\u0131 sa\u011flar hem de sa\u00e7 derisine masaj etkisi yaparak kan dola\u015f\u0131m\u0131n\u0131 destekler. Fonksiyonel tasar\u0131m\u0131yla fark yaratan bu f\u0131r\u00e7a, sa\u00e7lar\u0131n\u0131za g\u00f6sterdi\u011finiz \u00f6zeni en iyi \u015fekilde yans\u0131t\u0131r.<\/p>\n","protected":false},"excerpt":{"rendered":"<p>ula\u015f\u0131r ve etkili bir temizlik sa\u011flarChatGPT:Sa\u00e7 bak\u0131m rutinine pratiklik ve etki kazand\u0131ran bu \u00f6zel f\u0131r\u00e7a, sa\u00e7 derisini nazik\u00e7e temizleyerek ar\u0131nd\u0131r\u0131rken ayn\u0131 zamanda bak\u0131m yaparak sa\u00e7lar\u0131n do\u011fal \u0131\u015f\u0131lt\u0131s\u0131n\u0131 ortaya \u00e7\u0131kar\u0131r. Sa\u00e7 derisine do\u011frudan temas eden geni\u015f y\u00fczeyli f\u0131r\u00e7a tasar\u0131m\u0131, k\u00f6kten uca etkili bir temizlik sa\u011flayarak sa\u00e7\u0131n daha sa\u011fl\u0131kl\u0131 ve g\u00fc\u00e7l\u00fc g\u00f6r\u00fcnmesine yard\u0131mc\u0131 olur. Anti-statik \u00f6zelli\u011fi sayesinde&#8230;<\/p>\n","protected":false},"featured_media":118503,"comment_status":"open","ping_status":"closed","template":"","meta":{"_kad_post_transparent":"","_kad_post_title":"","_kad_post_layout":"","_kad_post_sidebar_id":"","_kad_post_content_style":"","_kad_post_vertical_padding":"","_kad_post_feature":"","_kad_post_feature_position":"","_kad_post_header":false,"_kad_post_footer":false,"_kad_post_classname":""},"product_brand":[],"product_cat":[14955],"product_tag":[],"class_list":{"0":"post-118504","1":"product","2":"type-product","3":"status-publish","4":"has-post-thumbnail","6":"product_cat-sac-fircasi-tarak-sac-fircasi-tarak","8":"first","9":"instock","10":"purchasable","11":"product-type-simple","12":"entry","13":"content-bg","14":"loop-entry"},"_links":{"self":[{"href":"https:\/\/www.hediyepazar.com\/index.php?rest_route=\/wp\/v2\/product\/118504","targetHints":{"allow":["GET"]}}],"collection":[{"href":"https:\/\/www.hediyepazar.com\/index.php?rest_route=\/wp\/v2\/product"}],"about":[{"href":"https:\/\/www.hediyepazar.com\/index.php?rest_route=\/wp\/v2\/types\/product"}],"replies":[{"embeddable":true,"href":"https:\/\/www.hediyepazar.com\/index.php?rest_route=%2Fwp%2Fv2%2Fcomments&post=118504"}],"wp:featuredmedia":[{"embeddable":true,"href":"https:\/\/www.hediyepazar.com\/index.php?rest_route=\/wp\/v2\/media\/118503"}],"wp:attachment":[{"href":"https:\/\/www.hediyepazar.com\/index.php?rest_route=%2Fwp%2Fv2%2Fmedia&parent=118504"}],"wp:term":[{"taxonomy":"product_brand","embeddable":true,"href":"https:\/\/www.hediyepazar.com\/index.php?rest_route=%2Fwp%2Fv2%2Fproduct_brand&post=118504"},{"taxonomy":"product_cat","embeddable":true,"href":"https:\/\/www.hediyepazar.com\/index.php?rest_route=%2Fwp%2Fv2%2Fproduct_cat&post=118504"},{"taxonomy":"product_tag","embeddable":true,"href":"https:\/\/www.hediyepazar.com\/index.php?rest_route=%2Fwp%2Fv2%2Fproduct_tag&post=118504"}],"curies":[{"name":"wp","href":"https:\/\/api.w.org\/{rel}","templated":true}]}}