{"id":118514,"date":"2026-05-05T22:50:08","date_gmt":"2026-05-06T01:50:08","guid":{"rendered":"https:\/\/www.hediyepazar.com\/?product=kablosuz-kulak-ici-bluetooth-kulaklik-stereo-dokunmatik-kontrollu-kulaklik-2"},"modified":"2026-05-05T22:50:08","modified_gmt":"2026-05-06T01:50:08","slug":"kablosuz-kulak-ici-bluetooth-kulaklik-stereo-dokunmatik-kontrollu-kulaklik-2","status":"publish","type":"product","link":"https:\/\/www.hediyepazar.com\/?product=kablosuz-kulak-ici-bluetooth-kulaklik-stereo-dokunmatik-kontrollu-kulaklik-2","title":{"rendered":"Kablosuz Kulak \u0130\u00e7i Bluetooth Kulakl\u0131k Stereo Dokunmatik Kontroll\u00fc Kulakl\u0131k"},"content":{"rendered":"<p>Geli\u015fmi\u015f titanyum kompozit membran hoparl\u00f6r yap\u0131s\u0131yla donat\u0131lm\u0131\u015f bu Bluetooth kulakl\u0131k, kristal netli\u011finde ses kalitesi sunar. Derin baslar ve dengeli tizler ile m\u00fczi\u011fin her ayr\u0131nt\u0131s\u0131n\u0131 hissedersiniz. \u00d6zellikle m\u00fczik tutkunlar\u0131 i\u00e7in geli\u015ftirilen bu model, hem dinleme keyfini art\u0131r\u0131r hem de konu\u015fma kalitesinde fark yarat\u0131r.Bluetooth 5.0 + EDR teknolojisi sayesinde h\u0131zl\u0131 ve kararl\u0131 ba\u011flant\u0131 sa\u011flar. Geni\u015f kapsama alan\u0131 ile cihaz\u0131n\u0131zdan 10 metreye kadar uzakla\u015fsan\u0131z bile ba\u011flant\u0131 kesilmez. Kulakl\u0131klar kulak kanal\u0131n\u0131n e\u011fimine uygun olarak tasarlanm\u0131\u015f olup uzun s\u00fcreli kullan\u0131mlarda dahi konfor sunar. Egzersiz yaparken, y\u00fcr\u00fcrken ya da \u00e7al\u0131\u015f\u0131rken kulaktan d\u00fc\u015fme riski ta\u015f\u0131maz.Her biri sadece 3 gram olan kulakl\u0131klar, ta\u015f\u0131nabilir ve hafif yap\u0131s\u0131yla her ortamda kullan\u0131m kolayl\u0131\u011f\u0131 sa\u011flar. \u015earj kutusu \u00fczerindeki LED ekran sayesinde batarya seviyesini rahatl\u0131kla kontrol edebilirsiniz. 24 saate kadar toplam kullan\u0131m s\u00fcresiyle g\u00fcn boyu kesintisiz m\u00fczik ve ileti\u015fim deneyimi sunar.<\/p>\n","protected":false},"excerpt":{"rendered":"<p>Geli\u015fmi\u015f titanyum kompozit membran hoparl\u00f6r yap\u0131s\u0131yla donat\u0131lm\u0131\u015f bu Bluetooth kulakl\u0131k, kristal netli\u011finde ses kalitesi sunar. Derin baslar ve dengeli tizler ile m\u00fczi\u011fin her ayr\u0131nt\u0131s\u0131n\u0131 hissedersiniz. \u00d6zellikle m\u00fczik tutkunlar\u0131 i\u00e7in geli\u015ftirilen bu model, hem dinleme keyfini art\u0131r\u0131r hem de konu\u015fma kalitesinde fark yarat\u0131r.Bluetooth 5.0 + EDR teknolojisi sayesinde h\u0131zl\u0131 ve kararl\u0131 ba\u011flant\u0131 sa\u011flar. Geni\u015f kapsama alan\u0131&#8230;<\/p>\n","protected":false},"featured_media":118513,"comment_status":"open","ping_status":"closed","template":"","meta":{"_kad_post_transparent":"","_kad_post_title":"","_kad_post_layout":"","_kad_post_sidebar_id":"","_kad_post_content_style":"","_kad_post_vertical_padding":"","_kad_post_feature":"","_kad_post_feature_position":"","_kad_post_header":false,"_kad_post_footer":false,"_kad_post_classname":""},"product_brand":[],"product_cat":[14957],"product_tag":[],"class_list":{"0":"post-118514","1":"product","2":"type-product","3":"status-publish","4":"has-post-thumbnail","6":"product_cat-kablosuz-kulaklik-kablosuz-kulaklik","8":"first","9":"instock","10":"purchasable","11":"product-type-simple","12":"entry","13":"content-bg","14":"loop-entry"},"_links":{"self":[{"href":"https:\/\/www.hediyepazar.com\/index.php?rest_route=\/wp\/v2\/product\/118514","targetHints":{"allow":["GET"]}}],"collection":[{"href":"https:\/\/www.hediyepazar.com\/index.php?rest_route=\/wp\/v2\/product"}],"about":[{"href":"https:\/\/www.hediyepazar.com\/index.php?rest_route=\/wp\/v2\/types\/product"}],"replies":[{"embeddable":true,"href":"https:\/\/www.hediyepazar.com\/index.php?rest_route=%2Fwp%2Fv2%2Fcomments&post=118514"}],"wp:featuredmedia":[{"embeddable":true,"href":"https:\/\/www.hediyepazar.com\/index.php?rest_route=\/wp\/v2\/media\/118513"}],"wp:attachment":[{"href":"https:\/\/www.hediyepazar.com\/index.php?rest_route=%2Fwp%2Fv2%2Fmedia&parent=118514"}],"wp:term":[{"taxonomy":"product_brand","embeddable":true,"href":"https:\/\/www.hediyepazar.com\/index.php?rest_route=%2Fwp%2Fv2%2Fproduct_brand&post=118514"},{"taxonomy":"product_cat","embeddable":true,"href":"https:\/\/www.hediyepazar.com\/index.php?rest_route=%2Fwp%2Fv2%2Fproduct_cat&post=118514"},{"taxonomy":"product_tag","embeddable":true,"href":"https:\/\/www.hediyepazar.com\/index.php?rest_route=%2Fwp%2Fv2%2Fproduct_tag&post=118514"}],"curies":[{"name":"wp","href":"https:\/\/api.w.org\/{rel}","templated":true}]}}