{"id":118556,"date":"2026-05-05T22:56:04","date_gmt":"2026-05-06T01:56:04","guid":{"rendered":"https:\/\/www.hediyepazar.com\/?product=akilli-saat-3-kordonlu-waterproof-adimsayar-titresim-ve-gps-ozelligi"},"modified":"2026-05-05T22:56:04","modified_gmt":"2026-05-06T01:56:04","slug":"akilli-saat-3-kordonlu-waterproof-adimsayar-titresim-ve-gps-ozelligi","status":"publish","type":"product","link":"https:\/\/www.hediyepazar.com\/?product=akilli-saat-3-kordonlu-waterproof-adimsayar-titresim-ve-gps-ozelligi","title":{"rendered":"Ak\u0131ll\u0131 Saat 3 Kordonlu Waterproof Ad\u0131msayar Titre\u015fim ve GPS \u00d6zelli\u011fi"},"content":{"rendered":"<p>Haino Teko 2A Su Ge\u00e7irmez Ak\u0131ll\u0131 Saat, aktif ya\u015fam tarz\u0131n\u0131z\u0131 destekleyecek ve g\u00fcnl\u00fck ihtiya\u00e7lar\u0131n\u0131za kolayca uyum sa\u011flayacak m\u00fckemmel bir \u00fcr\u00fcnd\u00fcr. Ad\u0131msayar \u00f6zelli\u011fi sayesinde, g\u00fcnl\u00fck aktivitelerinizi rahatl\u0131kla takip edebilir ve hareket halindeyken bile ilerlemenizi izleyebilirsiniz. 200-300 mAh batarya kapasitesi, uzun s\u00fcreli kullan\u0131m i\u00e7in yeterli enerji sunar, b\u00f6ylece saatiniz sizi yar\u0131 yolda b\u0131rakmaz. GPS \u00f6zelli\u011fi olmasa da, konumunuzu belirlemek i\u00e7in di\u011fer y\u00f6ntemleri kullanabilirsiniz. Suya ve toza kar\u015f\u0131 dayan\u0131kl\u0131l\u0131\u011f\u0131 sayesinde, her t\u00fcrl\u00fc hava ko\u015fulunda rahatl\u0131kla kullanabilirsiniz; ya\u011fmurda veya terli aktivitelerde bile yan\u0131n\u0131zda olacakt\u0131r. Nab\u0131z sens\u00f6r\u00fc, kalp at\u0131\u015f h\u0131z\u0131n\u0131z\u0131 s\u00fcrekli izleyerek sa\u011fl\u0131k takibinizi kolayla\u015ft\u0131r\u0131r. Ayr\u0131ca, titre\u015fim bildirimleri sayesinde gelen \u00e7a\u011fr\u0131lar\u0131 veya mesajlar\u0131 hissederek \u00f6nemli anlar\u0131 ka\u00e7\u0131rmazs\u0131n\u0131z. Uyku takibi \u00f6zelli\u011fi ile uyku d\u00fczeninizi analiz eder ve daha iyi bir uyku kalitesi i\u00e7in \u00f6nerilerde bulunur. Sesli g\u00f6r\u00fc\u015fme imkan\u0131 sayesinde, telefonunuza dokunmadan \u00e7a\u011fr\u0131lara cevap verebilirsiniz. Yeti\u015fkin kullan\u0131c\u0131lar i\u00e7in ideal olan bu ak\u0131ll\u0131 saat, \u015f\u0131k ve dayan\u0131kl\u0131 tasar\u0131m\u0131yla dikkat \u00e7eker. Metalik kasa rengi ve siyah kordonu ile her t\u00fcrl\u00fc k\u0131yafetle kolayca uyum sa\u011flar ve g\u00fcnl\u00fck kullan\u0131m i\u00e7in m\u00fckemmel bir aksesuar sunar. 20 g\u00fcne kadar \u015farj s\u00fcresi, uzun s\u00fcreli kullan\u0131m sa\u011flar.<\/p>\n","protected":false},"excerpt":{"rendered":"<p>Haino Teko 2A Su Ge\u00e7irmez Ak\u0131ll\u0131 Saat, aktif ya\u015fam tarz\u0131n\u0131z\u0131 destekleyecek ve g\u00fcnl\u00fck ihtiya\u00e7lar\u0131n\u0131za kolayca uyum sa\u011flayacak m\u00fckemmel bir \u00fcr\u00fcnd\u00fcr. Ad\u0131msayar \u00f6zelli\u011fi sayesinde, g\u00fcnl\u00fck aktivitelerinizi rahatl\u0131kla takip edebilir ve hareket halindeyken bile ilerlemenizi izleyebilirsiniz. 200-300 mAh batarya kapasitesi, uzun s\u00fcreli kullan\u0131m i\u00e7in yeterli enerji sunar, b\u00f6ylece saatiniz sizi yar\u0131 yolda b\u0131rakmaz. GPS \u00f6zelli\u011fi olmasa da,&#8230;<\/p>\n","protected":false},"featured_media":118555,"comment_status":"open","ping_status":"closed","template":"","meta":{"_kad_post_transparent":"","_kad_post_title":"","_kad_post_layout":"","_kad_post_sidebar_id":"","_kad_post_content_style":"","_kad_post_vertical_padding":"","_kad_post_feature":"","_kad_post_feature_position":"","_kad_post_header":false,"_kad_post_footer":false,"_kad_post_classname":""},"product_brand":[],"product_cat":[14935],"product_tag":[],"class_list":{"0":"post-118556","1":"product","2":"type-product","3":"status-publish","4":"has-post-thumbnail","6":"product_cat-akilli-saatler-akilli-saatler","8":"first","9":"instock","10":"purchasable","11":"product-type-simple","12":"entry","13":"content-bg","14":"loop-entry"},"_links":{"self":[{"href":"https:\/\/www.hediyepazar.com\/index.php?rest_route=\/wp\/v2\/product\/118556","targetHints":{"allow":["GET"]}}],"collection":[{"href":"https:\/\/www.hediyepazar.com\/index.php?rest_route=\/wp\/v2\/product"}],"about":[{"href":"https:\/\/www.hediyepazar.com\/index.php?rest_route=\/wp\/v2\/types\/product"}],"replies":[{"embeddable":true,"href":"https:\/\/www.hediyepazar.com\/index.php?rest_route=%2Fwp%2Fv2%2Fcomments&post=118556"}],"wp:featuredmedia":[{"embeddable":true,"href":"https:\/\/www.hediyepazar.com\/index.php?rest_route=\/wp\/v2\/media\/118555"}],"wp:attachment":[{"href":"https:\/\/www.hediyepazar.com\/index.php?rest_route=%2Fwp%2Fv2%2Fmedia&parent=118556"}],"wp:term":[{"taxonomy":"product_brand","embeddable":true,"href":"https:\/\/www.hediyepazar.com\/index.php?rest_route=%2Fwp%2Fv2%2Fproduct_brand&post=118556"},{"taxonomy":"product_cat","embeddable":true,"href":"https:\/\/www.hediyepazar.com\/index.php?rest_route=%2Fwp%2Fv2%2Fproduct_cat&post=118556"},{"taxonomy":"product_tag","embeddable":true,"href":"https:\/\/www.hediyepazar.com\/index.php?rest_route=%2Fwp%2Fv2%2Fproduct_tag&post=118556"}],"curies":[{"name":"wp","href":"https:\/\/api.w.org\/{rel}","templated":true}]}}