{"id":118558,"date":"2026-05-05T22:56:11","date_gmt":"2026-05-06T01:56:11","guid":{"rendered":"https:\/\/www.hediyepazar.com\/?product=kablosuz-baglanti-yuksek-hassasiyetli-kablosuz-wireless-siyah-mouse"},"modified":"2026-05-05T22:56:11","modified_gmt":"2026-05-06T01:56:11","slug":"kablosuz-baglanti-yuksek-hassasiyetli-kablosuz-wireless-siyah-mouse","status":"publish","type":"product","link":"https:\/\/www.hediyepazar.com\/?product=kablosuz-baglanti-yuksek-hassasiyetli-kablosuz-wireless-siyah-mouse","title":{"rendered":"Kablosuz Ba\u011flant\u0131 Y\u00fcksek Hassasiyetli Kablosuz Wireless Siyah Mouse"},"content":{"rendered":"<p>Y\u00fcksek Hassasiyetli 1600 DPI Sens\u00f6r: Oyun ve profesyonel i\u015fler i\u00e7in ideal olan bu kablosuz mouse, 1600 DPI optik sens\u00f6r ile her hareketinizi m\u00fckemmel bir hassasiyetle alg\u0131lar. Detayl\u0131 ve h\u0131zl\u0131 i\u015flemler i\u00e7in y\u00fcksek performans sa\u011flar.Ergonomik Tasar\u0131m: Uzun s\u00fcreli kullan\u0131mda rahatl\u0131k sa\u011flayan ergonomik yap\u0131, bilek yorgunlu\u011funu azalt\u0131r. Elinizin do\u011fal \u015fekline uyum sa\u011flayarak konforlu bir tutu\u015f sunar.Kablosuz Ba\u011flant\u0131: USB al\u0131c\u0131 ile kolayca ba\u011flan\u0131r ve kablo karma\u015fas\u0131na son verir. Y\u00fcksek performansl\u0131 kablosuz ba\u011flant\u0131 sayesinde hareket \u00f6zg\u00fcrl\u00fc\u011f\u00fcn\u00fcz\u00fc en \u00fcst d\u00fczeye \u00e7\u0131kar\u0131r.Ayarlanabilir DPI Se\u00e7enekleri: 1000\u2019den 5000 DPI seviyesine kadar ayarlanabilir hassasiyet se\u00e7enekleri sunar. Oyunlarda veya profesyonel i\u015flerde farkl\u0131 DPI se\u00e7enekleriyle ihtiyac\u0131n\u0131za g\u00f6re \u00f6zelle\u015ftirilmi\u015f kullan\u0131m sa\u011flar.\u015e\u0131k ve Dayan\u0131kl\u0131 Tasar\u0131m: Hem \u015f\u0131k hem de dayan\u0131kl\u0131 malzemeden \u00fcretilmi\u015f olan bu mouse, uzun \u00f6m\u00fcrl\u00fc kullan\u0131m i\u00e7in tasarlanm\u0131\u015ft\u0131r. G\u00f6z al\u0131c\u0131 g\u00f6r\u00fcn\u00fcme sahip olup, hem oyun hem de ofis kullan\u0131m\u0131 i\u00e7in idealdir.<\/p>\n","protected":false},"excerpt":{"rendered":"<p>Y\u00fcksek Hassasiyetli 1600 DPI Sens\u00f6r: Oyun ve profesyonel i\u015fler i\u00e7in ideal olan bu kablosuz mouse, 1600 DPI optik sens\u00f6r ile her hareketinizi m\u00fckemmel bir hassasiyetle alg\u0131lar. Detayl\u0131 ve h\u0131zl\u0131 i\u015flemler i\u00e7in y\u00fcksek performans sa\u011flar.Ergonomik Tasar\u0131m: Uzun s\u00fcreli kullan\u0131mda rahatl\u0131k sa\u011flayan ergonomik yap\u0131, bilek yorgunlu\u011funu azalt\u0131r. Elinizin do\u011fal \u015fekline uyum sa\u011flayarak konforlu bir tutu\u015f sunar.Kablosuz Ba\u011flant\u0131:&#8230;<\/p>\n","protected":false},"featured_media":118557,"comment_status":"open","ping_status":"closed","template":"","meta":{"_kad_post_transparent":"","_kad_post_title":"","_kad_post_layout":"","_kad_post_sidebar_id":"","_kad_post_content_style":"","_kad_post_vertical_padding":"","_kad_post_feature":"","_kad_post_feature_position":"","_kad_post_header":false,"_kad_post_footer":false,"_kad_post_classname":""},"product_brand":[],"product_cat":[14973],"product_tag":[],"class_list":{"0":"post-118558","1":"product","2":"type-product","3":"status-publish","4":"has-post-thumbnail","6":"product_cat-mouse-mouse","8":"first","9":"instock","10":"purchasable","11":"product-type-simple","12":"entry","13":"content-bg","14":"loop-entry"},"_links":{"self":[{"href":"https:\/\/www.hediyepazar.com\/index.php?rest_route=\/wp\/v2\/product\/118558","targetHints":{"allow":["GET"]}}],"collection":[{"href":"https:\/\/www.hediyepazar.com\/index.php?rest_route=\/wp\/v2\/product"}],"about":[{"href":"https:\/\/www.hediyepazar.com\/index.php?rest_route=\/wp\/v2\/types\/product"}],"replies":[{"embeddable":true,"href":"https:\/\/www.hediyepazar.com\/index.php?rest_route=%2Fwp%2Fv2%2Fcomments&post=118558"}],"wp:featuredmedia":[{"embeddable":true,"href":"https:\/\/www.hediyepazar.com\/index.php?rest_route=\/wp\/v2\/media\/118557"}],"wp:attachment":[{"href":"https:\/\/www.hediyepazar.com\/index.php?rest_route=%2Fwp%2Fv2%2Fmedia&parent=118558"}],"wp:term":[{"taxonomy":"product_brand","embeddable":true,"href":"https:\/\/www.hediyepazar.com\/index.php?rest_route=%2Fwp%2Fv2%2Fproduct_brand&post=118558"},{"taxonomy":"product_cat","embeddable":true,"href":"https:\/\/www.hediyepazar.com\/index.php?rest_route=%2Fwp%2Fv2%2Fproduct_cat&post=118558"},{"taxonomy":"product_tag","embeddable":true,"href":"https:\/\/www.hediyepazar.com\/index.php?rest_route=%2Fwp%2Fv2%2Fproduct_tag&post=118558"}],"curies":[{"name":"wp","href":"https:\/\/api.w.org\/{rel}","templated":true}]}}