{"id":118560,"date":"2026-05-05T22:56:20","date_gmt":"2026-05-06T01:56:20","guid":{"rendered":"https:\/\/www.hediyepazar.com\/?product=ergonomik-tasarim-kablosuz-siyah-mouse-hassas-uzun-omurlu"},"modified":"2026-05-05T22:56:20","modified_gmt":"2026-05-06T01:56:20","slug":"ergonomik-tasarim-kablosuz-siyah-mouse-hassas-uzun-omurlu","status":"publish","type":"product","link":"https:\/\/www.hediyepazar.com\/?product=ergonomik-tasarim-kablosuz-siyah-mouse-hassas-uzun-omurlu","title":{"rendered":"Ergonomik Tasar\u0131m Kablosuz Siyah Mouse Hassas Uzun \u00d6m\u00fcrl\u00fc"},"content":{"rendered":"<p>Ergonomik Tasar\u0131m: Uzun s\u00fcreli kullan\u0131mlarda bile konforlu bir deneyim sunan ergonomik tasar\u0131m, elinizi do\u011fal bir \u015fekilde destekler. Bu \u00f6zellik, bilek a\u011fr\u0131lar\u0131n\u0131 \u00f6nlemeye yard\u0131mc\u0131 olur.1600 DPI Optik Sens\u00f6r: 1600 DPI optik sens\u00f6r, hassas ve h\u0131zl\u0131 hareketler i\u00e7in m\u00fckemmel bir \u00e7\u00f6z\u00fcm sunar. Y\u00fcksek hassasiyet, \u00f6zellikle oyun oynarken veya hassas i\u015flerde b\u00fcy\u00fck avantaj sa\u011flar.USB Ba\u011flant\u0131s\u0131: USB ba\u011flant\u0131 noktas\u0131 \u00fczerinden bilgisayar\u0131n\u0131za kolayca ba\u011flanabilir, s\u00fcr\u00fcc\u00fc gereksinimi olmadan h\u0131zl\u0131ca kullan\u0131lmaya ba\u015flanabilir.Ayarlanabilir DPI Se\u00e7enekleri: 1000 ile 5000 DPI aras\u0131nda ayarlanabilir hassasiyet se\u00e7enekleri ile kullan\u0131c\u0131ya, ihtiya\u00e7 duydu\u011fu hassasiyet seviyesini se\u00e7me olana\u011f\u0131 sunar. Oyun veya tasar\u0131m gibi farkl\u0131 kullan\u0131m senaryolar\u0131 i\u00e7in \u00f6zelle\u015ftirilmi\u015f bir deneyim sa\u011flar.<\/p>\n","protected":false},"excerpt":{"rendered":"<p>Ergonomik Tasar\u0131m: Uzun s\u00fcreli kullan\u0131mlarda bile konforlu bir deneyim sunan ergonomik tasar\u0131m, elinizi do\u011fal bir \u015fekilde destekler. Bu \u00f6zellik, bilek a\u011fr\u0131lar\u0131n\u0131 \u00f6nlemeye yard\u0131mc\u0131 olur.1600 DPI Optik Sens\u00f6r: 1600 DPI optik sens\u00f6r, hassas ve h\u0131zl\u0131 hareketler i\u00e7in m\u00fckemmel bir \u00e7\u00f6z\u00fcm sunar. Y\u00fcksek hassasiyet, \u00f6zellikle oyun oynarken veya hassas i\u015flerde b\u00fcy\u00fck avantaj sa\u011flar.USB Ba\u011flant\u0131s\u0131: USB ba\u011flant\u0131 noktas\u0131&#8230;<\/p>\n","protected":false},"featured_media":118559,"comment_status":"open","ping_status":"closed","template":"","meta":{"_kad_post_transparent":"","_kad_post_title":"","_kad_post_layout":"","_kad_post_sidebar_id":"","_kad_post_content_style":"","_kad_post_vertical_padding":"","_kad_post_feature":"","_kad_post_feature_position":"","_kad_post_header":false,"_kad_post_footer":false,"_kad_post_classname":""},"product_brand":[],"product_cat":[14973],"product_tag":[],"class_list":{"0":"post-118560","1":"product","2":"type-product","3":"status-publish","4":"has-post-thumbnail","6":"product_cat-mouse-mouse","8":"first","9":"instock","10":"purchasable","11":"product-type-simple","12":"entry","13":"content-bg","14":"loop-entry"},"_links":{"self":[{"href":"https:\/\/www.hediyepazar.com\/index.php?rest_route=\/wp\/v2\/product\/118560","targetHints":{"allow":["GET"]}}],"collection":[{"href":"https:\/\/www.hediyepazar.com\/index.php?rest_route=\/wp\/v2\/product"}],"about":[{"href":"https:\/\/www.hediyepazar.com\/index.php?rest_route=\/wp\/v2\/types\/product"}],"replies":[{"embeddable":true,"href":"https:\/\/www.hediyepazar.com\/index.php?rest_route=%2Fwp%2Fv2%2Fcomments&post=118560"}],"wp:featuredmedia":[{"embeddable":true,"href":"https:\/\/www.hediyepazar.com\/index.php?rest_route=\/wp\/v2\/media\/118559"}],"wp:attachment":[{"href":"https:\/\/www.hediyepazar.com\/index.php?rest_route=%2Fwp%2Fv2%2Fmedia&parent=118560"}],"wp:term":[{"taxonomy":"product_brand","embeddable":true,"href":"https:\/\/www.hediyepazar.com\/index.php?rest_route=%2Fwp%2Fv2%2Fproduct_brand&post=118560"},{"taxonomy":"product_cat","embeddable":true,"href":"https:\/\/www.hediyepazar.com\/index.php?rest_route=%2Fwp%2Fv2%2Fproduct_cat&post=118560"},{"taxonomy":"product_tag","embeddable":true,"href":"https:\/\/www.hediyepazar.com\/index.php?rest_route=%2Fwp%2Fv2%2Fproduct_tag&post=118560"}],"curies":[{"name":"wp","href":"https:\/\/api.w.org\/{rel}","templated":true}]}}