{"id":118562,"date":"2026-05-05T22:57:09","date_gmt":"2026-05-06T01:57:09","guid":{"rendered":"https:\/\/www.hediyepazar.com\/?product=siyah-kablosuz-mouse-wireless-mouse-minimal-tasarim"},"modified":"2026-05-05T22:57:09","modified_gmt":"2026-05-06T01:57:09","slug":"siyah-kablosuz-mouse-wireless-mouse-minimal-tasarim","status":"publish","type":"product","link":"https:\/\/www.hediyepazar.com\/?product=siyah-kablosuz-mouse-wireless-mouse-minimal-tasarim","title":{"rendered":"Siyah Kablosuz Mouse Wireless Mouse Minimal Tasar\u0131m"},"content":{"rendered":"<p>1600 DPI Optik Sens\u00f6r: Y\u00fcksek hassasiyet sunan 1600 DPI sens\u00f6r, detayl\u0131 ve keskin hareketler i\u00e7in m\u00fckemmel bir performans sa\u011flar. \u00d6zellikle oyunlar ve grafik tasar\u0131m gibi hassasiyet gerektiren uygulamalarda ideal bir tercihtir. USB Ba\u011flant\u0131s\u0131: USB ba\u011flant\u0131 noktas\u0131 sayesinde kolayca bilgisayar\u0131n\u0131za ba\u011flanabilir ve an\u0131nda kullan\u0131m imkan\u0131 sunar. S\u00fcr\u00fcc\u00fc y\u00fcklemeden h\u0131zl\u0131ca \u00e7al\u0131\u015fmaya ba\u015flayabilirsiniz. Ayarlanabilir Hassasiyet: 1000 ile 5000 DPI aras\u0131nda ayarlanabilir hassasiyet se\u00e7enekleri ile farkl\u0131 ihtiya\u00e7lar\u0131n\u0131za uygun, ki\u015fiselle\u015ftirilmi\u015f bir deneyim sa\u011flar. Bu \u00f6zellik, hem h\u0131zl\u0131 hareket gerektiren oyunlarda hem de hassas i\u015flem gerektiren grafik i\u015flerinde b\u00fcy\u00fck avantaj sa\u011flar.<\/p>\n","protected":false},"excerpt":{"rendered":"<p>1600 DPI Optik Sens\u00f6r: Y\u00fcksek hassasiyet sunan 1600 DPI sens\u00f6r, detayl\u0131 ve keskin hareketler i\u00e7in m\u00fckemmel bir performans sa\u011flar. \u00d6zellikle oyunlar ve grafik tasar\u0131m gibi hassasiyet gerektiren uygulamalarda ideal bir tercihtir. USB Ba\u011flant\u0131s\u0131: USB ba\u011flant\u0131 noktas\u0131 sayesinde kolayca bilgisayar\u0131n\u0131za ba\u011flanabilir ve an\u0131nda kullan\u0131m imkan\u0131 sunar. S\u00fcr\u00fcc\u00fc y\u00fcklemeden h\u0131zl\u0131ca \u00e7al\u0131\u015fmaya ba\u015flayabilirsiniz. Ayarlanabilir Hassasiyet: 1000 ile 5000&#8230;<\/p>\n","protected":false},"featured_media":118561,"comment_status":"open","ping_status":"closed","template":"","meta":{"_kad_post_transparent":"","_kad_post_title":"","_kad_post_layout":"","_kad_post_sidebar_id":"","_kad_post_content_style":"","_kad_post_vertical_padding":"","_kad_post_feature":"","_kad_post_feature_position":"","_kad_post_header":false,"_kad_post_footer":false,"_kad_post_classname":""},"product_brand":[],"product_cat":[14973],"product_tag":[],"class_list":{"0":"post-118562","1":"product","2":"type-product","3":"status-publish","4":"has-post-thumbnail","6":"product_cat-mouse-mouse","8":"first","9":"instock","10":"purchasable","11":"product-type-simple","12":"entry","13":"content-bg","14":"loop-entry"},"_links":{"self":[{"href":"https:\/\/www.hediyepazar.com\/index.php?rest_route=\/wp\/v2\/product\/118562","targetHints":{"allow":["GET"]}}],"collection":[{"href":"https:\/\/www.hediyepazar.com\/index.php?rest_route=\/wp\/v2\/product"}],"about":[{"href":"https:\/\/www.hediyepazar.com\/index.php?rest_route=\/wp\/v2\/types\/product"}],"replies":[{"embeddable":true,"href":"https:\/\/www.hediyepazar.com\/index.php?rest_route=%2Fwp%2Fv2%2Fcomments&post=118562"}],"wp:featuredmedia":[{"embeddable":true,"href":"https:\/\/www.hediyepazar.com\/index.php?rest_route=\/wp\/v2\/media\/118561"}],"wp:attachment":[{"href":"https:\/\/www.hediyepazar.com\/index.php?rest_route=%2Fwp%2Fv2%2Fmedia&parent=118562"}],"wp:term":[{"taxonomy":"product_brand","embeddable":true,"href":"https:\/\/www.hediyepazar.com\/index.php?rest_route=%2Fwp%2Fv2%2Fproduct_brand&post=118562"},{"taxonomy":"product_cat","embeddable":true,"href":"https:\/\/www.hediyepazar.com\/index.php?rest_route=%2Fwp%2Fv2%2Fproduct_cat&post=118562"},{"taxonomy":"product_tag","embeddable":true,"href":"https:\/\/www.hediyepazar.com\/index.php?rest_route=%2Fwp%2Fv2%2Fproduct_tag&post=118562"}],"curies":[{"name":"wp","href":"https:\/\/api.w.org\/{rel}","templated":true}]}}