{"id":118604,"date":"2026-05-05T23:03:59","date_gmt":"2026-05-06T02:03:59","guid":{"rendered":"https:\/\/www.hediyepazar.com\/?product=arac-ici-telefon-tutucu-ios-uyumlu-magsafe-manyetik-miknatisli-2"},"modified":"2026-05-05T23:03:59","modified_gmt":"2026-05-06T02:03:59","slug":"arac-ici-telefon-tutucu-ios-uyumlu-magsafe-manyetik-miknatisli-2","status":"publish","type":"product","link":"https:\/\/www.hediyepazar.com\/?product=arac-ici-telefon-tutucu-ios-uyumlu-magsafe-manyetik-miknatisli-2","title":{"rendered":"Ara\u00e7 I\u00e7i Telefon Tutucu \u0130OS Uyumlu Magsafe Manyetik M\u0131knat\u0131sl\u0131"},"content":{"rendered":"<p>MagSafe Uyumlu Manyetik Ara\u00e7 \u0130\u00e7i Telefon Tutucu | 11-12-13-14-15-15 Plus-15 Pro-15 Pro Max ile Tam UyumluModern teknolojiyi fonksiyonel tasar\u0131mla bulu\u015fturan bu MagSafe manyetik m\u0131knat\u0131sl\u0131 ara\u00e7 i\u00e7i telefon tutucu, hem ara\u00e7ta hem de ev\/ofis ortam\u0131nda kullan\u0131ma uygundur. 11, 12, 13, 14, 15, 15 Plus, 15 Pro ve 15 Pro Max modelleriyle tam uyum sa\u011flayan yap\u0131s\u0131 sayesinde cihaz\u0131n\u0131z\u0131 tek hamlede kolayca yerle\u015ftirebilir ve sabitleyebilirsiniz.\u00dcr\u00fcn\u00fcn g\u00fc\u00e7l\u00fc manyetik \u00e7ekim g\u00fcc\u00fc, telefonunuzu stabil bir \u015fekilde tutarak g\u00fcvenli s\u00fcr\u00fc\u015f deneyimi sunar. Silikon ped y\u00fczeyi sayesinde cihaz\u0131n\u0131z\u0131 \u00e7izilmelere kar\u015f\u0131 korurken, ayn\u0131 zamanda sa\u011flam ve kaymaz bir y\u00fczey sa\u011flar. Geli\u015fmi\u015f m\u0131knat\u0131s dizayn\u0131, telefonun s\u00fcr\u00fc\u015f esnas\u0131nda d\u00fc\u015fmesini \u00f6nler ve yolculuk boyunca g\u00fcvenli bir tutu\u015f sa\u011flar. \u00dcstelik cihaz\u0131n\u0131z\u0131n \u015farj giri\u015f portu tamamen a\u00e7\u0131k kal\u0131r; \u015farj kablosunu diledi\u011finiz an tak\u0131p \u00e7\u0131karabilirsiniz.360 derece d\u00f6nebilen ayak yap\u0131s\u0131 ve teleskopik, iki dirsekli tasar\u0131m\u0131 sayesinde telefonunuzu istedi\u011finiz a\u00e7\u0131da konumland\u0131rabilirsiniz. Bu esnek yap\u0131, hem yatay hem dikey kullan\u0131mda maksimum konfor sunar. Navigasyon takibi, video izleme ya da sesli arama gibi i\u015flevlerde ideal g\u00f6r\u00fc\u015f a\u00e7\u0131s\u0131n\u0131 sa\u011flayarak dikkat da\u011f\u0131n\u0131kl\u0131\u011f\u0131n\u0131 \u00f6nler.Sadece ara\u00e7 i\u00e7inde de\u011fil, ayn\u0131 zamanda masa\u00fcst\u00fc kullan\u0131mlarda da olduk\u00e7a kullan\u0131\u015fl\u0131 olan bu telefon tutucu, stand olarak kullan\u0131labilen tasar\u0131m\u0131 sayesinde ev ve ofislerde de yerini bulur. 3M yap\u0131\u015ft\u0131r\u0131c\u0131l\u0131 taban\u0131 sayesinde d\u00fcz zeminlere s\u0131k\u0131 bir \u015fekilde yap\u0131\u015f\u0131r; bu da \u00fcr\u00fcn\u00fc ister arac\u0131n\u0131z\u0131n \u00f6n panelinde, ister masa ya da mutfak tezgah\u0131 gibi d\u00fcz y\u00fczeylerde g\u00fcvenle kullanman\u0131za olanak tan\u0131r.Tek elle kullan\u0131m kolayl\u0131\u011f\u0131 sunan bu \u00fcr\u00fcn, yo\u011fun ve hareketli anlar\u0131n\u0131zda bile cihaz\u0131n\u0131za h\u0131zl\u0131 ve g\u00fcvenli bir \u015fekilde eri\u015fmenizi sa\u011flar. Minimalist tasar\u0131m\u0131, dayan\u0131kl\u0131 malzeme kalitesi ve i\u015flevselli\u011fiyle hem pratik hem de estetik bir \u00e7\u00f6z\u00fcm sunar.<\/p>\n","protected":false},"excerpt":{"rendered":"<p>MagSafe Uyumlu Manyetik Ara\u00e7 \u0130\u00e7i Telefon Tutucu | 11-12-13-14-15-15 Plus-15 Pro-15 Pro Max ile Tam UyumluModern teknolojiyi fonksiyonel tasar\u0131mla bulu\u015fturan bu MagSafe manyetik m\u0131knat\u0131sl\u0131 ara\u00e7 i\u00e7i telefon tutucu, hem ara\u00e7ta hem de ev\/ofis ortam\u0131nda kullan\u0131ma uygundur. 11, 12, 13, 14, 15, 15 Plus, 15 Pro ve 15 Pro Max modelleriyle tam uyum sa\u011flayan yap\u0131s\u0131 sayesinde&#8230;<\/p>\n","protected":false},"featured_media":118603,"comment_status":"open","ping_status":"closed","template":"","meta":{"_kad_post_transparent":"","_kad_post_title":"","_kad_post_layout":"","_kad_post_sidebar_id":"","_kad_post_content_style":"","_kad_post_vertical_padding":"","_kad_post_feature":"","_kad_post_feature_position":"","_kad_post_header":false,"_kad_post_footer":false,"_kad_post_classname":""},"product_brand":[],"product_cat":[14983],"product_tag":[],"class_list":{"0":"post-118604","1":"product","2":"type-product","3":"status-publish","4":"has-post-thumbnail","6":"product_cat-telefon-tutucu-telefon-tutucu","8":"first","9":"instock","10":"purchasable","11":"product-type-simple","12":"entry","13":"content-bg","14":"loop-entry"},"_links":{"self":[{"href":"https:\/\/www.hediyepazar.com\/index.php?rest_route=\/wp\/v2\/product\/118604","targetHints":{"allow":["GET"]}}],"collection":[{"href":"https:\/\/www.hediyepazar.com\/index.php?rest_route=\/wp\/v2\/product"}],"about":[{"href":"https:\/\/www.hediyepazar.com\/index.php?rest_route=\/wp\/v2\/types\/product"}],"replies":[{"embeddable":true,"href":"https:\/\/www.hediyepazar.com\/index.php?rest_route=%2Fwp%2Fv2%2Fcomments&post=118604"}],"wp:featuredmedia":[{"embeddable":true,"href":"https:\/\/www.hediyepazar.com\/index.php?rest_route=\/wp\/v2\/media\/118603"}],"wp:attachment":[{"href":"https:\/\/www.hediyepazar.com\/index.php?rest_route=%2Fwp%2Fv2%2Fmedia&parent=118604"}],"wp:term":[{"taxonomy":"product_brand","embeddable":true,"href":"https:\/\/www.hediyepazar.com\/index.php?rest_route=%2Fwp%2Fv2%2Fproduct_brand&post=118604"},{"taxonomy":"product_cat","embeddable":true,"href":"https:\/\/www.hediyepazar.com\/index.php?rest_route=%2Fwp%2Fv2%2Fproduct_cat&post=118604"},{"taxonomy":"product_tag","embeddable":true,"href":"https:\/\/www.hediyepazar.com\/index.php?rest_route=%2Fwp%2Fv2%2Fproduct_tag&post=118604"}],"curies":[{"name":"wp","href":"https:\/\/api.w.org\/{rel}","templated":true}]}}