{"id":118608,"date":"2026-05-05T23:04:17","date_gmt":"2026-05-06T02:04:17","guid":{"rendered":"https:\/\/www.hediyepazar.com\/?product=bluetooth-kulaklik-beyaz-cagri-cevaplama-dokunmatik-kontrol-kablosuz-2"},"modified":"2026-05-05T23:04:17","modified_gmt":"2026-05-06T02:04:17","slug":"bluetooth-kulaklik-beyaz-cagri-cevaplama-dokunmatik-kontrol-kablosuz-2","status":"publish","type":"product","link":"https:\/\/www.hediyepazar.com\/?product=bluetooth-kulaklik-beyaz-cagri-cevaplama-dokunmatik-kontrol-kablosuz-2","title":{"rendered":"Bluetooth Kulakl\u0131k Beyaz \u00c7a\u011fr\u0131 Cevaplama Dokunmatik Kontrol Kablosuz"},"content":{"rendered":"<p>Kompakt yap\u0131s\u0131, \u015f\u0131k tasar\u0131m\u0131 ve geli\u015fmi\u015f teknik \u00f6zellikleriyle dikkat \u00e7eken bu kulak i\u00e7i Bluetooth kulakl\u0131k, kullan\u0131c\u0131 deneyimini \u00fcst seviyeye ta\u015f\u0131yan pek \u00e7ok i\u015flev sunar. Beyaz renkteki zarif d\u0131\u015f g\u00f6r\u00fcn\u00fc\u015f\u00fcyle hem sade hem de modern bir tarz yakalayan \u00fcr\u00fcn, silikonsuz yap\u0131s\u0131yla kulak kanal\u0131na rahat\u00e7a oturur ve uzun s\u00fcreli kullan\u0131mda dahi konfor sa\u011flar. \u00dcr\u00fcn\u00fcn \u00f6ne \u00e7\u0131kan \u00f6zelliklerinden biri olan cihaz ismi de\u011fi\u015ftirme fonksiyonu, ki\u015fiselle\u015ftirme olana\u011f\u0131 sunarken, konum bulma fonksiyonu sayesinde kulakl\u0131klar kayboldu\u011funda yerini kolayl\u0131kla tespit edebilirsiniz.\u00c7ift mikrofon teknolojisi ile donat\u0131lan bu kulakl\u0131k, net ve kesintisiz \u00e7a\u011fr\u0131 g\u00f6r\u00fc\u015fmeleri yapman\u0131za olanak tan\u0131r. D\u0131\u015f ortam g\u00fcr\u00fclt\u00fcs\u00fcn\u00fc azaltarak kar\u015f\u0131 tarafa berrak bir ses iletimi sa\u011flar. M\u00fczik dinleme deneyimini daha keyifli hale getiren dokunmatik kontrol \u00f6zelli\u011fi sayesinde m\u00fczi\u011fi kolayca durdurabilir, \u015fark\u0131lar\u0131 de\u011fi\u015ftirebilir ya da gelen \u00e7a\u011fr\u0131lar\u0131 cevaplayabilirsiniz. Ayr\u0131ca her iki kulakl\u0131k da ba\u011f\u0131ms\u0131z olarak dokunmatik kontrol sunar.Geli\u015fmi\u015f batarya kapasitesiyle 24 saate kadar toplam pil \u00f6mr\u00fc sa\u011flayan kulakl\u0131k, kesintisiz bir ses deneyimi sunar. Tek \u015farjla yakla\u015f\u0131k 5 saate kadar m\u00fczik dinleme imkan\u0131 sunan \u00fcr\u00fcn, g\u00fcnl\u00fck kullan\u0131mda g\u00fcvenilir bir performans vadeder. Android uyumlu bu Bluetooth kulakl\u0131k, canl\u0131 ortam dinleme gibi ekstra fonksiyonlar\u0131 da destekleyerek \u00e7ok y\u00f6nl\u00fc bir kullan\u0131m sunar.Yeni nesil Bluetooth 5.0 teknolojisi ile donat\u0131lan kulakl\u0131k, hem iOS hem de Android i\u015fletim sistemine sahip cihazlarla uyumlu \u00e7al\u0131\u015f\u0131r. Ak\u0131ll\u0131 telefonlar\u0131n yan\u0131 s\u0131ra bilgisayar ve tabletlerle de Bluetooth arac\u0131l\u0131\u011f\u0131yla kolayca e\u015fle\u015ftirilebilir. Sesli asistan deste\u011fi sayesinde komutlar\u0131n\u0131z\u0131 alg\u0131layarak y\u00f6nlendirme, arama yapma veya m\u00fczik kontrol\u00fc gibi i\u015flemleri zahmetsizce ger\u00e7ekle\u015ftirebilirsiniz. Kurulum ve ba\u011flant\u0131 i\u015flemleri olduk\u00e7a basit olup, kullan\u0131c\u0131 dostu bir deneyim sunar.<\/p>\n","protected":false},"excerpt":{"rendered":"<p>Kompakt yap\u0131s\u0131, \u015f\u0131k tasar\u0131m\u0131 ve geli\u015fmi\u015f teknik \u00f6zellikleriyle dikkat \u00e7eken bu kulak i\u00e7i Bluetooth kulakl\u0131k, kullan\u0131c\u0131 deneyimini \u00fcst seviyeye ta\u015f\u0131yan pek \u00e7ok i\u015flev sunar. Beyaz renkteki zarif d\u0131\u015f g\u00f6r\u00fcn\u00fc\u015f\u00fcyle hem sade hem de modern bir tarz yakalayan \u00fcr\u00fcn, silikonsuz yap\u0131s\u0131yla kulak kanal\u0131na rahat\u00e7a oturur ve uzun s\u00fcreli kullan\u0131mda dahi konfor sa\u011flar. \u00dcr\u00fcn\u00fcn \u00f6ne \u00e7\u0131kan \u00f6zelliklerinden&#8230;<\/p>\n","protected":false},"featured_media":118607,"comment_status":"open","ping_status":"closed","template":"","meta":{"_kad_post_transparent":"","_kad_post_title":"","_kad_post_layout":"","_kad_post_sidebar_id":"","_kad_post_content_style":"","_kad_post_vertical_padding":"","_kad_post_feature":"","_kad_post_feature_position":"","_kad_post_header":false,"_kad_post_footer":false,"_kad_post_classname":""},"product_brand":[],"product_cat":[14957],"product_tag":[],"class_list":{"0":"post-118608","1":"product","2":"type-product","3":"status-publish","4":"has-post-thumbnail","6":"product_cat-kablosuz-kulaklik-kablosuz-kulaklik","8":"first","9":"instock","10":"purchasable","11":"product-type-simple","12":"entry","13":"content-bg","14":"loop-entry"},"_links":{"self":[{"href":"https:\/\/www.hediyepazar.com\/index.php?rest_route=\/wp\/v2\/product\/118608","targetHints":{"allow":["GET"]}}],"collection":[{"href":"https:\/\/www.hediyepazar.com\/index.php?rest_route=\/wp\/v2\/product"}],"about":[{"href":"https:\/\/www.hediyepazar.com\/index.php?rest_route=\/wp\/v2\/types\/product"}],"replies":[{"embeddable":true,"href":"https:\/\/www.hediyepazar.com\/index.php?rest_route=%2Fwp%2Fv2%2Fcomments&post=118608"}],"wp:featuredmedia":[{"embeddable":true,"href":"https:\/\/www.hediyepazar.com\/index.php?rest_route=\/wp\/v2\/media\/118607"}],"wp:attachment":[{"href":"https:\/\/www.hediyepazar.com\/index.php?rest_route=%2Fwp%2Fv2%2Fmedia&parent=118608"}],"wp:term":[{"taxonomy":"product_brand","embeddable":true,"href":"https:\/\/www.hediyepazar.com\/index.php?rest_route=%2Fwp%2Fv2%2Fproduct_brand&post=118608"},{"taxonomy":"product_cat","embeddable":true,"href":"https:\/\/www.hediyepazar.com\/index.php?rest_route=%2Fwp%2Fv2%2Fproduct_cat&post=118608"},{"taxonomy":"product_tag","embeddable":true,"href":"https:\/\/www.hediyepazar.com\/index.php?rest_route=%2Fwp%2Fv2%2Fproduct_tag&post=118608"}],"curies":[{"name":"wp","href":"https:\/\/api.w.org\/{rel}","templated":true}]}}