{"id":118696,"date":"2026-05-05T23:17:18","date_gmt":"2026-05-06T02:17:18","guid":{"rendered":"https:\/\/www.hediyepazar.com\/?product=fon-tarak-sac-duzlestirici-sac-kurutma-makinesi-sicak-hava-fircasi"},"modified":"2026-05-05T23:17:18","modified_gmt":"2026-05-06T02:17:18","slug":"fon-tarak-sac-duzlestirici-sac-kurutma-makinesi-sicak-hava-fircasi","status":"publish","type":"product","link":"https:\/\/www.hediyepazar.com\/?product=fon-tarak-sac-duzlestirici-sac-kurutma-makinesi-sicak-hava-fircasi","title":{"rendered":"F\u00f6n Tarak Sa\u00e7 D\u00fczle\u015ftirici Sa\u00e7 Kurutma Makinesi S\u0131cak Hava F\u0131r\u00e7as\u0131"},"content":{"rendered":"<p>Bu modern sa\u00e7 \u015fekillendirme cihaz\u0131, g\u00fcnl\u00fck kullan\u0131mda hem zaman tasarrufu sa\u011flar hem de sa\u00e7lar\u0131n\u0131za profesyonel dokunu\u015flar kazand\u0131r\u0131r. Y\u00fcksek verimli motoru, g\u00fc\u00e7l\u00fc hava ak\u0131m\u0131 ile sa\u00e7lar\u0131 k\u0131sa s\u00fcrede kuruturken; iyon teknolojisi sa\u00e7 tellerini y\u0131pratmadan p\u00fcr\u00fczs\u00fcz ve elektriklenmeyen bir g\u00f6r\u00fcn\u00fcm elde etmenizi sa\u011flar. Bu teknoloji sa\u00e7\u0131n do\u011fal parlakl\u0131\u011f\u0131n\u0131 korur ve sa\u00e7lar\u0131 daha sa\u011fl\u0131kl\u0131 g\u00f6sterir.Farkl\u0131 sa\u00e7 tiplerine \u00f6zel olarak geli\u015ftirilen s\u0131cakl\u0131k ve h\u0131z se\u00e7enekleri, ki\u015fiselle\u015ftirilmi\u015f bak\u0131m sunar. D\u00fc\u015f\u00fck s\u0131cakl\u0131k, ince telli ve hassas sa\u00e7lar i\u00e7in idealken; y\u00fcksek s\u0131cakl\u0131k, kal\u0131n ve yo\u011fun sa\u00e7lar\u0131 kolayca \u015fekillendirmenizi sa\u011flar. So\u011fuk hava fonksiyonu ise \u015feklinizi sabitleyerek g\u00fcn boyu kal\u0131c\u0131l\u0131k sa\u011flar.Ergonomik tasar\u0131m\u0131 ve hafif yap\u0131s\u0131yla hem evde hem de seyahatte rahat kullan\u0131m sunar. 360 derece d\u00f6nebilen kablosu, cihaz\u0131n kolay manevra yapmas\u0131n\u0131 sa\u011flarken kablo kar\u0131\u015f\u0131kl\u0131klar\u0131n\u0131 \u00f6nler. A\u015f\u0131r\u0131 \u0131s\u0131nma korumas\u0131 ve otomatik kapanma \u00f6zelli\u011fi ile maksimum g\u00fcvenlik sunar.Kullan\u0131m kolayl\u0131\u011f\u0131, \u00e7ok y\u00f6nl\u00fcl\u00fc\u011f\u00fc ve sa\u00e7 sa\u011fl\u0131\u011f\u0131n\u0131 \u00f6n planda tutan \u00f6zellikleriyle bu \u00fcr\u00fcn, g\u00fcnl\u00fck sa\u00e7 bak\u0131m rutininizin vazge\u00e7ilmez bir par\u00e7as\u0131 haline gelir. Dilersen farkl\u0131 bir cihaz t\u00fcr\u00fc i\u00e7in de a\u00e7\u0131klama haz\u0131rlayabilirim!<\/p>\n","protected":false},"excerpt":{"rendered":"<p>Bu modern sa\u00e7 \u015fekillendirme cihaz\u0131, g\u00fcnl\u00fck kullan\u0131mda hem zaman tasarrufu sa\u011flar hem de sa\u00e7lar\u0131n\u0131za profesyonel dokunu\u015flar kazand\u0131r\u0131r. Y\u00fcksek verimli motoru, g\u00fc\u00e7l\u00fc hava ak\u0131m\u0131 ile sa\u00e7lar\u0131 k\u0131sa s\u00fcrede kuruturken; iyon teknolojisi sa\u00e7 tellerini y\u0131pratmadan p\u00fcr\u00fczs\u00fcz ve elektriklenmeyen bir g\u00f6r\u00fcn\u00fcm elde etmenizi sa\u011flar. Bu teknoloji sa\u00e7\u0131n do\u011fal parlakl\u0131\u011f\u0131n\u0131 korur ve sa\u00e7lar\u0131 daha sa\u011fl\u0131kl\u0131 g\u00f6sterir.Farkl\u0131 sa\u00e7 tiplerine \u00f6zel&#8230;<\/p>\n","protected":false},"featured_media":118695,"comment_status":"open","ping_status":"closed","template":"","meta":{"_kad_post_transparent":"","_kad_post_title":"","_kad_post_layout":"","_kad_post_sidebar_id":"","_kad_post_content_style":"","_kad_post_vertical_padding":"","_kad_post_feature":"","_kad_post_feature_position":"","_kad_post_header":false,"_kad_post_footer":false,"_kad_post_classname":""},"product_brand":[],"product_cat":[14907],"product_tag":[],"class_list":{"0":"post-118696","1":"product","2":"type-product","3":"status-publish","4":"has-post-thumbnail","6":"product_cat-sac-masasi-sac-masasi","8":"first","9":"instock","10":"purchasable","11":"product-type-simple","12":"entry","13":"content-bg","14":"loop-entry"},"_links":{"self":[{"href":"https:\/\/www.hediyepazar.com\/index.php?rest_route=\/wp\/v2\/product\/118696","targetHints":{"allow":["GET"]}}],"collection":[{"href":"https:\/\/www.hediyepazar.com\/index.php?rest_route=\/wp\/v2\/product"}],"about":[{"href":"https:\/\/www.hediyepazar.com\/index.php?rest_route=\/wp\/v2\/types\/product"}],"replies":[{"embeddable":true,"href":"https:\/\/www.hediyepazar.com\/index.php?rest_route=%2Fwp%2Fv2%2Fcomments&post=118696"}],"wp:featuredmedia":[{"embeddable":true,"href":"https:\/\/www.hediyepazar.com\/index.php?rest_route=\/wp\/v2\/media\/118695"}],"wp:attachment":[{"href":"https:\/\/www.hediyepazar.com\/index.php?rest_route=%2Fwp%2Fv2%2Fmedia&parent=118696"}],"wp:term":[{"taxonomy":"product_brand","embeddable":true,"href":"https:\/\/www.hediyepazar.com\/index.php?rest_route=%2Fwp%2Fv2%2Fproduct_brand&post=118696"},{"taxonomy":"product_cat","embeddable":true,"href":"https:\/\/www.hediyepazar.com\/index.php?rest_route=%2Fwp%2Fv2%2Fproduct_cat&post=118696"},{"taxonomy":"product_tag","embeddable":true,"href":"https:\/\/www.hediyepazar.com\/index.php?rest_route=%2Fwp%2Fv2%2Fproduct_tag&post=118696"}],"curies":[{"name":"wp","href":"https:\/\/api.w.org\/{rel}","templated":true}]}}