{"id":118698,"date":"2026-05-05T23:17:28","date_gmt":"2026-05-06T02:17:28","guid":{"rendered":"https:\/\/www.hediyepazar.com\/?product=fon-tarak-duzlestirici-seramik-kaplama-fon-makinesi-sac-kurutma"},"modified":"2026-05-05T23:17:28","modified_gmt":"2026-05-06T02:17:28","slug":"fon-tarak-duzlestirici-seramik-kaplama-fon-makinesi-sac-kurutma","status":"publish","type":"product","link":"https:\/\/www.hediyepazar.com\/?product=fon-tarak-duzlestirici-seramik-kaplama-fon-makinesi-sac-kurutma","title":{"rendered":"F\u00f6n Tarak D\u00fczle\u015ftirici Seramik Kaplama F\u00f6n Makinesi Sa\u00e7 Kurutma"},"content":{"rendered":"<p>Sa\u00e7 kurutma, d\u00fczle\u015ftirme ve \u015fekillendirme gibi i\u015flemleri tek bir cihazda birle\u015ftiren bu yenilik\u00e7i sa\u00e7 bak\u0131m arac\u0131, modern ya\u015fam temposuna uyum sa\u011flayan kullan\u0131c\u0131lar i\u00e7in tasarlanm\u0131\u015ft\u0131r. Kompakt ve ta\u015f\u0131nabilir yap\u0131s\u0131 sayesinde evde ya da seyahatlerde kullan\u0131m kolayl\u0131\u011f\u0131 sunar. Cihaz\u0131n s\u0131cak ve so\u011fuk hava \u00fcfleme se\u00e7enekleri, sa\u00e7 tipinize ve ihtiyac\u0131n\u0131za g\u00f6re esnek bir deneyim sa\u011flar. Ayarlanabilir \u0131s\u0131 ayarlar\u0131 sayesinde ince telli, kal\u0131n telli ya da boyal\u0131 sa\u00e7lara \u00f6zel bak\u0131m yapabilirsiniz.Negatif iyon teknolojisi, sa\u00e7\u0131n elektriklenmesini \u00f6nlerken do\u011fal parlakl\u0131\u011f\u0131n\u0131 korur ve ipeksi bir yumu\u015fakl\u0131k kazand\u0131r\u0131r. Ergonomik tasar\u0131m\u0131 sayesinde uzun s\u00fcreli kullan\u0131mlarda dahi konforlu bir tutu\u015f sa\u011flar. A\u015f\u0131r\u0131 \u0131s\u0131nmaya kar\u015f\u0131 otomatik kapanma \u00f6zelli\u011fiyle donat\u0131lm\u0131\u015f olmas\u0131 ise hem kullan\u0131c\u0131 g\u00fcvenli\u011fini art\u0131r\u0131r hem de cihaz\u0131n \u00f6mr\u00fcn\u00fc uzat\u0131r.H\u0131zl\u0131 kurutma \u00f6zelli\u011fi sayesinde zamandan tasarruf etmek isteyen kullan\u0131c\u0131lar i\u00e7in idealdir. Sa\u00e7lar\u0131n\u0131za hacim, form ve canl\u0131l\u0131k katarken, do\u011fal g\u00f6r\u00fcn\u00fcm\u00fcn\u00fcz\u00fc bozmadan profesyonel bir stil elde etmenizi sa\u011flar. G\u00fczelli\u011finize konfor ve i\u015flevsellik katacak bu cihaz, sa\u00e7 bak\u0131m rutininizin vazge\u00e7ilmezlerinden biri olmaya aday.<\/p>\n","protected":false},"excerpt":{"rendered":"<p>Sa\u00e7 kurutma, d\u00fczle\u015ftirme ve \u015fekillendirme gibi i\u015flemleri tek bir cihazda birle\u015ftiren bu yenilik\u00e7i sa\u00e7 bak\u0131m arac\u0131, modern ya\u015fam temposuna uyum sa\u011flayan kullan\u0131c\u0131lar i\u00e7in tasarlanm\u0131\u015ft\u0131r. Kompakt ve ta\u015f\u0131nabilir yap\u0131s\u0131 sayesinde evde ya da seyahatlerde kullan\u0131m kolayl\u0131\u011f\u0131 sunar. Cihaz\u0131n s\u0131cak ve so\u011fuk hava \u00fcfleme se\u00e7enekleri, sa\u00e7 tipinize ve ihtiyac\u0131n\u0131za g\u00f6re esnek bir deneyim sa\u011flar. Ayarlanabilir \u0131s\u0131 ayarlar\u0131&#8230;<\/p>\n","protected":false},"featured_media":118697,"comment_status":"open","ping_status":"closed","template":"","meta":{"_kad_post_transparent":"","_kad_post_title":"","_kad_post_layout":"","_kad_post_sidebar_id":"","_kad_post_content_style":"","_kad_post_vertical_padding":"","_kad_post_feature":"","_kad_post_feature_position":"","_kad_post_header":false,"_kad_post_footer":false,"_kad_post_classname":""},"product_brand":[],"product_cat":[14907],"product_tag":[],"class_list":{"0":"post-118698","1":"product","2":"type-product","3":"status-publish","4":"has-post-thumbnail","6":"product_cat-sac-masasi-sac-masasi","8":"first","9":"instock","10":"purchasable","11":"product-type-simple","12":"entry","13":"content-bg","14":"loop-entry"},"_links":{"self":[{"href":"https:\/\/www.hediyepazar.com\/index.php?rest_route=\/wp\/v2\/product\/118698","targetHints":{"allow":["GET"]}}],"collection":[{"href":"https:\/\/www.hediyepazar.com\/index.php?rest_route=\/wp\/v2\/product"}],"about":[{"href":"https:\/\/www.hediyepazar.com\/index.php?rest_route=\/wp\/v2\/types\/product"}],"replies":[{"embeddable":true,"href":"https:\/\/www.hediyepazar.com\/index.php?rest_route=%2Fwp%2Fv2%2Fcomments&post=118698"}],"wp:featuredmedia":[{"embeddable":true,"href":"https:\/\/www.hediyepazar.com\/index.php?rest_route=\/wp\/v2\/media\/118697"}],"wp:attachment":[{"href":"https:\/\/www.hediyepazar.com\/index.php?rest_route=%2Fwp%2Fv2%2Fmedia&parent=118698"}],"wp:term":[{"taxonomy":"product_brand","embeddable":true,"href":"https:\/\/www.hediyepazar.com\/index.php?rest_route=%2Fwp%2Fv2%2Fproduct_brand&post=118698"},{"taxonomy":"product_cat","embeddable":true,"href":"https:\/\/www.hediyepazar.com\/index.php?rest_route=%2Fwp%2Fv2%2Fproduct_cat&post=118698"},{"taxonomy":"product_tag","embeddable":true,"href":"https:\/\/www.hediyepazar.com\/index.php?rest_route=%2Fwp%2Fv2%2Fproduct_tag&post=118698"}],"curies":[{"name":"wp","href":"https:\/\/api.w.org\/{rel}","templated":true}]}}