{"id":118704,"date":"2026-05-05T23:18:14","date_gmt":"2026-05-06T02:18:14","guid":{"rendered":"https:\/\/www.hediyepazar.com\/?product=rgb-isikli-gaming-oyuncu-klavye-q-klavye-mouse-hediyeli-2"},"modified":"2026-05-05T23:18:14","modified_gmt":"2026-05-06T02:18:14","slug":"rgb-isikli-gaming-oyuncu-klavye-q-klavye-mouse-hediyeli-2","status":"publish","type":"product","link":"https:\/\/www.hediyepazar.com\/?product=rgb-isikli-gaming-oyuncu-klavye-q-klavye-mouse-hediyeli-2","title":{"rendered":"RGB I\u015f\u0131kl\u0131 Gaming Oyuncu Klavye Q Klavye Mouse Hediyeli"},"content":{"rendered":"<p>Geli\u015fmi\u015f LED Ayd\u0131nlatmal\u0131 Mekanik Gaming Klavye ve Ergonomik Mouse Seti, oyun severler i\u00e7in \u00f6zel olarak tasarlanm\u0131\u015f \u00fcst\u00fcn performansl\u0131 bir ekipmand\u0131r. G\u00f6z al\u0131c\u0131 LED \u0131\u015f\u0131kland\u0131rmas\u0131 sayesinde karanl\u0131k ortamlarda bile t\u00fcm tu\u015flar net bir \u015fekilde g\u00f6r\u00fcn\u00fcr, bu da oyun deneyiminizi gece g\u00fcnd\u00fcz kesintisiz s\u00fcrd\u00fcrebilmenizi sa\u011flar. Renkli ve canl\u0131 ayd\u0131nlatma efektleri sayesinde masa\u00fcst\u00fcn\u00fczde estetik bir atmosfer olu\u015fur, ayn\u0131 zamanda ki\u015fisel tarz\u0131n\u0131z\u0131 yans\u0131tman\u0131za yard\u0131mc\u0131 olur.Mekanik hissiyat sunan \u00f6zel tu\u015f yap\u0131s\u0131, y\u00fcksek hassasiyet ve dayan\u0131kl\u0131l\u0131k sa\u011flayarak \u00f6zellikle FPS, MOBA veya RPG t\u00fcr\u00fcndeki oyunlarda daha etkili bir kontrol sunar. Klavyede yer alan b\u00fcy\u00fck boyutlu tu\u015flar, daha rahat ve h\u0131zl\u0131 bir kullan\u0131m sunarken tu\u015flar\u0131n yumu\u015fak ge\u00e7i\u015fleri yaz\u0131 yazarken de \u00fcst d\u00fczey bir konfor sa\u011flar. Nefes alma modundaki \u0131\u015f\u0131k ge\u00e7i\u015fleriyle g\u00f6z yormayan bir deneyim sunarken, FN tu\u015fu ile aktif hale gelen k\u0131sa yol kombinasyonlar\u0131 sayesinde oyun s\u0131ras\u0131nda zaman kazand\u0131ran h\u0131zl\u0131 komutlar olu\u015fturabilirsiniz.Setle birlikte gelen ergonomik mouse, avu\u00e7 i\u00e7ine tam oturacak \u015fekilde tasarlanm\u0131\u015f olup uzun s\u00fcreli kullan\u0131mlarda bile yorgunluk hissini en aza indirir. Y\u00fcksek hassasiyetli optik sens\u00f6r\u00fc sayesinde ak\u0131c\u0131 hareketler sa\u011flar ve \u00f6zellikle h\u0131zl\u0131 tepki verilmesi gereken oyun sahnelerinde b\u00fcy\u00fck avantaj sunar. Hafif ve dengeli yap\u0131s\u0131 ile kullan\u0131c\u0131ya maksimum kontrol imkan\u0131 verir.Windows i\u015fletim sistemleriyle tam uyumlu olan bu klavye ve mouse seti, oyun performans\u0131n\u0131z\u0131 zirveye ta\u015f\u0131yacak \u015fekilde optimize edilmi\u015ftir. Minimum ses, maksimum h\u0131z ve konfor arayan herkes i\u00e7in ideal bir tercihtir. Oyunda fark yaratmak isteyenler i\u00e7in tasarland\u0131!<\/p>\n","protected":false},"excerpt":{"rendered":"<p>Geli\u015fmi\u015f LED Ayd\u0131nlatmal\u0131 Mekanik Gaming Klavye ve Ergonomik Mouse Seti, oyun severler i\u00e7in \u00f6zel olarak tasarlanm\u0131\u015f \u00fcst\u00fcn performansl\u0131 bir ekipmand\u0131r. G\u00f6z al\u0131c\u0131 LED \u0131\u015f\u0131kland\u0131rmas\u0131 sayesinde karanl\u0131k ortamlarda bile t\u00fcm tu\u015flar net bir \u015fekilde g\u00f6r\u00fcn\u00fcr, bu da oyun deneyiminizi gece g\u00fcnd\u00fcz kesintisiz s\u00fcrd\u00fcrebilmenizi sa\u011flar. Renkli ve canl\u0131 ayd\u0131nlatma efektleri sayesinde masa\u00fcst\u00fcn\u00fczde estetik bir atmosfer olu\u015fur, ayn\u0131&#8230;<\/p>\n","protected":false},"featured_media":118703,"comment_status":"open","ping_status":"closed","template":"","meta":{"_kad_post_transparent":"","_kad_post_title":"","_kad_post_layout":"","_kad_post_sidebar_id":"","_kad_post_content_style":"","_kad_post_vertical_padding":"","_kad_post_feature":"","_kad_post_feature_position":"","_kad_post_header":false,"_kad_post_footer":false,"_kad_post_classname":""},"product_brand":[],"product_cat":[14993],"product_tag":[],"class_list":{"0":"post-118704","1":"product","2":"type-product","3":"status-publish","4":"has-post-thumbnail","6":"product_cat-oyuncu-klavyesi-oyuncu-klavyesi","8":"first","9":"instock","10":"purchasable","11":"product-type-simple","12":"entry","13":"content-bg","14":"loop-entry"},"_links":{"self":[{"href":"https:\/\/www.hediyepazar.com\/index.php?rest_route=\/wp\/v2\/product\/118704","targetHints":{"allow":["GET"]}}],"collection":[{"href":"https:\/\/www.hediyepazar.com\/index.php?rest_route=\/wp\/v2\/product"}],"about":[{"href":"https:\/\/www.hediyepazar.com\/index.php?rest_route=\/wp\/v2\/types\/product"}],"replies":[{"embeddable":true,"href":"https:\/\/www.hediyepazar.com\/index.php?rest_route=%2Fwp%2Fv2%2Fcomments&post=118704"}],"wp:featuredmedia":[{"embeddable":true,"href":"https:\/\/www.hediyepazar.com\/index.php?rest_route=\/wp\/v2\/media\/118703"}],"wp:attachment":[{"href":"https:\/\/www.hediyepazar.com\/index.php?rest_route=%2Fwp%2Fv2%2Fmedia&parent=118704"}],"wp:term":[{"taxonomy":"product_brand","embeddable":true,"href":"https:\/\/www.hediyepazar.com\/index.php?rest_route=%2Fwp%2Fv2%2Fproduct_brand&post=118704"},{"taxonomy":"product_cat","embeddable":true,"href":"https:\/\/www.hediyepazar.com\/index.php?rest_route=%2Fwp%2Fv2%2Fproduct_cat&post=118704"},{"taxonomy":"product_tag","embeddable":true,"href":"https:\/\/www.hediyepazar.com\/index.php?rest_route=%2Fwp%2Fv2%2Fproduct_tag&post=118704"}],"curies":[{"name":"wp","href":"https:\/\/api.w.org\/{rel}","templated":true}]}}