{"id":118714,"date":"2026-05-05T23:20:15","date_gmt":"2026-05-06T02:20:15","guid":{"rendered":"https:\/\/www.hediyepazar.com\/?product=vakumlu-supurge-sarjli-elektrikli-mini-tasinabilir-uzun-omurlu-hazneli-2"},"modified":"2026-05-05T23:20:15","modified_gmt":"2026-05-06T02:20:15","slug":"vakumlu-supurge-sarjli-elektrikli-mini-tasinabilir-uzun-omurlu-hazneli-2","status":"publish","type":"product","link":"https:\/\/www.hediyepazar.com\/?product=vakumlu-supurge-sarjli-elektrikli-mini-tasinabilir-uzun-omurlu-hazneli-2","title":{"rendered":"Vakumlu S\u00fcp\u00fcrge \u015earjl\u0131 Elektrikli Mini Ta\u015f\u0131nabilir Uzun \u00d6m\u00fcrl\u00fc Hazneli"},"content":{"rendered":"<p>Mini vakumlu ara\u00e7 s\u00fcp\u00fcrgesi, ara\u00e7 i\u00e7i temizlikte pratiklik ve y\u00fcksek performans\u0131 bir araya getirerek kullan\u0131c\u0131lar\u0131n beklentilerini fazlas\u0131yla kar\u015f\u0131lar. 120W g\u00fcc\u00fcndeki motoru, 5500Pa seviyesinde g\u00fc\u00e7l\u00fc bir emi\u015f sa\u011flayarak toz, k\u0131r\u0131nt\u0131, sa\u00e7 ve di\u011fer kirleri saniyeler i\u00e7inde ortadan kald\u0131r\u0131r. Kompakt yap\u0131s\u0131 sayesinde ara\u00e7 i\u00e7inde kolayca kullan\u0131labilir ve dar alanlara rahatl\u0131kla ula\u015fabilir.Katlanabilir sap tasar\u0131m\u0131, s\u00fcp\u00fcrgenin ta\u015f\u0131nmas\u0131n\u0131 ve saklanmas\u0131n\u0131 son derece kolayla\u015ft\u0131r\u0131rken, USB \u015farj \u00f6zelli\u011fiyle de modern kullan\u0131m ihtiya\u00e7lar\u0131na cevap verir. Y\u0131kanabilir filtre sistemi sayesinde hijyenik bir temizlik sunar ve tekrar tekrar kullan\u0131labilir, bu da hem \u00e7evre dostu hem de ekonomik bir avantaj sa\u011flar. ABS malzeme kullan\u0131m\u0131, cihaz\u0131n hem hafifli\u011fini hem de dayan\u0131kl\u0131l\u0131\u011f\u0131n\u0131 art\u0131r\u0131r. Pratik, g\u00fc\u00e7l\u00fc ve fonksiyonel bir temizlik \u00e7\u00f6z\u00fcm\u00fc arayanlar i\u00e7in bu el tipi ara\u00e7 s\u00fcp\u00fcrgesi vazge\u00e7ilmez bir yard\u0131mc\u0131n\u0131z olacak.<\/p>\n","protected":false},"excerpt":{"rendered":"<p>Mini vakumlu ara\u00e7 s\u00fcp\u00fcrgesi, ara\u00e7 i\u00e7i temizlikte pratiklik ve y\u00fcksek performans\u0131 bir araya getirerek kullan\u0131c\u0131lar\u0131n beklentilerini fazlas\u0131yla kar\u015f\u0131lar. 120W g\u00fcc\u00fcndeki motoru, 5500Pa seviyesinde g\u00fc\u00e7l\u00fc bir emi\u015f sa\u011flayarak toz, k\u0131r\u0131nt\u0131, sa\u00e7 ve di\u011fer kirleri saniyeler i\u00e7inde ortadan kald\u0131r\u0131r. Kompakt yap\u0131s\u0131 sayesinde ara\u00e7 i\u00e7inde kolayca kullan\u0131labilir ve dar alanlara rahatl\u0131kla ula\u015fabilir.Katlanabilir sap tasar\u0131m\u0131, s\u00fcp\u00fcrgenin ta\u015f\u0131nmas\u0131n\u0131 ve saklanmas\u0131n\u0131&#8230;<\/p>\n","protected":false},"featured_media":118713,"comment_status":"open","ping_status":"closed","template":"","meta":{"_kad_post_transparent":"","_kad_post_title":"","_kad_post_layout":"","_kad_post_sidebar_id":"","_kad_post_content_style":"","_kad_post_vertical_padding":"","_kad_post_feature":"","_kad_post_feature_position":"","_kad_post_header":false,"_kad_post_footer":false,"_kad_post_classname":""},"product_brand":[],"product_cat":[14998],"product_tag":[],"class_list":{"0":"post-118714","1":"product","2":"type-product","3":"status-publish","4":"has-post-thumbnail","6":"product_cat-arac-ici-supurge-arac-ici-supurge","8":"first","9":"instock","10":"purchasable","11":"product-type-simple","12":"entry","13":"content-bg","14":"loop-entry"},"_links":{"self":[{"href":"https:\/\/www.hediyepazar.com\/index.php?rest_route=\/wp\/v2\/product\/118714","targetHints":{"allow":["GET"]}}],"collection":[{"href":"https:\/\/www.hediyepazar.com\/index.php?rest_route=\/wp\/v2\/product"}],"about":[{"href":"https:\/\/www.hediyepazar.com\/index.php?rest_route=\/wp\/v2\/types\/product"}],"replies":[{"embeddable":true,"href":"https:\/\/www.hediyepazar.com\/index.php?rest_route=%2Fwp%2Fv2%2Fcomments&post=118714"}],"wp:featuredmedia":[{"embeddable":true,"href":"https:\/\/www.hediyepazar.com\/index.php?rest_route=\/wp\/v2\/media\/118713"}],"wp:attachment":[{"href":"https:\/\/www.hediyepazar.com\/index.php?rest_route=%2Fwp%2Fv2%2Fmedia&parent=118714"}],"wp:term":[{"taxonomy":"product_brand","embeddable":true,"href":"https:\/\/www.hediyepazar.com\/index.php?rest_route=%2Fwp%2Fv2%2Fproduct_brand&post=118714"},{"taxonomy":"product_cat","embeddable":true,"href":"https:\/\/www.hediyepazar.com\/index.php?rest_route=%2Fwp%2Fv2%2Fproduct_cat&post=118714"},{"taxonomy":"product_tag","embeddable":true,"href":"https:\/\/www.hediyepazar.com\/index.php?rest_route=%2Fwp%2Fv2%2Fproduct_tag&post=118714"}],"curies":[{"name":"wp","href":"https:\/\/api.w.org\/{rel}","templated":true}]}}