{"id":118718,"date":"2026-05-05T23:20:31","date_gmt":"2026-05-06T02:20:31","guid":{"rendered":"https:\/\/www.hediyepazar.com\/?product=sarjli-cok-fonksiyonlu-el-supurgesi-mini-vakumlu-arac-supurgesi-2"},"modified":"2026-05-05T23:20:31","modified_gmt":"2026-05-06T02:20:31","slug":"sarjli-cok-fonksiyonlu-el-supurgesi-mini-vakumlu-arac-supurgesi-2","status":"publish","type":"product","link":"https:\/\/www.hediyepazar.com\/?product=sarjli-cok-fonksiyonlu-el-supurgesi-mini-vakumlu-arac-supurgesi-2","title":{"rendered":"\u015earjl\u0131 \u00c7ok Fonksiyonlu El S\u00fcp\u00fcrgesi Mini Vakumlu Ara\u00e7 S\u00fcp\u00fcrgesi"},"content":{"rendered":"<p>Mini vakumlu ara\u00e7 s\u00fcp\u00fcrgesi, kompakt ve \u015f\u0131k tasar\u0131m\u0131yla ara\u00e7 i\u00e7i temizlik ihtiya\u00e7lar\u0131n\u0131 pratik \u015fekilde kar\u015f\u0131layan \u00e7ok fonksiyonlu bir \u00fcr\u00fcnd\u00fcr. 120W g\u00fc\u00e7l\u00fc motoru sayesinde 5500Pa vakum g\u00fcc\u00fc \u00fcretir ve bu sayede ara\u00e7 i\u00e7erisindeki toz, k\u0131r\u0131nt\u0131, sa\u00e7 teli ve di\u011fer k\u00fc\u00e7\u00fck partik\u00fclleri zahmetsizce temizler. Katlanabilir sap\u0131, hem kullan\u0131m kolayl\u0131\u011f\u0131 sa\u011flar hem de \u00fcr\u00fcn\u00fcn ta\u015f\u0131nmas\u0131n\u0131 ve saklanmas\u0131n\u0131 son derece pratik hale getirir.\u015earjl\u0131 yap\u0131s\u0131 sayesinde kablo karma\u015fas\u0131na gerek kalmadan her yerde kullan\u0131labilir; USB \u00fczerinden kolayca \u015farj edilebilir yap\u0131s\u0131 da modern kullan\u0131c\u0131 ihtiya\u00e7lar\u0131na tam uyum sa\u011flar. ABS malzemeden \u00fcretilmi\u015f olmas\u0131, \u00fcr\u00fcne hem dayan\u0131kl\u0131l\u0131k hem de uzun \u00f6m\u00fcr kazand\u0131r\u0131r. Y\u0131kanabilir filtresi ise s\u00fcrd\u00fcr\u00fclebilir temizlik sunarak filtre de\u011fi\u015fimine ihtiya\u00e7 duymadan hijyenik kullan\u0131m imkan\u0131 sa\u011flar. Ara\u00e7 i\u00e7i temizlikte pratiklik, g\u00fc\u00e7 ve ta\u015f\u0131nabilirlik arayanlar i\u00e7in bu mini s\u00fcp\u00fcrge ideal bir tercihtir.<\/p>\n","protected":false},"excerpt":{"rendered":"<p>Mini vakumlu ara\u00e7 s\u00fcp\u00fcrgesi, kompakt ve \u015f\u0131k tasar\u0131m\u0131yla ara\u00e7 i\u00e7i temizlik ihtiya\u00e7lar\u0131n\u0131 pratik \u015fekilde kar\u015f\u0131layan \u00e7ok fonksiyonlu bir \u00fcr\u00fcnd\u00fcr. 120W g\u00fc\u00e7l\u00fc motoru sayesinde 5500Pa vakum g\u00fcc\u00fc \u00fcretir ve bu sayede ara\u00e7 i\u00e7erisindeki toz, k\u0131r\u0131nt\u0131, sa\u00e7 teli ve di\u011fer k\u00fc\u00e7\u00fck partik\u00fclleri zahmetsizce temizler. Katlanabilir sap\u0131, hem kullan\u0131m kolayl\u0131\u011f\u0131 sa\u011flar hem de \u00fcr\u00fcn\u00fcn ta\u015f\u0131nmas\u0131n\u0131 ve saklanmas\u0131n\u0131 son&#8230;<\/p>\n","protected":false},"featured_media":118717,"comment_status":"open","ping_status":"closed","template":"","meta":{"_kad_post_transparent":"","_kad_post_title":"","_kad_post_layout":"","_kad_post_sidebar_id":"","_kad_post_content_style":"","_kad_post_vertical_padding":"","_kad_post_feature":"","_kad_post_feature_position":"","_kad_post_header":false,"_kad_post_footer":false,"_kad_post_classname":""},"product_brand":[],"product_cat":[14998],"product_tag":[],"class_list":{"0":"post-118718","1":"product","2":"type-product","3":"status-publish","4":"has-post-thumbnail","6":"product_cat-arac-ici-supurge-arac-ici-supurge","8":"first","9":"instock","10":"purchasable","11":"product-type-simple","12":"entry","13":"content-bg","14":"loop-entry"},"_links":{"self":[{"href":"https:\/\/www.hediyepazar.com\/index.php?rest_route=\/wp\/v2\/product\/118718","targetHints":{"allow":["GET"]}}],"collection":[{"href":"https:\/\/www.hediyepazar.com\/index.php?rest_route=\/wp\/v2\/product"}],"about":[{"href":"https:\/\/www.hediyepazar.com\/index.php?rest_route=\/wp\/v2\/types\/product"}],"replies":[{"embeddable":true,"href":"https:\/\/www.hediyepazar.com\/index.php?rest_route=%2Fwp%2Fv2%2Fcomments&post=118718"}],"wp:featuredmedia":[{"embeddable":true,"href":"https:\/\/www.hediyepazar.com\/index.php?rest_route=\/wp\/v2\/media\/118717"}],"wp:attachment":[{"href":"https:\/\/www.hediyepazar.com\/index.php?rest_route=%2Fwp%2Fv2%2Fmedia&parent=118718"}],"wp:term":[{"taxonomy":"product_brand","embeddable":true,"href":"https:\/\/www.hediyepazar.com\/index.php?rest_route=%2Fwp%2Fv2%2Fproduct_brand&post=118718"},{"taxonomy":"product_cat","embeddable":true,"href":"https:\/\/www.hediyepazar.com\/index.php?rest_route=%2Fwp%2Fv2%2Fproduct_cat&post=118718"},{"taxonomy":"product_tag","embeddable":true,"href":"https:\/\/www.hediyepazar.com\/index.php?rest_route=%2Fwp%2Fv2%2Fproduct_tag&post=118718"}],"curies":[{"name":"wp","href":"https:\/\/api.w.org\/{rel}","templated":true}]}}