{"id":118726,"date":"2026-05-05T23:22:01","date_gmt":"2026-05-06T02:22:01","guid":{"rendered":"https:\/\/www.hediyepazar.com\/?product=100-saat-kablolu-boyun-askili-dijital-gostergeli-bluetooth-kulaklik-2"},"modified":"2026-05-05T23:22:01","modified_gmt":"2026-05-06T02:22:01","slug":"100-saat-kablolu-boyun-askili-dijital-gostergeli-bluetooth-kulaklik-2","status":"publish","type":"product","link":"https:\/\/www.hediyepazar.com\/?product=100-saat-kablolu-boyun-askili-dijital-gostergeli-bluetooth-kulaklik-2","title":{"rendered":"100 Saat Kablolu Boyun Ask\u0131l\u0131 Dijital G\u00f6stergeli Bluetooth Kulakl\u0131k"},"content":{"rendered":"<p>Dahili mikrofon \u00f6zelli\u011fi sayesinde sesinizi kar\u015f\u0131 tarafa son derece net ve anla\u015f\u0131l\u0131r bir \u015fekilde ileten bu kulakl\u0131k, telefon g\u00f6r\u00fc\u015fmelerinizde \u00fcst\u00fcn bir performans sunar. Eller serbest konu\u015fma deneyimini en \u00fcst seviyeye \u00e7\u0131karan bu teknoloji, \u00f6zellikle hareket halindeyken ya da ara\u00e7 kullan\u0131rken b\u00fcy\u00fck bir kolayl\u0131k sa\u011flar. G\u00fcnl\u00fck kullan\u0131mda konforlu ve i\u015flevsel bir ileti\u015fim arac\u0131 sunarak, konu\u015fmalar\u0131n\u0131z\u0131 kesintisiz ve berrak hale getirir.Aktif G\u00fcr\u00fclt\u00fc \u00d6nleme (ANC) teknolojisiyle donat\u0131lm\u0131\u015f olan bu cihaz, d\u0131\u015f \u00e7evredeki rahats\u0131z edici sesleri ba\u015far\u0131yla filtreler. G\u00fcr\u00fclt\u00fcl\u00fc ortamlarda bile m\u00fczi\u011finize veya g\u00f6r\u00fc\u015fmenize odaklanabilmenizi sa\u011flayan bu sistem, ses kalitesinden \u00f6d\u00fcn vermeden keyifli bir dinleme deneyimi ya\u015fat\u0131r. \u0130ster toplu ta\u015f\u0131mada, ister a\u00e7\u0131k alanlarda olun, ANC \u00f6zelli\u011fiyle \u00e7evresel sesleri minimuma indirerek sizi bulundu\u011funuz ortamdan izole eder.Ayr\u0131ca, kulakl\u0131k \u00fczerindeki dokunmatik kontrol paneli ile t\u00fcm komutlar\u0131n\u0131z\u0131 yaln\u0131zca birka\u00e7 dokunu\u015fla ger\u00e7ekle\u015ftirebilirsiniz. M\u00fczik \u00e7alma, duraklatma, \u015fark\u0131 ge\u00e7i\u015fleri veya gelen aramalar\u0131 cevaplama gibi i\u015flevler, kullan\u0131c\u0131 dostu bu aray\u00fcz sayesinde b\u00fcy\u00fck bir kolayl\u0131\u011fa d\u00f6n\u00fc\u015f\u00fcr. Hem teknolojik hem estetik a\u00e7\u0131dan \u00f6ne \u00e7\u0131kan bu kulakl\u0131k, g\u00fcnl\u00fck ya\u015fam\u0131n\u0131z\u0131 hem daha pratik hem de daha keyifli hale getirmek i\u00e7in ideal bir tercihtir.<\/p>\n","protected":false},"excerpt":{"rendered":"<p>Dahili mikrofon \u00f6zelli\u011fi sayesinde sesinizi kar\u015f\u0131 tarafa son derece net ve anla\u015f\u0131l\u0131r bir \u015fekilde ileten bu kulakl\u0131k, telefon g\u00f6r\u00fc\u015fmelerinizde \u00fcst\u00fcn bir performans sunar. Eller serbest konu\u015fma deneyimini en \u00fcst seviyeye \u00e7\u0131karan bu teknoloji, \u00f6zellikle hareket halindeyken ya da ara\u00e7 kullan\u0131rken b\u00fcy\u00fck bir kolayl\u0131k sa\u011flar. G\u00fcnl\u00fck kullan\u0131mda konforlu ve i\u015flevsel bir ileti\u015fim arac\u0131 sunarak, konu\u015fmalar\u0131n\u0131z\u0131 kesintisiz&#8230;<\/p>\n","protected":false},"featured_media":118725,"comment_status":"open","ping_status":"closed","template":"","meta":{"_kad_post_transparent":"","_kad_post_title":"","_kad_post_layout":"","_kad_post_sidebar_id":"","_kad_post_content_style":"","_kad_post_vertical_padding":"","_kad_post_feature":"","_kad_post_feature_position":"","_kad_post_header":false,"_kad_post_footer":false,"_kad_post_classname":""},"product_brand":[],"product_cat":[14957],"product_tag":[],"class_list":{"0":"post-118726","1":"product","2":"type-product","3":"status-publish","4":"has-post-thumbnail","6":"product_cat-kablosuz-kulaklik-kablosuz-kulaklik","8":"first","9":"instock","10":"purchasable","11":"product-type-simple","12":"entry","13":"content-bg","14":"loop-entry"},"_links":{"self":[{"href":"https:\/\/www.hediyepazar.com\/index.php?rest_route=\/wp\/v2\/product\/118726","targetHints":{"allow":["GET"]}}],"collection":[{"href":"https:\/\/www.hediyepazar.com\/index.php?rest_route=\/wp\/v2\/product"}],"about":[{"href":"https:\/\/www.hediyepazar.com\/index.php?rest_route=\/wp\/v2\/types\/product"}],"replies":[{"embeddable":true,"href":"https:\/\/www.hediyepazar.com\/index.php?rest_route=%2Fwp%2Fv2%2Fcomments&post=118726"}],"wp:featuredmedia":[{"embeddable":true,"href":"https:\/\/www.hediyepazar.com\/index.php?rest_route=\/wp\/v2\/media\/118725"}],"wp:attachment":[{"href":"https:\/\/www.hediyepazar.com\/index.php?rest_route=%2Fwp%2Fv2%2Fmedia&parent=118726"}],"wp:term":[{"taxonomy":"product_brand","embeddable":true,"href":"https:\/\/www.hediyepazar.com\/index.php?rest_route=%2Fwp%2Fv2%2Fproduct_brand&post=118726"},{"taxonomy":"product_cat","embeddable":true,"href":"https:\/\/www.hediyepazar.com\/index.php?rest_route=%2Fwp%2Fv2%2Fproduct_cat&post=118726"},{"taxonomy":"product_tag","embeddable":true,"href":"https:\/\/www.hediyepazar.com\/index.php?rest_route=%2Fwp%2Fv2%2Fproduct_tag&post=118726"}],"curies":[{"name":"wp","href":"https:\/\/api.w.org\/{rel}","templated":true}]}}