{"id":118754,"date":"2026-05-05T23:25:05","date_gmt":"2026-05-06T02:25:05","guid":{"rendered":"https:\/\/www.hediyepazar.com\/?product=kontrol-kalemi-cift-baslikli-seffaf-elektrik-testi-degisken-uclu"},"modified":"2026-05-05T23:25:05","modified_gmt":"2026-05-06T02:25:05","slug":"kontrol-kalemi-cift-baslikli-seffaf-elektrik-testi-degisken-uclu","status":"publish","type":"product","link":"https:\/\/www.hediyepazar.com\/?product=kontrol-kalemi-cift-baslikli-seffaf-elektrik-testi-degisken-uclu","title":{"rendered":"Kontrol Kalemi \u00c7ift Ba\u015fl\u0131kl\u0131 \u015eeffaf Elektrik Testi De\u011fi\u015fken U\u00e7lu"},"content":{"rendered":"<p>\u00c7ift U\u00e7lu Kontrol Kalemi, elektrik ak\u0131m\u0131n\u0131 h\u0131zl\u0131 ve g\u00fcvenli bir \u015fekilde tespit etmek i\u00e7in tasarlanm\u0131\u015f, pratik bir ara\u00e7t\u0131r. Evde, i\u015f yerinde veya alet \u00e7antan\u0131zda bulunmas\u0131 gereken bu \u00fcr\u00fcn, elektrikle ilgili i\u015flerinizde size g\u00fcvenli bir \u00e7al\u0131\u015fma ortam\u0131 sunar. Elektrik ak\u0131m\u0131n\u0131 g\u00f6rsel olarak g\u00f6sterecek \u015fekilde tasarlanm\u0131\u015f olan bu kalem, elektrik tesisat\u0131n\u0131n kontrol edilmesinde \u00f6nemli bir yard\u0131mc\u0131d\u0131r. \u00d6zellikle profesyonel elektrik\u00e7iler i\u00e7in vazge\u00e7ilmez olan bu \u00fcr\u00fcn, amat\u00f6r kullan\u0131c\u0131lar taraf\u0131ndan da kolayca kullan\u0131labilir. Elektrik ak\u0131m\u0131n\u0131n varl\u0131\u011f\u0131n\u0131 an\u0131nda tespit etmenize olanak tan\u0131r, b\u00f6ylece olas\u0131 elektrik \u00e7arpmalar\u0131 ve kazalar\u0131n \u00f6n\u00fcne ge\u00e7ebilirsiniz. \u00c7ift u\u00e7lu yap\u0131s\u0131, her iki ucun da elektrik ak\u0131m\u0131n\u0131 alg\u0131layabilmesini sa\u011flar ve kullan\u0131c\u0131ya kesin sonu\u00e7lar sunar. Bu da \u00fcr\u00fcn\u00fc, g\u00fcvenlik \u00f6n planda tutarak \u00e7al\u0131\u015fan her t\u00fcr kullan\u0131c\u0131n\u0131n tercih edece\u011fi bir ara\u00e7 yapar. \u00dcr\u00fcnle birlikte gelen iki u\u00e7lu tornavida, elektrikle ilgili \u00e7e\u015fitli k\u00fc\u00e7\u00fck tamir ve bak\u0131m i\u015flemleri i\u00e7in pratik bir kullan\u0131m sa\u011flar, b\u00f6ylece sadece elektrik ak\u0131m\u0131n\u0131 tespit etmekle kalmaz, ayn\u0131 zamanda di\u011fer elektriksel i\u015flerinizi de kolayca yapabilirsiniz. K\u00fc\u00e7\u00fck ve kompakt yap\u0131s\u0131 sayesinde, kontrol kalemi, her an elinizin alt\u0131nda olmas\u0131n\u0131 istedi\u011finiz bir ara\u00e7t\u0131r ve ta\u015f\u0131mas\u0131 olduk\u00e7a kolayd\u0131r. Evde, i\u015f yerinde ya da yolculuklarda g\u00fcvenle kullanabilirsiniz. Dayan\u0131kl\u0131 malzemesi sayesinde uzun \u00f6m\u00fcrl\u00fcd\u00fcr ve formunu uzun s\u00fcre korur. \u00dcr\u00fcn\u00fcn kullan\u0131m\u0131n\u0131 son derece kolayla\u015ft\u0131ran g\u00f6rsel g\u00f6stergesi ve ergonomik yap\u0131s\u0131, her t\u00fcr elektriksel i\u015flemi rahatl\u0131kla yapman\u0131za yard\u0131mc\u0131 olur. Kontrol kaleminin 2,5 cm x 13 cm \u00f6l\u00e7\u00fcleri, pratik bir kullan\u0131m sa\u011flar ve ta\u015f\u0131mas\u0131 son derece basittir. Sonu\u00e7 olarak, elektrik ak\u0131m\u0131n\u0131n tespitini h\u0131zl\u0131 ve g\u00fcvenli bir \u015fekilde yapmak isteyen herkes i\u00e7in ideal bir ara\u00e7t\u0131r. Hem profesyonel hem de amat\u00f6r kullan\u0131c\u0131lara hitap eden bu \u00fcr\u00fcn, g\u00fcvenli\u011finiz i\u00e7in \u00f6nemli bir yat\u0131r\u0131md\u0131r.<\/p>\n","protected":false},"excerpt":{"rendered":"<p>\u00c7ift U\u00e7lu Kontrol Kalemi, elektrik ak\u0131m\u0131n\u0131 h\u0131zl\u0131 ve g\u00fcvenli bir \u015fekilde tespit etmek i\u00e7in tasarlanm\u0131\u015f, pratik bir ara\u00e7t\u0131r. Evde, i\u015f yerinde veya alet \u00e7antan\u0131zda bulunmas\u0131 gereken bu \u00fcr\u00fcn, elektrikle ilgili i\u015flerinizde size g\u00fcvenli bir \u00e7al\u0131\u015fma ortam\u0131 sunar. Elektrik ak\u0131m\u0131n\u0131 g\u00f6rsel olarak g\u00f6sterecek \u015fekilde tasarlanm\u0131\u015f olan bu kalem, elektrik tesisat\u0131n\u0131n kontrol edilmesinde \u00f6nemli bir yard\u0131mc\u0131d\u0131r. \u00d6zellikle&#8230;<\/p>\n","protected":false},"featured_media":118753,"comment_status":"open","ping_status":"closed","template":"","meta":{"_kad_post_transparent":"","_kad_post_title":"","_kad_post_layout":"","_kad_post_sidebar_id":"","_kad_post_content_style":"","_kad_post_vertical_padding":"","_kad_post_feature":"","_kad_post_feature_position":"","_kad_post_header":false,"_kad_post_footer":false,"_kad_post_classname":""},"product_brand":[],"product_cat":[15000],"product_tag":[],"class_list":{"0":"post-118754","1":"product","2":"type-product","3":"status-publish","4":"has-post-thumbnail","6":"product_cat-tornavida-tornavida-2","8":"first","9":"instock","10":"purchasable","11":"product-type-simple","12":"entry","13":"content-bg","14":"loop-entry"},"_links":{"self":[{"href":"https:\/\/www.hediyepazar.com\/index.php?rest_route=\/wp\/v2\/product\/118754","targetHints":{"allow":["GET"]}}],"collection":[{"href":"https:\/\/www.hediyepazar.com\/index.php?rest_route=\/wp\/v2\/product"}],"about":[{"href":"https:\/\/www.hediyepazar.com\/index.php?rest_route=\/wp\/v2\/types\/product"}],"replies":[{"embeddable":true,"href":"https:\/\/www.hediyepazar.com\/index.php?rest_route=%2Fwp%2Fv2%2Fcomments&post=118754"}],"wp:featuredmedia":[{"embeddable":true,"href":"https:\/\/www.hediyepazar.com\/index.php?rest_route=\/wp\/v2\/media\/118753"}],"wp:attachment":[{"href":"https:\/\/www.hediyepazar.com\/index.php?rest_route=%2Fwp%2Fv2%2Fmedia&parent=118754"}],"wp:term":[{"taxonomy":"product_brand","embeddable":true,"href":"https:\/\/www.hediyepazar.com\/index.php?rest_route=%2Fwp%2Fv2%2Fproduct_brand&post=118754"},{"taxonomy":"product_cat","embeddable":true,"href":"https:\/\/www.hediyepazar.com\/index.php?rest_route=%2Fwp%2Fv2%2Fproduct_cat&post=118754"},{"taxonomy":"product_tag","embeddable":true,"href":"https:\/\/www.hediyepazar.com\/index.php?rest_route=%2Fwp%2Fv2%2Fproduct_tag&post=118754"}],"curies":[{"name":"wp","href":"https:\/\/api.w.org\/{rel}","templated":true}]}}