{"id":118756,"date":"2026-05-05T23:25:10","date_gmt":"2026-05-06T02:25:10","guid":{"rendered":"https:\/\/www.hediyepazar.com\/?product=kontrol-kalemi-cift-tarafli-uclu-elektrik-akim-test-cihazi"},"modified":"2026-05-05T23:25:10","modified_gmt":"2026-05-06T02:25:10","slug":"kontrol-kalemi-cift-tarafli-uclu-elektrik-akim-test-cihazi","status":"publish","type":"product","link":"https:\/\/www.hediyepazar.com\/?product=kontrol-kalemi-cift-tarafli-uclu-elektrik-akim-test-cihazi","title":{"rendered":"Kontrol Kalemi \u00c7ift Tarafl\u0131 U\u00e7lu Elektrik Ak\u0131m Test Cihaz\u0131"},"content":{"rendered":"<p>\u00c7ift U\u00e7lu Kontrol Kalemi, elektrik ak\u0131m\u0131n\u0131 an\u0131nda tespit etmenizi sa\u011flayarak g\u00fcvenli\u011finizi en \u00fcst seviyeye \u00e7\u0131karan pratik bir ara\u00e7t\u0131r. Evde veya i\u015f yerinde elektriksel g\u00fcvenli\u011fi sa\u011flamak, elektrikle ilgili i\u015flerinizi g\u00fcvenli bir \u015fekilde yapmak i\u00e7in vazge\u00e7ilmez bir \u00fcr\u00fcnd\u00fcr. Bu kontrol kalemi, elektrik ak\u0131m\u0131n\u0131 tespit etmek i\u00e7in g\u00f6rsel bir g\u00f6sterge kullanarak kullan\u0131c\u0131ya h\u0131zl\u0131 ve net bir geri bildirim sa\u011flar. \u00d6zellikle elektrikle u\u011fra\u015fan profesyonellerin yan\u0131 s\u0131ra, evde basit elektrik i\u015fleriyle ilgilenen amat\u00f6r kullan\u0131c\u0131lar i\u00e7in de son derece kullan\u0131\u015fl\u0131d\u0131r. \u00dcr\u00fcn, \u00e7ift u\u00e7lu tasar\u0131m\u0131 sayesinde, her iki ucu da elektrik ak\u0131m\u0131n\u0131 alg\u0131layacak \u015fekilde \u00e7al\u0131\u015f\u0131r ve bu sayede kullan\u0131c\u0131ya elektrik ak\u0131m\u0131n\u0131n varl\u0131\u011f\u0131 konusunda net bir sonu\u00e7 verir. Kontrol kaleminin yan\u0131 s\u0131ra, i\u00e7inde bulunan iki u\u00e7lu tornavida da \u00e7e\u015fitli k\u00fc\u00e7\u00fck elektrikli i\u015fler i\u00e7in kullan\u0131labilir, bu sayede \u00fcr\u00fcn \u00e7ok y\u00f6nl\u00fc bir kullan\u0131m sunar. Elektrik ak\u0131m\u0131n\u0131 h\u0131zl\u0131ca tespit edebilmek, \u00f6zellikle elektrik tesisat\u0131nda ya da cihazlarda herhangi bir ar\u0131za tespiti yaparken, zaman kazand\u0131r\u0131r ve olas\u0131 elektrik \u00e7arpmalar\u0131na kar\u015f\u0131 \u00f6nlem alman\u0131z\u0131 sa\u011flar. \u00dcr\u00fcn\u00fcn k\u00fc\u00e7\u00fck ve hafif yap\u0131s\u0131, her ortamda kolayl\u0131kla ta\u015f\u0131man\u0131za olanak verir. Ayr\u0131ca, kompakt boyutlar\u0131 sayesinde alet \u00e7antan\u0131za rahat\u00e7a s\u0131\u011far ve her zaman kullan\u0131ma haz\u0131r olur. Kontrol kalemi, \u00f6l\u00e7\u00fcleri ile kullan\u0131c\u0131ya pratik bir kullan\u0131m sa\u011flar ve 2,5 cm geni\u015fli\u011fi ile kullan\u0131m\u0131 olduk\u00e7a rahat hale gelir. \u00dcr\u00fcn\u00fcn dayan\u0131kl\u0131 yap\u0131s\u0131, uzun s\u00fcreli kullan\u0131mda bile formunu korur ve g\u00fcvenli\u011finizi her zaman \u00f6n planda tutar. Ayr\u0131ca, \u00fcr\u00fcnle birlikte gelen iki u\u00e7lu tornavida, elektrikli ekipmanlar\u0131n\u0131zla ilgilenirken i\u015finizi kolayla\u015ft\u0131r\u0131r ve daha pratik bir deneyim sunar. Sonu\u00e7 olarak, bu \u00e7ift u\u00e7lu kontrol kalemi, elektrik ak\u0131m\u0131 tespiti ve g\u00fcvenli\u011fi konusunda vazge\u00e7ilmez bir ara\u00e7t\u0131r ve her kullan\u0131c\u0131n\u0131n temel g\u00fcvenlik ekipmanlar\u0131 aras\u0131nda yer almas\u0131 gerekir.<\/p>\n","protected":false},"excerpt":{"rendered":"<p>\u00c7ift U\u00e7lu Kontrol Kalemi, elektrik ak\u0131m\u0131n\u0131 an\u0131nda tespit etmenizi sa\u011flayarak g\u00fcvenli\u011finizi en \u00fcst seviyeye \u00e7\u0131karan pratik bir ara\u00e7t\u0131r. Evde veya i\u015f yerinde elektriksel g\u00fcvenli\u011fi sa\u011flamak, elektrikle ilgili i\u015flerinizi g\u00fcvenli bir \u015fekilde yapmak i\u00e7in vazge\u00e7ilmez bir \u00fcr\u00fcnd\u00fcr. Bu kontrol kalemi, elektrik ak\u0131m\u0131n\u0131 tespit etmek i\u00e7in g\u00f6rsel bir g\u00f6sterge kullanarak kullan\u0131c\u0131ya h\u0131zl\u0131 ve net bir geri bildirim&#8230;<\/p>\n","protected":false},"featured_media":118755,"comment_status":"open","ping_status":"closed","template":"","meta":{"_kad_post_transparent":"","_kad_post_title":"","_kad_post_layout":"","_kad_post_sidebar_id":"","_kad_post_content_style":"","_kad_post_vertical_padding":"","_kad_post_feature":"","_kad_post_feature_position":"","_kad_post_header":false,"_kad_post_footer":false,"_kad_post_classname":""},"product_brand":[],"product_cat":[15000],"product_tag":[],"class_list":{"0":"post-118756","1":"product","2":"type-product","3":"status-publish","4":"has-post-thumbnail","6":"product_cat-tornavida-tornavida-2","8":"first","9":"instock","10":"purchasable","11":"product-type-simple","12":"entry","13":"content-bg","14":"loop-entry"},"_links":{"self":[{"href":"https:\/\/www.hediyepazar.com\/index.php?rest_route=\/wp\/v2\/product\/118756","targetHints":{"allow":["GET"]}}],"collection":[{"href":"https:\/\/www.hediyepazar.com\/index.php?rest_route=\/wp\/v2\/product"}],"about":[{"href":"https:\/\/www.hediyepazar.com\/index.php?rest_route=\/wp\/v2\/types\/product"}],"replies":[{"embeddable":true,"href":"https:\/\/www.hediyepazar.com\/index.php?rest_route=%2Fwp%2Fv2%2Fcomments&post=118756"}],"wp:featuredmedia":[{"embeddable":true,"href":"https:\/\/www.hediyepazar.com\/index.php?rest_route=\/wp\/v2\/media\/118755"}],"wp:attachment":[{"href":"https:\/\/www.hediyepazar.com\/index.php?rest_route=%2Fwp%2Fv2%2Fmedia&parent=118756"}],"wp:term":[{"taxonomy":"product_brand","embeddable":true,"href":"https:\/\/www.hediyepazar.com\/index.php?rest_route=%2Fwp%2Fv2%2Fproduct_brand&post=118756"},{"taxonomy":"product_cat","embeddable":true,"href":"https:\/\/www.hediyepazar.com\/index.php?rest_route=%2Fwp%2Fv2%2Fproduct_cat&post=118756"},{"taxonomy":"product_tag","embeddable":true,"href":"https:\/\/www.hediyepazar.com\/index.php?rest_route=%2Fwp%2Fv2%2Fproduct_tag&post=118756"}],"curies":[{"name":"wp","href":"https:\/\/api.w.org\/{rel}","templated":true}]}}