{"id":118784,"date":"2026-05-05T23:28:13","date_gmt":"2026-05-06T02:28:13","guid":{"rendered":"https:\/\/www.hediyepazar.com\/?product=uflemeli-sac-duzlestirici-fon-tarak-yuksek-isi-ayarli-iyon-ozellikli"},"modified":"2026-05-05T23:28:13","modified_gmt":"2026-05-06T02:28:13","slug":"uflemeli-sac-duzlestirici-fon-tarak-yuksek-isi-ayarli-iyon-ozellikli","status":"publish","type":"product","link":"https:\/\/www.hediyepazar.com\/?product=uflemeli-sac-duzlestirici-fon-tarak-yuksek-isi-ayarli-iyon-ozellikli","title":{"rendered":"\u00dcflemeli Sa\u00e7 D\u00fczle\u015ftirici F\u00f6n Tarak Y\u00fcksek Is\u0131 Ayarl\u0131 \u0130yon \u00d6zellikli"},"content":{"rendered":"<p>3&#8217;\u00fc 1 Arada Profesyonel Sa\u00e7 \u015eekillendirme Seti ile g\u00fczellik rutininizi yeni bir seviyeye ta\u015f\u0131y\u0131n! Bu \u00f6zel set; sa\u00e7 kurutma makinesi, d\u00fczle\u015ftirici ve f\u0131r\u00e7ay\u0131 bir araya getirerek, tek bir pakette hem hacim kazand\u0131rma hem d\u00fczle\u015ftirme hem de kolay tarama imkan\u0131 sunar. T\u00fcm sa\u00e7 tiplerine uygun yap\u0131s\u0131yla ister ince telli ister kal\u0131n ve k\u0131v\u0131rc\u0131k sa\u00e7lar\u0131n\u0131z olsun, her zaman istedi\u011finiz g\u00f6r\u00fcn\u00fcm\u00fc elde edebilirsiniz.Ayarlanabilir 3 kademeli s\u0131cakl\u0131k kontrol\u00fc (140\u00b0F &#8211; 400\u00b0F) sayesinde sa\u00e7 yap\u0131n\u0131za en uygun \u0131s\u0131y\u0131 se\u00e7ebilir, sa\u00e7\u0131n\u0131za zarar vermeden \u015fekillendirme yapabilirsiniz. Kompakt ve hafif tasar\u0131m\u0131, seyahatlerde bile yan\u0131n\u0131zda ta\u015f\u0131man\u0131z i\u00e7in idealdir. Sahne \u00f6ncesi, i\u015f g\u00f6r\u00fc\u015fmesi ya da \u00f6zel davetlerde h\u0131zl\u0131ca haz\u0131rl\u0131k yapman\u0131z\u0131 sa\u011flar.360\u00b0 d\u00f6nebilen uzun g\u00fc\u00e7 kablosu, rahat kullan\u0131m sunarken hareket \u00f6zg\u00fcrl\u00fc\u011f\u00fc sa\u011flar. Ayr\u0131ca yerle\u015fik termal koruma sistemi ve a\u015f\u0131r\u0131 \u0131s\u0131nma \u00f6nleyici g\u00fcvenlik donan\u0131m\u0131 sayesinde hem siz hem cihaz\u0131n\u0131z her zaman g\u00fcvende kal\u0131r. \u0130ster g\u00fcnl\u00fck kullan\u0131mda ister \u00f6zel anlar\u0131n\u0131zda, bu set daima elinizin alt\u0131nda olacak.<\/p>\n","protected":false},"excerpt":{"rendered":"<p>3&#8217;\u00fc 1 Arada Profesyonel Sa\u00e7 \u015eekillendirme Seti ile g\u00fczellik rutininizi yeni bir seviyeye ta\u015f\u0131y\u0131n! Bu \u00f6zel set; sa\u00e7 kurutma makinesi, d\u00fczle\u015ftirici ve f\u0131r\u00e7ay\u0131 bir araya getirerek, tek bir pakette hem hacim kazand\u0131rma hem d\u00fczle\u015ftirme hem de kolay tarama imkan\u0131 sunar. T\u00fcm sa\u00e7 tiplerine uygun yap\u0131s\u0131yla ister ince telli ister kal\u0131n ve k\u0131v\u0131rc\u0131k sa\u00e7lar\u0131n\u0131z olsun, her&#8230;<\/p>\n","protected":false},"featured_media":118783,"comment_status":"open","ping_status":"closed","template":"","meta":{"_kad_post_transparent":"","_kad_post_title":"","_kad_post_layout":"","_kad_post_sidebar_id":"","_kad_post_content_style":"","_kad_post_vertical_padding":"","_kad_post_feature":"","_kad_post_feature_position":"","_kad_post_header":false,"_kad_post_footer":false,"_kad_post_classname":""},"product_brand":[],"product_cat":[14907],"product_tag":[],"class_list":{"0":"post-118784","1":"product","2":"type-product","3":"status-publish","4":"has-post-thumbnail","6":"product_cat-sac-masasi-sac-masasi","8":"first","9":"instock","10":"purchasable","11":"product-type-simple","12":"entry","13":"content-bg","14":"loop-entry"},"_links":{"self":[{"href":"https:\/\/www.hediyepazar.com\/index.php?rest_route=\/wp\/v2\/product\/118784","targetHints":{"allow":["GET"]}}],"collection":[{"href":"https:\/\/www.hediyepazar.com\/index.php?rest_route=\/wp\/v2\/product"}],"about":[{"href":"https:\/\/www.hediyepazar.com\/index.php?rest_route=\/wp\/v2\/types\/product"}],"replies":[{"embeddable":true,"href":"https:\/\/www.hediyepazar.com\/index.php?rest_route=%2Fwp%2Fv2%2Fcomments&post=118784"}],"wp:featuredmedia":[{"embeddable":true,"href":"https:\/\/www.hediyepazar.com\/index.php?rest_route=\/wp\/v2\/media\/118783"}],"wp:attachment":[{"href":"https:\/\/www.hediyepazar.com\/index.php?rest_route=%2Fwp%2Fv2%2Fmedia&parent=118784"}],"wp:term":[{"taxonomy":"product_brand","embeddable":true,"href":"https:\/\/www.hediyepazar.com\/index.php?rest_route=%2Fwp%2Fv2%2Fproduct_brand&post=118784"},{"taxonomy":"product_cat","embeddable":true,"href":"https:\/\/www.hediyepazar.com\/index.php?rest_route=%2Fwp%2Fv2%2Fproduct_cat&post=118784"},{"taxonomy":"product_tag","embeddable":true,"href":"https:\/\/www.hediyepazar.com\/index.php?rest_route=%2Fwp%2Fv2%2Fproduct_tag&post=118784"}],"curies":[{"name":"wp","href":"https:\/\/api.w.org\/{rel}","templated":true}]}}