{"id":118804,"date":"2026-05-05T23:30:20","date_gmt":"2026-05-06T02:30:20","guid":{"rendered":"https:\/\/www.hediyepazar.com\/?product=dokunmatik-kalem-tablet-kalemi-cizim-stylus-kalem-yedek-uclu-2"},"modified":"2026-05-05T23:30:20","modified_gmt":"2026-05-06T02:30:20","slug":"dokunmatik-kalem-tablet-kalemi-cizim-stylus-kalem-yedek-uclu-2","status":"publish","type":"product","link":"https:\/\/www.hediyepazar.com\/?product=dokunmatik-kalem-tablet-kalemi-cizim-stylus-kalem-yedek-uclu-2","title":{"rendered":"Dokunmatik Kalem Tablet Kalemi \u00c7izim Stylus Kalem Yedek U\u00e7lu"},"content":{"rendered":"<p>Hassasiyeti ve kullan\u0131m kolayl\u0131\u011f\u0131yla \u00f6ne \u00e7\u0131kan bu ak\u0131ll\u0131 stylus kalem, \u00e7izim ve not alma i\u015flemlerini kusursuz hale getiriyor. \u00d6zel uygulamalara veya Bluetooth ba\u011flant\u0131s\u0131na ihtiya\u00e7 duymadan, yaln\u0131zca bir tu\u015fla aktif hale gelerek hemen \u00e7al\u0131\u015fmaya ba\u015flar. Bu pratik \u00f6zelli\u011fiyle hem \u00f6\u011frenciler hem de profesyoneller i\u00e7in ideal bir tercih olu\u015fturur.Ger\u00e7ek bir kalem hissi veren 2.0 mm\u2019lik ucu, \u00e7izim s\u0131ras\u0131nda y\u00fcksek do\u011fruluk sa\u011flar. Ergonomik g\u00f6vde yap\u0131s\u0131 ve sadece 14.5 gram a\u011f\u0131rl\u0131\u011f\u0131 sayesinde uzun s\u00fcreli kullan\u0131mlarda el yorgunlu\u011funu minimumda tutar. Yaz\u0131 yazarken veya \u00e7izim yaparken sessiz \u00e7al\u0131\u015fma \u00f6zelli\u011fi, dikkat da\u011f\u0131n\u0131kl\u0131\u011f\u0131n\u0131 \u00f6nler ve her ortamda konforlu kullan\u0131m imk\u00e2n\u0131 sunar.Type-C \u015farj ba\u011flant\u0131s\u0131 ile 60 ila 90 dakika i\u00e7inde tamamen \u015farj olan kalem, tek dolumla 8 ila 10 saate kadar kesintisiz \u00e7al\u0131\u015fma s\u00fcresi sa\u011flar. \u00dcstelik kullan\u0131lmad\u0131\u011f\u0131nda 30 dakika i\u00e7inde otomatik kapanarak enerji tasarrufu yapar. \u015earj durumu, mavi \u0131\u015f\u0131k g\u00f6stergesiyle kolayca takip edilebilir.Piyasadaki neredeyse t\u00fcm kapasitif ekranl\u0131 Android ve iOS cihazlarla uyumlu olan bu stylus kalem, not tutmaktan dijital sanata kadar bir\u00e7ok alanda verimlilik sunar. \u00dcst k\u0131sm\u0131na \u00e7ift dokunarak kolayca a\u00e7\u0131l\u0131p kapat\u0131labilmesi, modern kullan\u0131m al\u0131\u015fkanl\u0131klar\u0131na uygun pratik bir \u00e7\u00f6z\u00fcm sunar. G\u00fcnl\u00fck hayat\u0131n\u0131z\u0131 kolayla\u015ft\u0131ran, \u015f\u0131k ve etkili bir yard\u0131mc\u0131 ar\u0131yorsan\u0131z, bu kalem beklentilerinizi fazlas\u0131yla kar\u015f\u0131layacak.<\/p>\n","protected":false},"excerpt":{"rendered":"<p>Hassasiyeti ve kullan\u0131m kolayl\u0131\u011f\u0131yla \u00f6ne \u00e7\u0131kan bu ak\u0131ll\u0131 stylus kalem, \u00e7izim ve not alma i\u015flemlerini kusursuz hale getiriyor. \u00d6zel uygulamalara veya Bluetooth ba\u011flant\u0131s\u0131na ihtiya\u00e7 duymadan, yaln\u0131zca bir tu\u015fla aktif hale gelerek hemen \u00e7al\u0131\u015fmaya ba\u015flar. Bu pratik \u00f6zelli\u011fiyle hem \u00f6\u011frenciler hem de profesyoneller i\u00e7in ideal bir tercih olu\u015fturur.Ger\u00e7ek bir kalem hissi veren 2.0 mm\u2019lik ucu, \u00e7izim&#8230;<\/p>\n","protected":false},"featured_media":118803,"comment_status":"open","ping_status":"closed","template":"","meta":{"_kad_post_transparent":"","_kad_post_title":"","_kad_post_layout":"","_kad_post_sidebar_id":"","_kad_post_content_style":"","_kad_post_vertical_padding":"","_kad_post_feature":"","_kad_post_feature_position":"","_kad_post_header":false,"_kad_post_footer":false,"_kad_post_classname":""},"product_brand":[],"product_cat":[15004],"product_tag":[],"class_list":{"0":"post-118804","1":"product","2":"type-product","3":"status-publish","4":"has-post-thumbnail","6":"product_cat-tablet-kalemi-tablet-kalemi","8":"first","9":"instock","10":"purchasable","11":"product-type-simple","12":"entry","13":"content-bg","14":"loop-entry"},"_links":{"self":[{"href":"https:\/\/www.hediyepazar.com\/index.php?rest_route=\/wp\/v2\/product\/118804","targetHints":{"allow":["GET"]}}],"collection":[{"href":"https:\/\/www.hediyepazar.com\/index.php?rest_route=\/wp\/v2\/product"}],"about":[{"href":"https:\/\/www.hediyepazar.com\/index.php?rest_route=\/wp\/v2\/types\/product"}],"replies":[{"embeddable":true,"href":"https:\/\/www.hediyepazar.com\/index.php?rest_route=%2Fwp%2Fv2%2Fcomments&post=118804"}],"wp:featuredmedia":[{"embeddable":true,"href":"https:\/\/www.hediyepazar.com\/index.php?rest_route=\/wp\/v2\/media\/118803"}],"wp:attachment":[{"href":"https:\/\/www.hediyepazar.com\/index.php?rest_route=%2Fwp%2Fv2%2Fmedia&parent=118804"}],"wp:term":[{"taxonomy":"product_brand","embeddable":true,"href":"https:\/\/www.hediyepazar.com\/index.php?rest_route=%2Fwp%2Fv2%2Fproduct_brand&post=118804"},{"taxonomy":"product_cat","embeddable":true,"href":"https:\/\/www.hediyepazar.com\/index.php?rest_route=%2Fwp%2Fv2%2Fproduct_cat&post=118804"},{"taxonomy":"product_tag","embeddable":true,"href":"https:\/\/www.hediyepazar.com\/index.php?rest_route=%2Fwp%2Fv2%2Fproduct_tag&post=118804"}],"curies":[{"name":"wp","href":"https:\/\/api.w.org\/{rel}","templated":true}]}}