{"id":118806,"date":"2026-05-05T23:32:06","date_gmt":"2026-05-06T02:32:06","guid":{"rendered":"https:\/\/www.hediyepazar.com\/?product=yazi-cizim-kalemi-ios-android-windows-uyumlu-tablet-telefon"},"modified":"2026-05-05T23:32:06","modified_gmt":"2026-05-06T02:32:06","slug":"yazi-cizim-kalemi-ios-android-windows-uyumlu-tablet-telefon","status":"publish","type":"product","link":"https:\/\/www.hediyepazar.com\/?product=yazi-cizim-kalemi-ios-android-windows-uyumlu-tablet-telefon","title":{"rendered":"Yaz\u0131 \u00c7izim Kalemi \u0130os Android Windows Uyumlu Tablet Telefon"},"content":{"rendered":"<p>Yarat\u0131c\u0131l\u0131\u011f\u0131n\u0131z\u0131 dijital ortama zahmetsizce ta\u015f\u0131yan bu yeni nesil stylus kalem, ka\u011f\u0131da yaz\u0131 yaz\u0131yor hissi veren do\u011fal dokunu\u015fu ile yazma ve \u00e7izim deneyiminizi bir \u00fcst seviyeye ta\u015f\u0131yor. Bluetooth ba\u011flant\u0131s\u0131 gerektirmeden, sadece tek bir tu\u015fla aktif hale gelir\u2014bu da onu teknolojiyle ha\u015f\u0131r ne\u015fir olmayan kullan\u0131c\u0131lar i\u00e7in bile olduk\u00e7a pratik hale getirir.9 mm ba\u015fl\u0131\u011f\u0131 ve yaln\u0131zca 2.0 mm inceli\u011findeki ucu sayesinde, hassasiyet ve kontrol konusunda sizi yar\u0131 yolda b\u0131rakmaz. \u0130ster grafik tasar\u0131m yap\u0131n, ister not al\u0131n ya da g\u00fcndelik dijital i\u015flerinizi halledin\u2014her \u00e7izgi kusursuz bir \u015fekilde yans\u0131t\u0131l\u0131r. 14.5 graml\u0131k hafif g\u00f6vdesi, ergonomik tutu\u015fu ve sessiz \u00e7al\u0131\u015fma sistemiyle uzun s\u00fcreli kullan\u0131mlarda bile konfor sa\u011flar.Type-C USB giri\u015fi sayesinde 60 ila 90 dakika gibi k\u0131sa bir s\u00fcrede tamamen \u015farj olur ve tam dolumla 8 ila 10 saate kadar aral\u0131ks\u0131z kullan\u0131m sunar. Ayr\u0131ca 30 dakika boyunca kullan\u0131lmad\u0131\u011f\u0131nda otomatik olarak kapanarak enerji tasarrufu sa\u011flar. \u015earj esnas\u0131nda d\u00f6rt a\u015famal\u0131 mavi \u0131\u015f\u0131k g\u00f6stergesi ile doluluk seviyesini kolayca takip edebilirsiniz.Bu stylus kalem, Android ve iOS d\u00e2hil olmak \u00fczere piyasadaki \u00e7o\u011fu kapasitif ekranl\u0131 cihazla uyumludur. \u00d6nceden y\u00fcklenmi\u015f \u00f6zel bir yaz\u0131l\u0131ma ihtiya\u00e7 duymadan, do\u011frudan cihaz\u0131n\u0131za dokunarak y\u00fcksek hassasiyetli \u00e7izim ve yazma i\u015flemleri ger\u00e7ekle\u015ftirebilirsiniz. Hem profesyonel hem de g\u00fcnl\u00fck kullan\u0131m i\u00e7in m\u00fckemmel bir dijital ara\u00e7 arayanlar i\u00e7in stil, i\u015flevsellik ve dayan\u0131kl\u0131l\u0131\u011f\u0131 bir arada sunar.<\/p>\n","protected":false},"excerpt":{"rendered":"<p>Yarat\u0131c\u0131l\u0131\u011f\u0131n\u0131z\u0131 dijital ortama zahmetsizce ta\u015f\u0131yan bu yeni nesil stylus kalem, ka\u011f\u0131da yaz\u0131 yaz\u0131yor hissi veren do\u011fal dokunu\u015fu ile yazma ve \u00e7izim deneyiminizi bir \u00fcst seviyeye ta\u015f\u0131yor. Bluetooth ba\u011flant\u0131s\u0131 gerektirmeden, sadece tek bir tu\u015fla aktif hale gelir\u2014bu da onu teknolojiyle ha\u015f\u0131r ne\u015fir olmayan kullan\u0131c\u0131lar i\u00e7in bile olduk\u00e7a pratik hale getirir.9 mm ba\u015fl\u0131\u011f\u0131 ve yaln\u0131zca 2.0 mm&#8230;<\/p>\n","protected":false},"featured_media":118805,"comment_status":"open","ping_status":"closed","template":"","meta":{"_kad_post_transparent":"","_kad_post_title":"","_kad_post_layout":"","_kad_post_sidebar_id":"","_kad_post_content_style":"","_kad_post_vertical_padding":"","_kad_post_feature":"","_kad_post_feature_position":"","_kad_post_header":false,"_kad_post_footer":false,"_kad_post_classname":""},"product_brand":[],"product_cat":[15004],"product_tag":[],"class_list":{"0":"post-118806","1":"product","2":"type-product","3":"status-publish","4":"has-post-thumbnail","6":"product_cat-tablet-kalemi-tablet-kalemi","8":"first","9":"instock","10":"purchasable","11":"product-type-simple","12":"entry","13":"content-bg","14":"loop-entry"},"_links":{"self":[{"href":"https:\/\/www.hediyepazar.com\/index.php?rest_route=\/wp\/v2\/product\/118806","targetHints":{"allow":["GET"]}}],"collection":[{"href":"https:\/\/www.hediyepazar.com\/index.php?rest_route=\/wp\/v2\/product"}],"about":[{"href":"https:\/\/www.hediyepazar.com\/index.php?rest_route=\/wp\/v2\/types\/product"}],"replies":[{"embeddable":true,"href":"https:\/\/www.hediyepazar.com\/index.php?rest_route=%2Fwp%2Fv2%2Fcomments&post=118806"}],"wp:featuredmedia":[{"embeddable":true,"href":"https:\/\/www.hediyepazar.com\/index.php?rest_route=\/wp\/v2\/media\/118805"}],"wp:attachment":[{"href":"https:\/\/www.hediyepazar.com\/index.php?rest_route=%2Fwp%2Fv2%2Fmedia&parent=118806"}],"wp:term":[{"taxonomy":"product_brand","embeddable":true,"href":"https:\/\/www.hediyepazar.com\/index.php?rest_route=%2Fwp%2Fv2%2Fproduct_brand&post=118806"},{"taxonomy":"product_cat","embeddable":true,"href":"https:\/\/www.hediyepazar.com\/index.php?rest_route=%2Fwp%2Fv2%2Fproduct_cat&post=118806"},{"taxonomy":"product_tag","embeddable":true,"href":"https:\/\/www.hediyepazar.com\/index.php?rest_route=%2Fwp%2Fv2%2Fproduct_tag&post=118806"}],"curies":[{"name":"wp","href":"https:\/\/api.w.org\/{rel}","templated":true}]}}