{"id":118808,"date":"2026-05-05T23:32:16","date_gmt":"2026-05-06T02:32:16","guid":{"rendered":"https:\/\/www.hediyepazar.com\/?product=yeni-nesil-android-ve-ios-uyumlu-tablet-telefon-kalemi-2"},"modified":"2026-05-05T23:32:16","modified_gmt":"2026-05-06T02:32:16","slug":"yeni-nesil-android-ve-ios-uyumlu-tablet-telefon-kalemi-2","status":"publish","type":"product","link":"https:\/\/www.hediyepazar.com\/?product=yeni-nesil-android-ve-ios-uyumlu-tablet-telefon-kalemi-2","title":{"rendered":"Yeni Nesil Android ve \u0130OS Uyumlu Tablet Telefon Kalemi"},"content":{"rendered":"<p>Dijital d\u00fcnyada yarat\u0131c\u0131l\u0131\u011f\u0131n\u0131z\u0131 \u00f6zg\u00fcrce ifade etmenizi sa\u011flayan bu y\u00fcksek hassasiyetli stylus kalem, teknolojiyi ve konforu bir araya getiriyor. Bluetooth ba\u011flant\u0131s\u0131na ihtiya\u00e7 duymadan, sadece tek bir d\u00fc\u011fmeye basarak kullan\u0131ma haz\u0131r hale gelir\u2014bu sayede karma\u015f\u0131k e\u015fle\u015ftirme s\u00fcre\u00e7lerine zaman kaybetmeden \u00e7izim veya yaz\u0131 yazmaya ba\u015flayabilirsiniz.Ergonomik tasar\u0131m\u0131, ger\u00e7ek bir kalem hissi sunarken uzun s\u00fcreli kullan\u0131mlarda bile el yorgunlu\u011funu en aza indirir. Sessiz \u00e7al\u0131\u015fma \u00f6zelli\u011fi sayesinde hem dikkat da\u011f\u0131n\u0131kl\u0131\u011f\u0131n\u0131 \u00f6nler hem de sessiz ortamlarda rahat kullan\u0131m sa\u011flar. \u00dcstelik \u00f6zel yaz\u0131l\u0131mlara veya belirli uygulamalara ba\u011fl\u0131 olmadan, diledi\u011finiz platformda sorunsuz bir deneyim ya\u015faman\u0131za olanak tan\u0131r.2.0 mm ince ucu ile y\u00fcksek hassasiyetli \u00e7izimler yapabilir, s\u00fcper a\u015f\u0131nma direnci sayesinde uzun \u00f6m\u00fcrl\u00fc performans elde edebilirsiniz. 60-90 dakika i\u00e7inde tamamen \u015farj olur ve maksimum 8-10 saate kadar kesintisiz kullan\u0131m imk\u00e2n\u0131 sunar. \u00dcst k\u0131sm\u0131na \u00e7ift dokunarak a\u00e7\u0131p kapatma \u00f6zelli\u011fi ile modern ve kullan\u0131c\u0131 dostu bir deneyim ya\u015fat\u0131r.Type-C \u015farj giri\u015fiyle h\u0131zl\u0131 ve pratik \u015farj imk\u00e2n\u0131 sunan bu kalem, Android ve iOS i\u015fletim sistemine sahip \u00e7o\u011fu kapasitif ekranl\u0131 cihazla tam uyumludur. Ta\u015f\u0131nabilirli\u011fi, esteti\u011fi ve fonksiyonelli\u011fi bir araya getiren bu stylus kalem<\/p>\n","protected":false},"excerpt":{"rendered":"<p>Dijital d\u00fcnyada yarat\u0131c\u0131l\u0131\u011f\u0131n\u0131z\u0131 \u00f6zg\u00fcrce ifade etmenizi sa\u011flayan bu y\u00fcksek hassasiyetli stylus kalem, teknolojiyi ve konforu bir araya getiriyor. Bluetooth ba\u011flant\u0131s\u0131na ihtiya\u00e7 duymadan, sadece tek bir d\u00fc\u011fmeye basarak kullan\u0131ma haz\u0131r hale gelir\u2014bu sayede karma\u015f\u0131k e\u015fle\u015ftirme s\u00fcre\u00e7lerine zaman kaybetmeden \u00e7izim veya yaz\u0131 yazmaya ba\u015flayabilirsiniz.Ergonomik tasar\u0131m\u0131, ger\u00e7ek bir kalem hissi sunarken uzun s\u00fcreli kullan\u0131mlarda bile el yorgunlu\u011funu en&#8230;<\/p>\n","protected":false},"featured_media":118807,"comment_status":"open","ping_status":"closed","template":"","meta":{"_kad_post_transparent":"","_kad_post_title":"","_kad_post_layout":"","_kad_post_sidebar_id":"","_kad_post_content_style":"","_kad_post_vertical_padding":"","_kad_post_feature":"","_kad_post_feature_position":"","_kad_post_header":false,"_kad_post_footer":false,"_kad_post_classname":""},"product_brand":[],"product_cat":[15004],"product_tag":[],"class_list":{"0":"post-118808","1":"product","2":"type-product","3":"status-publish","4":"has-post-thumbnail","6":"product_cat-tablet-kalemi-tablet-kalemi","8":"first","9":"instock","10":"purchasable","11":"product-type-simple","12":"entry","13":"content-bg","14":"loop-entry"},"_links":{"self":[{"href":"https:\/\/www.hediyepazar.com\/index.php?rest_route=\/wp\/v2\/product\/118808","targetHints":{"allow":["GET"]}}],"collection":[{"href":"https:\/\/www.hediyepazar.com\/index.php?rest_route=\/wp\/v2\/product"}],"about":[{"href":"https:\/\/www.hediyepazar.com\/index.php?rest_route=\/wp\/v2\/types\/product"}],"replies":[{"embeddable":true,"href":"https:\/\/www.hediyepazar.com\/index.php?rest_route=%2Fwp%2Fv2%2Fcomments&post=118808"}],"wp:featuredmedia":[{"embeddable":true,"href":"https:\/\/www.hediyepazar.com\/index.php?rest_route=\/wp\/v2\/media\/118807"}],"wp:attachment":[{"href":"https:\/\/www.hediyepazar.com\/index.php?rest_route=%2Fwp%2Fv2%2Fmedia&parent=118808"}],"wp:term":[{"taxonomy":"product_brand","embeddable":true,"href":"https:\/\/www.hediyepazar.com\/index.php?rest_route=%2Fwp%2Fv2%2Fproduct_brand&post=118808"},{"taxonomy":"product_cat","embeddable":true,"href":"https:\/\/www.hediyepazar.com\/index.php?rest_route=%2Fwp%2Fv2%2Fproduct_cat&post=118808"},{"taxonomy":"product_tag","embeddable":true,"href":"https:\/\/www.hediyepazar.com\/index.php?rest_route=%2Fwp%2Fv2%2Fproduct_tag&post=118808"}],"curies":[{"name":"wp","href":"https:\/\/api.w.org\/{rel}","templated":true}]}}