{"id":118810,"date":"2026-05-05T23:32:23","date_gmt":"2026-05-06T02:32:23","guid":{"rendered":"https:\/\/www.hediyepazar.com\/?product=4-baslikli-vakumlu-siyah-nokta-ve-yuz-temizleme-cihazi-2"},"modified":"2026-05-05T23:32:23","modified_gmt":"2026-05-06T02:32:23","slug":"4-baslikli-vakumlu-siyah-nokta-ve-yuz-temizleme-cihazi-2","status":"publish","type":"product","link":"https:\/\/www.hediyepazar.com\/?product=4-baslikli-vakumlu-siyah-nokta-ve-yuz-temizleme-cihazi-2","title":{"rendered":"4 Ba\u015fl\u0131kl\u0131 Vakumlu Siyah Nokta Ve Y\u00fcz Temizleme Cihaz\u0131"},"content":{"rendered":"<p>Geli\u015fmi\u015f vakum teknolojisiyle donat\u0131lm\u0131\u015f bu siyah nokta temizleme cihaz\u0131, g\u00f6zeneklerin derinliklerine n\u00fcfuz ederek siyah noktalar\u0131, \u00f6l\u00fc derileri ve fazla ya\u011f\u0131 etkili \u015fekilde temizler. Cildinize zarar vermeden nazik\u00e7e \u00e7al\u0131\u015fan bu cihaz, ayn\u0131 zamanda mikro dola\u015f\u0131m\u0131 art\u0131rarak cildinizin daha canl\u0131 ve sa\u011fl\u0131kl\u0131 g\u00f6r\u00fcnmesine katk\u0131 sa\u011flar.Be\u015f kademeli emi\u015f g\u00fcc\u00fc ayar\u0131 ile farkl\u0131 cilt tiplerine ve ihtiya\u00e7lara g\u00f6re \u00f6zelle\u015ftirilebilir; hassas, kuru, karma veya ya\u011fl\u0131 ciltler i\u00e7in ideal se\u00e7enekler sunar. Her biri farkl\u0131 kullan\u0131m ama\u00e7lar\u0131na uygun 4 adet de\u011fi\u015ftirilebilir ba\u015fl\u0131k sayesinde burun \u00e7evresi, al\u0131n, yanak ve \u00e7ene gibi farkl\u0131 y\u00fcz b\u00f6lgelerinde etkili sonu\u00e7lar alabilirsiniz.Su ge\u00e7irmez yap\u0131s\u0131, cihaz\u0131 du\u015f sonras\u0131nda veya \u0131slak ciltte g\u00fcvenle kullanman\u0131za olanak tan\u0131r. Ergonomik ve hafif tasar\u0131m\u0131 sayesinde elde rahat\u00e7a tutulur, kolayca kontrol edilebilir. USB \u00fczerinden \u015farj edilebilen dahili bataryas\u0131 ile kablo karma\u015fas\u0131na son verir; evde, seyahatte veya d\u0131\u015f mek\u00e2nlarda pratik kullan\u0131m sa\u011flar.Ayr\u0131ca otomatik kapanma ve k\u0131sa devre korumas\u0131 gibi g\u00fcvenlik \u00f6nlemleri ile donat\u0131lm\u0131\u015f olan cihaz, hem g\u00fcvenli hem de uzun \u00f6m\u00fcrl\u00fc bir kullan\u0131m sunar. Paket i\u00e7eri\u011fi: 1 adet siyah nokta temizleyici cihaz, 4 adet ba\u015fl\u0131k ve USB \u015farj kablosu. Cilt bak\u0131m rutininize profesyonel bir dokunu\u015f katmak i\u00e7in ideal bir se\u00e7im.<\/p>\n","protected":false},"excerpt":{"rendered":"<p>Geli\u015fmi\u015f vakum teknolojisiyle donat\u0131lm\u0131\u015f bu siyah nokta temizleme cihaz\u0131, g\u00f6zeneklerin derinliklerine n\u00fcfuz ederek siyah noktalar\u0131, \u00f6l\u00fc derileri ve fazla ya\u011f\u0131 etkili \u015fekilde temizler. Cildinize zarar vermeden nazik\u00e7e \u00e7al\u0131\u015fan bu cihaz, ayn\u0131 zamanda mikro dola\u015f\u0131m\u0131 art\u0131rarak cildinizin daha canl\u0131 ve sa\u011fl\u0131kl\u0131 g\u00f6r\u00fcnmesine katk\u0131 sa\u011flar.Be\u015f kademeli emi\u015f g\u00fcc\u00fc ayar\u0131 ile farkl\u0131 cilt tiplerine ve ihtiya\u00e7lara g\u00f6re \u00f6zelle\u015ftirilebilir;&#8230;<\/p>\n","protected":false},"featured_media":118809,"comment_status":"open","ping_status":"closed","template":"","meta":{"_kad_post_transparent":"","_kad_post_title":"","_kad_post_layout":"","_kad_post_sidebar_id":"","_kad_post_content_style":"","_kad_post_vertical_padding":"","_kad_post_feature":"","_kad_post_feature_position":"","_kad_post_header":false,"_kad_post_footer":false,"_kad_post_classname":""},"product_brand":[],"product_cat":[15029],"product_tag":[],"class_list":{"0":"post-118810","1":"product","2":"type-product","3":"status-publish","4":"has-post-thumbnail","6":"product_cat-siyah-nokta-temizleme-aleti-siyah-nokta-temizleme-aleti","8":"first","9":"instock","10":"purchasable","11":"product-type-simple","12":"entry","13":"content-bg","14":"loop-entry"},"_links":{"self":[{"href":"https:\/\/www.hediyepazar.com\/index.php?rest_route=\/wp\/v2\/product\/118810","targetHints":{"allow":["GET"]}}],"collection":[{"href":"https:\/\/www.hediyepazar.com\/index.php?rest_route=\/wp\/v2\/product"}],"about":[{"href":"https:\/\/www.hediyepazar.com\/index.php?rest_route=\/wp\/v2\/types\/product"}],"replies":[{"embeddable":true,"href":"https:\/\/www.hediyepazar.com\/index.php?rest_route=%2Fwp%2Fv2%2Fcomments&post=118810"}],"wp:featuredmedia":[{"embeddable":true,"href":"https:\/\/www.hediyepazar.com\/index.php?rest_route=\/wp\/v2\/media\/118809"}],"wp:attachment":[{"href":"https:\/\/www.hediyepazar.com\/index.php?rest_route=%2Fwp%2Fv2%2Fmedia&parent=118810"}],"wp:term":[{"taxonomy":"product_brand","embeddable":true,"href":"https:\/\/www.hediyepazar.com\/index.php?rest_route=%2Fwp%2Fv2%2Fproduct_brand&post=118810"},{"taxonomy":"product_cat","embeddable":true,"href":"https:\/\/www.hediyepazar.com\/index.php?rest_route=%2Fwp%2Fv2%2Fproduct_cat&post=118810"},{"taxonomy":"product_tag","embeddable":true,"href":"https:\/\/www.hediyepazar.com\/index.php?rest_route=%2Fwp%2Fv2%2Fproduct_tag&post=118810"}],"curies":[{"name":"wp","href":"https:\/\/api.w.org\/{rel}","templated":true}]}}