{"id":118812,"date":"2026-05-05T23:33:59","date_gmt":"2026-05-06T02:33:59","guid":{"rendered":"https:\/\/www.hediyepazar.com\/?product=vakumlu-siyah-nokta-ve-yuz-temizleme-cihazi-4-baslikli-2"},"modified":"2026-05-05T23:33:59","modified_gmt":"2026-05-06T02:33:59","slug":"vakumlu-siyah-nokta-ve-yuz-temizleme-cihazi-4-baslikli-2","status":"publish","type":"product","link":"https:\/\/www.hediyepazar.com\/?product=vakumlu-siyah-nokta-ve-yuz-temizleme-cihazi-4-baslikli-2","title":{"rendered":"Vakumlu Siyah Nokta Ve Y\u00fcz Temizleme Cihaz\u0131 4 Ba\u015fl\u0131kl\u0131"},"content":{"rendered":"<p>Cildinizin derinlemesine temizlenmesini sa\u011flayan bu vakumlu siyah nokta temizleme cihaz\u0131, g\u00fc\u00e7l\u00fc emi\u015f g\u00fcc\u00fc ve hassas tasar\u0131m\u0131yla etkili ve g\u00fcvenli bir bak\u0131m sunar. Profesyonel masaj sistemine sahip olan bu cihaz, kan dola\u015f\u0131m\u0131n\u0131 destekleyerek cildinize canl\u0131l\u0131k kazand\u0131r\u0131r. Siyah noktalar\u0131 a\u011fr\u0131s\u0131z bir \u015fekilde temizleyerek, cilt y\u00fczeyini p\u00fcr\u00fczs\u00fcz hale getirir ve g\u00f6zeneklerin g\u00f6r\u00fcn\u00fcm\u00fcn\u00fc azalt\u0131r.Her cilt tipi i\u00e7in uygun olan 5 farkl\u0131 g\u00fc\u00e7 seviyesi ile ki\u015fisel ihtiya\u00e7lar\u0131n\u0131za g\u00f6re ayarlanabilir. Su ge\u00e7irmez yap\u0131s\u0131 sayesinde du\u015f sonras\u0131 ya da y\u00fcz temizli\u011fi s\u0131ras\u0131nda g\u00fcvenle kullan\u0131labilir. Kompakt boyutlar\u0131 sayesinde hem evde hem de seyahatlerde pratik bir kullan\u0131m sunar. Cihaz, k\u0131sa devre durumunda otomatik koruma sa\u011flayarak g\u00fcvenli\u011fi \u00f6n planda tutar.Modern tasar\u0131m\u0131 ve ergonomik yap\u0131s\u0131yla kolay kavran\u0131r; farkl\u0131 i\u015flevlere sahip 4 ba\u015fl\u0131\u011f\u0131 sayesinde cilt bak\u0131m rutininize profesyonel dokunu\u015flar ekler. DC5V giri\u015f gerilimi ve 0.7W g\u00fcc\u00fc ile enerji dostudur. Paket i\u00e7eri\u011finde 1 adet vakumlu siyah nokta temizleme cihaz\u0131 ve 4 farkl\u0131 ba\u015fl\u0131k yer almaktad\u0131r. Cildinize hak etti\u011fi \u00f6zeni bu geli\u015fmi\u015f cihazla g\u00f6sterin.<\/p>\n","protected":false},"excerpt":{"rendered":"<p>Cildinizin derinlemesine temizlenmesini sa\u011flayan bu vakumlu siyah nokta temizleme cihaz\u0131, g\u00fc\u00e7l\u00fc emi\u015f g\u00fcc\u00fc ve hassas tasar\u0131m\u0131yla etkili ve g\u00fcvenli bir bak\u0131m sunar. Profesyonel masaj sistemine sahip olan bu cihaz, kan dola\u015f\u0131m\u0131n\u0131 destekleyerek cildinize canl\u0131l\u0131k kazand\u0131r\u0131r. Siyah noktalar\u0131 a\u011fr\u0131s\u0131z bir \u015fekilde temizleyerek, cilt y\u00fczeyini p\u00fcr\u00fczs\u00fcz hale getirir ve g\u00f6zeneklerin g\u00f6r\u00fcn\u00fcm\u00fcn\u00fc azalt\u0131r.Her cilt tipi i\u00e7in uygun olan&#8230;<\/p>\n","protected":false},"featured_media":118811,"comment_status":"open","ping_status":"closed","template":"","meta":{"_kad_post_transparent":"","_kad_post_title":"","_kad_post_layout":"","_kad_post_sidebar_id":"","_kad_post_content_style":"","_kad_post_vertical_padding":"","_kad_post_feature":"","_kad_post_feature_position":"","_kad_post_header":false,"_kad_post_footer":false,"_kad_post_classname":""},"product_brand":[],"product_cat":[15029],"product_tag":[],"class_list":{"0":"post-118812","1":"product","2":"type-product","3":"status-publish","4":"has-post-thumbnail","6":"product_cat-siyah-nokta-temizleme-aleti-siyah-nokta-temizleme-aleti","8":"first","9":"instock","10":"purchasable","11":"product-type-simple","12":"entry","13":"content-bg","14":"loop-entry"},"_links":{"self":[{"href":"https:\/\/www.hediyepazar.com\/index.php?rest_route=\/wp\/v2\/product\/118812","targetHints":{"allow":["GET"]}}],"collection":[{"href":"https:\/\/www.hediyepazar.com\/index.php?rest_route=\/wp\/v2\/product"}],"about":[{"href":"https:\/\/www.hediyepazar.com\/index.php?rest_route=\/wp\/v2\/types\/product"}],"replies":[{"embeddable":true,"href":"https:\/\/www.hediyepazar.com\/index.php?rest_route=%2Fwp%2Fv2%2Fcomments&post=118812"}],"wp:featuredmedia":[{"embeddable":true,"href":"https:\/\/www.hediyepazar.com\/index.php?rest_route=\/wp\/v2\/media\/118811"}],"wp:attachment":[{"href":"https:\/\/www.hediyepazar.com\/index.php?rest_route=%2Fwp%2Fv2%2Fmedia&parent=118812"}],"wp:term":[{"taxonomy":"product_brand","embeddable":true,"href":"https:\/\/www.hediyepazar.com\/index.php?rest_route=%2Fwp%2Fv2%2Fproduct_brand&post=118812"},{"taxonomy":"product_cat","embeddable":true,"href":"https:\/\/www.hediyepazar.com\/index.php?rest_route=%2Fwp%2Fv2%2Fproduct_cat&post=118812"},{"taxonomy":"product_tag","embeddable":true,"href":"https:\/\/www.hediyepazar.com\/index.php?rest_route=%2Fwp%2Fv2%2Fproduct_tag&post=118812"}],"curies":[{"name":"wp","href":"https:\/\/api.w.org\/{rel}","templated":true}]}}