{"id":118816,"date":"2026-05-05T23:34:18","date_gmt":"2026-05-06T02:34:18","guid":{"rendered":"https:\/\/www.hediyepazar.com\/?product=kablosuz-bluetooth-kulaklik-pro-yeni-nesil-dokunmatik-kontrol-2"},"modified":"2026-05-05T23:34:18","modified_gmt":"2026-05-06T02:34:18","slug":"kablosuz-bluetooth-kulaklik-pro-yeni-nesil-dokunmatik-kontrol-2","status":"publish","type":"product","link":"https:\/\/www.hediyepazar.com\/?product=kablosuz-bluetooth-kulaklik-pro-yeni-nesil-dokunmatik-kontrol-2","title":{"rendered":"Kablosuz Bluetooth Kulakl\u0131k Pro Yeni Nesil Dokunmatik Kontrol"},"content":{"rendered":"<p>Bu kulakl\u0131k, m\u00fczik dinlerken veya arama yaparken kusursuz bir deneyim sunuyor. \u015earj durumunu ekrandan izleme imkan\u0131 sayesinde pil bitti\u011fi korkusu olmadan uzun s\u00fcre kesintisiz kullan\u0131m sa\u011flayabilirsiniz. 2. Nesil teknolojisi ile daha konforlu bir kullan\u0131m deneyimi sunar; uzun s\u00fcreli kullan\u0131mlarda bile rahatl\u0131k sa\u011flar. \u015e\u0131k siyah tasar\u0131m\u0131 her ortamda stilinizi yans\u0131t\u0131rken, dayan\u0131kl\u0131 yap\u0131s\u0131 uzun \u00f6m\u00fcrl\u00fc kullan\u0131m i\u00e7in ideal bir se\u00e7enek olu\u015fturur. 2 y\u0131l ithalat\u00e7\u0131 garantisi ile g\u00fcvenli bir sat\u0131n alma deneyimi sunar, olas\u0131 teknik sorunlarda ise destek alman\u0131z\u0131 sa\u011flar.Aktif g\u00fcr\u00fclt\u00fc \u00f6nleme (ANC) teknolojisi ile d\u0131\u015f \u00e7evrenin g\u00fcr\u00fclt\u00fcs\u00fcn\u00fc engelleyerek m\u00fczik veya aramalara odaklanman\u0131z\u0131 kolayla\u015ft\u0131r\u0131r. Dahili mikrofonu sayesinde net aramalar yapabilir ve eller serbest konu\u015fma konforunu ya\u015fars\u0131n\u0131z. Suya ve tere kar\u015f\u0131 dayan\u0131kl\u0131l\u0131\u011f\u0131, spor yaparken veya ya\u011fmurlu havalarda bile g\u00fcvenle kullan\u0131m imkan\u0131 tan\u0131r. Bluetooth 5.0 deste\u011fi, daha h\u0131zl\u0131 ba\u011flant\u0131lar ve geni\u015f uyumluluk sunar. Karma\u015f\u0131k men\u00fclerden ka\u00e7\u0131nan kullan\u0131c\u0131lar i\u00e7in dokunmatik kontrol bulunmamas\u0131, m\u00fczi\u011finizi ve aramalar\u0131n\u0131z\u0131 kolayca y\u00f6netebilmenizi sa\u011flar. \u00c7ift telefon deste\u011fi ile ayn\u0131 anda iki cihazla e\u015f zamanl\u0131 olarak ba\u011flanma avantaj\u0131 sunar, b\u00f6ylece \u00e7oklu g\u00f6revleri kolayca yerine getirebilirsiniz.<\/p>\n","protected":false},"excerpt":{"rendered":"<p>Bu kulakl\u0131k, m\u00fczik dinlerken veya arama yaparken kusursuz bir deneyim sunuyor. \u015earj durumunu ekrandan izleme imkan\u0131 sayesinde pil bitti\u011fi korkusu olmadan uzun s\u00fcre kesintisiz kullan\u0131m sa\u011flayabilirsiniz. 2. Nesil teknolojisi ile daha konforlu bir kullan\u0131m deneyimi sunar; uzun s\u00fcreli kullan\u0131mlarda bile rahatl\u0131k sa\u011flar. \u015e\u0131k siyah tasar\u0131m\u0131 her ortamda stilinizi yans\u0131t\u0131rken, dayan\u0131kl\u0131 yap\u0131s\u0131 uzun \u00f6m\u00fcrl\u00fc kullan\u0131m i\u00e7in&#8230;<\/p>\n","protected":false},"featured_media":118815,"comment_status":"open","ping_status":"closed","template":"","meta":{"_kad_post_transparent":"","_kad_post_title":"","_kad_post_layout":"","_kad_post_sidebar_id":"","_kad_post_content_style":"","_kad_post_vertical_padding":"","_kad_post_feature":"","_kad_post_feature_position":"","_kad_post_header":false,"_kad_post_footer":false,"_kad_post_classname":""},"product_brand":[],"product_cat":[14957],"product_tag":[],"class_list":{"0":"post-118816","1":"product","2":"type-product","3":"status-publish","4":"has-post-thumbnail","6":"product_cat-kablosuz-kulaklik-kablosuz-kulaklik","8":"first","9":"instock","10":"purchasable","11":"product-type-simple","12":"entry","13":"content-bg","14":"loop-entry"},"_links":{"self":[{"href":"https:\/\/www.hediyepazar.com\/index.php?rest_route=\/wp\/v2\/product\/118816","targetHints":{"allow":["GET"]}}],"collection":[{"href":"https:\/\/www.hediyepazar.com\/index.php?rest_route=\/wp\/v2\/product"}],"about":[{"href":"https:\/\/www.hediyepazar.com\/index.php?rest_route=\/wp\/v2\/types\/product"}],"replies":[{"embeddable":true,"href":"https:\/\/www.hediyepazar.com\/index.php?rest_route=%2Fwp%2Fv2%2Fcomments&post=118816"}],"wp:featuredmedia":[{"embeddable":true,"href":"https:\/\/www.hediyepazar.com\/index.php?rest_route=\/wp\/v2\/media\/118815"}],"wp:attachment":[{"href":"https:\/\/www.hediyepazar.com\/index.php?rest_route=%2Fwp%2Fv2%2Fmedia&parent=118816"}],"wp:term":[{"taxonomy":"product_brand","embeddable":true,"href":"https:\/\/www.hediyepazar.com\/index.php?rest_route=%2Fwp%2Fv2%2Fproduct_brand&post=118816"},{"taxonomy":"product_cat","embeddable":true,"href":"https:\/\/www.hediyepazar.com\/index.php?rest_route=%2Fwp%2Fv2%2Fproduct_cat&post=118816"},{"taxonomy":"product_tag","embeddable":true,"href":"https:\/\/www.hediyepazar.com\/index.php?rest_route=%2Fwp%2Fv2%2Fproduct_tag&post=118816"}],"curies":[{"name":"wp","href":"https:\/\/api.w.org\/{rel}","templated":true}]}}