{"id":118824,"date":"2026-05-05T23:35:25","date_gmt":"2026-05-06T02:35:25","guid":{"rendered":"https:\/\/www.hediyepazar.com\/?product=520-retro-oyunlu-el-konsolu-atari-oyun-konsolu-tasinabilir-2"},"modified":"2026-05-05T23:35:25","modified_gmt":"2026-05-06T02:35:25","slug":"520-retro-oyunlu-el-konsolu-atari-oyun-konsolu-tasinabilir-2","status":"publish","type":"product","link":"https:\/\/www.hediyepazar.com\/?product=520-retro-oyunlu-el-konsolu-atari-oyun-konsolu-tasinabilir-2","title":{"rendered":"520 Retro Oyunlu El Konsolu Atari Oyun Konsolu Ta\u015f\u0131nabilir"},"content":{"rendered":"<p>P5 Retro GamePad ile oyun d\u00fcnyas\u0131nda nostalji dolu bir ser\u00fcvene \u00e7\u0131k\u0131n! Bu kompakt ve \u015f\u0131k tasar\u0131ml\u0131 retro oyun konsolu, sizi \u00e7ocuklu\u011funuzun en keyifli an\u0131lar\u0131na geri g\u00f6t\u00fcr\u00fcrken, modern kullan\u0131m kolayl\u0131\u011f\u0131yla g\u00fcn\u00fcm\u00fcz ihtiya\u00e7lar\u0131na da kusursuz \u015fekilde uyum sa\u011flar. Tak ve \u00e7al\u0131\u015ft\u0131r \u00f6zelli\u011fi sayesinde zahmetsizce kurulup kullan\u0131labilir; b\u00f6ylece herhangi bir teknik bilgiye ihtiya\u00e7 duymadan oyunlara hemen ba\u015flayabilirsiniz. 520 adet klasik oyun i\u00e7eren geni\u015f ar\u015fiviyle her ya\u015ftan kullan\u0131c\u0131ya hitap eden bu konsol, hem atari d\u00f6nemine \u00f6zlem duyanlar hem de retro oyunlar\u0131 ke\u015ffetmek isteyen yeni nesil i\u00e7in ideal bir se\u00e7enektir.Ergonomik tasar\u0131m\u0131 sayesinde uzun s\u00fcreli oyun seanslar\u0131nda dahi rahatl\u0131k sunarken, hafif ve ta\u015f\u0131nabilir yap\u0131s\u0131 ile seyahatlerde yan\u0131n\u0131zdan ay\u0131rmak istemeyece\u011finiz bir e\u011flence arac\u0131na d\u00f6n\u00fc\u015f\u00fcr. Mini boyutu yer kaplamadan her \u00e7antaya kolayca s\u0131\u011far. \u00d6zel retro oyun yaz\u0131l\u0131m\u0131 sayesinde sorunsuz performans ve geni\u015f uyumluluk sunan P5 Retro GamePad, e\u011flenceyi her an, her yerde yan\u0131n\u0131zda ta\u015f\u0131man\u0131za olanak tan\u0131r. Ge\u00e7mi\u015fin en keyifli oyunlar\u0131n\u0131 bug\u00fcn\u00fcn teknolojisiyle tekrar ya\u015famak i\u00e7in bu retro deneyime ad\u0131m at\u0131n!<\/p>\n","protected":false},"excerpt":{"rendered":"<p>P5 Retro GamePad ile oyun d\u00fcnyas\u0131nda nostalji dolu bir ser\u00fcvene \u00e7\u0131k\u0131n! Bu kompakt ve \u015f\u0131k tasar\u0131ml\u0131 retro oyun konsolu, sizi \u00e7ocuklu\u011funuzun en keyifli an\u0131lar\u0131na geri g\u00f6t\u00fcr\u00fcrken, modern kullan\u0131m kolayl\u0131\u011f\u0131yla g\u00fcn\u00fcm\u00fcz ihtiya\u00e7lar\u0131na da kusursuz \u015fekilde uyum sa\u011flar. Tak ve \u00e7al\u0131\u015ft\u0131r \u00f6zelli\u011fi sayesinde zahmetsizce kurulup kullan\u0131labilir; b\u00f6ylece herhangi bir teknik bilgiye ihtiya\u00e7 duymadan oyunlara hemen ba\u015flayabilirsiniz. 520&#8230;<\/p>\n","protected":false},"featured_media":118823,"comment_status":"open","ping_status":"closed","template":"","meta":{"_kad_post_transparent":"","_kad_post_title":"","_kad_post_layout":"","_kad_post_sidebar_id":"","_kad_post_content_style":"","_kad_post_vertical_padding":"","_kad_post_feature":"","_kad_post_feature_position":"","_kad_post_header":false,"_kad_post_footer":false,"_kad_post_classname":""},"product_brand":[],"product_cat":[14961],"product_tag":[],"class_list":{"0":"post-118824","1":"product","2":"type-product","3":"status-publish","4":"has-post-thumbnail","6":"product_cat-oyun-konsolu-oyun-konsolu","8":"first","9":"instock","10":"purchasable","11":"product-type-simple","12":"entry","13":"content-bg","14":"loop-entry"},"_links":{"self":[{"href":"https:\/\/www.hediyepazar.com\/index.php?rest_route=\/wp\/v2\/product\/118824","targetHints":{"allow":["GET"]}}],"collection":[{"href":"https:\/\/www.hediyepazar.com\/index.php?rest_route=\/wp\/v2\/product"}],"about":[{"href":"https:\/\/www.hediyepazar.com\/index.php?rest_route=\/wp\/v2\/types\/product"}],"replies":[{"embeddable":true,"href":"https:\/\/www.hediyepazar.com\/index.php?rest_route=%2Fwp%2Fv2%2Fcomments&post=118824"}],"wp:featuredmedia":[{"embeddable":true,"href":"https:\/\/www.hediyepazar.com\/index.php?rest_route=\/wp\/v2\/media\/118823"}],"wp:attachment":[{"href":"https:\/\/www.hediyepazar.com\/index.php?rest_route=%2Fwp%2Fv2%2Fmedia&parent=118824"}],"wp:term":[{"taxonomy":"product_brand","embeddable":true,"href":"https:\/\/www.hediyepazar.com\/index.php?rest_route=%2Fwp%2Fv2%2Fproduct_brand&post=118824"},{"taxonomy":"product_cat","embeddable":true,"href":"https:\/\/www.hediyepazar.com\/index.php?rest_route=%2Fwp%2Fv2%2Fproduct_cat&post=118824"},{"taxonomy":"product_tag","embeddable":true,"href":"https:\/\/www.hediyepazar.com\/index.php?rest_route=%2Fwp%2Fv2%2Fproduct_tag&post=118824"}],"curies":[{"name":"wp","href":"https:\/\/api.w.org\/{rel}","templated":true}]}}