{"id":118842,"date":"2026-05-05T23:39:14","date_gmt":"2026-05-06T02:39:14","guid":{"rendered":"https:\/\/www.hediyepazar.com\/?product=ambiyans-aydinlatma-rgb-led-lamba-kumandali-renk-degistirebilen-2"},"modified":"2026-05-05T23:39:14","modified_gmt":"2026-05-06T02:39:14","slug":"ambiyans-aydinlatma-rgb-led-lamba-kumandali-renk-degistirebilen-2","status":"publish","type":"product","link":"https:\/\/www.hediyepazar.com\/?product=ambiyans-aydinlatma-rgb-led-lamba-kumandali-renk-degistirebilen-2","title":{"rendered":"Ambiyans Ayd\u0131nlatma RGB Led Lamba Kumandal\u0131 Renk De\u011fi\u015ftirebilen"},"content":{"rendered":"<p>Bu LED ampul, 10 watt enerji t\u00fcketimi ile y\u00fcksek verimlilik sa\u011flar ve enerji maliyetlerinizi d\u00fc\u015f\u00fcr\u00fcrken etkili bir ayd\u0131nlatma deneyimi sunar. E27 duy tipi sayesinde geni\u015f bir uyumluluk yelpazesi sunar ve kolayca montaj yap\u0131labilir, b\u00f6ylece herhangi bir ekstra zorluk ya\u015famadan \u00e7e\u015fitli lambalar ve ayd\u0131nlatma sistemlerinde kullan\u0131labilir. Ampul\u00fcn renk de\u011fi\u015ftirme \u00f6zelli\u011fi, mekan\u0131n\u0131za dinamik ve canl\u0131 bir atmosfer katman\u0131z\u0131 sa\u011flar. \u00d6zellikle mavi \u0131\u015f\u0131k se\u00e7ene\u011fi, sakinle\u015ftirici bir ortam yarat\u0131r ve mekan\u0131n\u0131za farkl\u0131 bir hava katar. 2000 l\u00fcmen parlakl\u0131k de\u011feri ile geni\u015f alanlar\u0131 rahatl\u0131kla ayd\u0131nlatabilir ve her k\u00f6\u015feyi etkili bir \u015fekilde ayd\u0131nlat\u0131r. Kumanda ile kontrol edilebilen bu renk de\u011fi\u015ftirme \u00f6zelli\u011fi, istedi\u011finiz zaman ambiyans\u0131n\u0131z\u0131 de\u011fi\u015ftirebilmenizi sa\u011flar, b\u00f6ylece her an i\u00e7in ideal ayd\u0131nlatmay\u0131 kolayca elde edebilirsiniz. Bu LED ampul, enerji tasarrufu sa\u011flarken ayn\u0131 zamanda mekan\u0131n\u0131za estetik ve fonksiyonel bir dokunu\u015f katar.<\/p>\n","protected":false},"excerpt":{"rendered":"<p>Bu LED ampul, 10 watt enerji t\u00fcketimi ile y\u00fcksek verimlilik sa\u011flar ve enerji maliyetlerinizi d\u00fc\u015f\u00fcr\u00fcrken etkili bir ayd\u0131nlatma deneyimi sunar. E27 duy tipi sayesinde geni\u015f bir uyumluluk yelpazesi sunar ve kolayca montaj yap\u0131labilir, b\u00f6ylece herhangi bir ekstra zorluk ya\u015famadan \u00e7e\u015fitli lambalar ve ayd\u0131nlatma sistemlerinde kullan\u0131labilir. Ampul\u00fcn renk de\u011fi\u015ftirme \u00f6zelli\u011fi, mekan\u0131n\u0131za dinamik ve canl\u0131 bir atmosfer&#8230;<\/p>\n","protected":false},"featured_media":118841,"comment_status":"open","ping_status":"closed","template":"","meta":{"_kad_post_transparent":"","_kad_post_title":"","_kad_post_layout":"","_kad_post_sidebar_id":"","_kad_post_content_style":"","_kad_post_vertical_padding":"","_kad_post_feature":"","_kad_post_feature_position":"","_kad_post_header":false,"_kad_post_footer":false,"_kad_post_classname":""},"product_brand":[],"product_cat":[14967],"product_tag":[],"class_list":{"0":"post-118842","1":"product","2":"type-product","3":"status-publish","4":"has-post-thumbnail","6":"product_cat-gece-lambasi-gece-lambasi","8":"first","9":"instock","10":"purchasable","11":"product-type-simple","12":"entry","13":"content-bg","14":"loop-entry"},"_links":{"self":[{"href":"https:\/\/www.hediyepazar.com\/index.php?rest_route=\/wp\/v2\/product\/118842","targetHints":{"allow":["GET"]}}],"collection":[{"href":"https:\/\/www.hediyepazar.com\/index.php?rest_route=\/wp\/v2\/product"}],"about":[{"href":"https:\/\/www.hediyepazar.com\/index.php?rest_route=\/wp\/v2\/types\/product"}],"replies":[{"embeddable":true,"href":"https:\/\/www.hediyepazar.com\/index.php?rest_route=%2Fwp%2Fv2%2Fcomments&post=118842"}],"wp:featuredmedia":[{"embeddable":true,"href":"https:\/\/www.hediyepazar.com\/index.php?rest_route=\/wp\/v2\/media\/118841"}],"wp:attachment":[{"href":"https:\/\/www.hediyepazar.com\/index.php?rest_route=%2Fwp%2Fv2%2Fmedia&parent=118842"}],"wp:term":[{"taxonomy":"product_brand","embeddable":true,"href":"https:\/\/www.hediyepazar.com\/index.php?rest_route=%2Fwp%2Fv2%2Fproduct_brand&post=118842"},{"taxonomy":"product_cat","embeddable":true,"href":"https:\/\/www.hediyepazar.com\/index.php?rest_route=%2Fwp%2Fv2%2Fproduct_cat&post=118842"},{"taxonomy":"product_tag","embeddable":true,"href":"https:\/\/www.hediyepazar.com\/index.php?rest_route=%2Fwp%2Fv2%2Fproduct_tag&post=118842"}],"curies":[{"name":"wp","href":"https:\/\/api.w.org\/{rel}","templated":true}]}}