{"id":118850,"date":"2026-05-05T23:41:11","date_gmt":"2026-05-06T02:41:11","guid":{"rendered":"https:\/\/www.hediyepazar.com\/?product=yeni-nesil-kulak-ici-bluetooth-kulaklik-kablosuz-sesli-asistan-2"},"modified":"2026-05-05T23:41:11","modified_gmt":"2026-05-06T02:41:11","slug":"yeni-nesil-kulak-ici-bluetooth-kulaklik-kablosuz-sesli-asistan-2","status":"publish","type":"product","link":"https:\/\/www.hediyepazar.com\/?product=yeni-nesil-kulak-ici-bluetooth-kulaklik-kablosuz-sesli-asistan-2","title":{"rendered":"Yeni Nesil Kulak \u0130\u00e7i Bluetooth Kulakl\u0131k Kablosuz Sesli Asistan"},"content":{"rendered":"<p>Nesil Pro Kablosuz Kulakl\u0131k, teknolojinin en son yenilikleriyle donat\u0131lm\u0131\u015f, y\u00fcksek performansl\u0131 bir ses deneyimi sunar. Otomatik alg\u0131lama \u00f6zelli\u011fi sayesinde, kulakl\u0131klar\u0131n\u0131z\u0131 kula\u011f\u0131n\u0131zdan \u00e7\u0131kard\u0131\u011f\u0131n\u0131zda m\u00fczik veya video otomatik olarak durur, bu da batarya \u00f6mr\u00fcn\u00fc korur. I\u015f\u0131k yan\u0131p s\u00f6nme \u00f6zelli\u011fi bulunmaz, bu da daha sade ve \u015f\u0131k bir kullan\u0131m sa\u011flar. Kulakl\u0131k, dokunmatik komutlar\u0131 ki\u015fisel tercihinize g\u00f6re \u00f6zelle\u015ftirmenizi sa\u011flar; \u015fark\u0131 de\u011fi\u015ftirme, m\u00fczik duraklatma ve di\u011fer kontrol fonksiyonlar\u0131 i\u00e7in dokunarak kolayca komut verebilirsiniz.Kulakl\u0131klar\u0131n sa\u011f ve sol ayarlar\u0131 da \u00f6zelle\u015ftirilebilir, b\u00f6ylece stereo ses deneyimini tam anlam\u0131yla ki\u015fiselle\u015ftirebilirsiniz. Pop-up men\u00fcs\u00fc sayesinde, kulakl\u0131klar\u0131 a\u00e7t\u0131\u011f\u0131n\u0131zda ekranda t\u00fcm ayarlar\u0131 h\u0131zl\u0131ca g\u00f6r\u00fcnt\u00fcleyebilirsiniz. Siri deste\u011fi sayesinde, sesli komutlarla m\u00fczik kontrol\u00fc yapabilir, telefon g\u00f6r\u00fc\u015fmelerini y\u00f6netebilirsiniz. 2 kere dokunarak aramalar\u0131 a\u00e7\u0131p kapama \u00f6zelli\u011fiyle telefon g\u00f6r\u00fc\u015fmeleri de son derece pratik hale gelir.Arama sesinin kar\u015f\u0131 tarafa net gitmesi, telefonla konu\u015furken m\u00fckemmel ses kalitesini garanti eder. Bu kulakl\u0131k, iOS ve Android cihazlarla uyumludur ve Bluetooth \u00f6zelli\u011fine sahip t\u00fcm cihazlarla sorunsuz \u00e7al\u0131\u015f\u0131r. Stereo HD ses kalitesi, her t\u00fcr m\u00fczik ve sesli i\u00e7eri\u011fin net, p\u00fcr\u00fczs\u00fcz ve derin bir \u015fekilde duyulmas\u0131n\u0131 sa\u011flar. 3. Nesil Pro Kablosuz Kulakl\u0131k, m\u00fczik dinlerken ve telefon g\u00f6r\u00fc\u015fmeleri yaparken konforu \u00f6n planda tutan kullan\u0131c\u0131lar i\u00e7in ideal bir tercihtir.<\/p>\n","protected":false},"excerpt":{"rendered":"<p>Nesil Pro Kablosuz Kulakl\u0131k, teknolojinin en son yenilikleriyle donat\u0131lm\u0131\u015f, y\u00fcksek performansl\u0131 bir ses deneyimi sunar. Otomatik alg\u0131lama \u00f6zelli\u011fi sayesinde, kulakl\u0131klar\u0131n\u0131z\u0131 kula\u011f\u0131n\u0131zdan \u00e7\u0131kard\u0131\u011f\u0131n\u0131zda m\u00fczik veya video otomatik olarak durur, bu da batarya \u00f6mr\u00fcn\u00fc korur. I\u015f\u0131k yan\u0131p s\u00f6nme \u00f6zelli\u011fi bulunmaz, bu da daha sade ve \u015f\u0131k bir kullan\u0131m sa\u011flar. Kulakl\u0131k, dokunmatik komutlar\u0131 ki\u015fisel tercihinize g\u00f6re \u00f6zelle\u015ftirmenizi sa\u011flar;&#8230;<\/p>\n","protected":false},"featured_media":118849,"comment_status":"open","ping_status":"closed","template":"","meta":{"_kad_post_transparent":"","_kad_post_title":"","_kad_post_layout":"","_kad_post_sidebar_id":"","_kad_post_content_style":"","_kad_post_vertical_padding":"","_kad_post_feature":"","_kad_post_feature_position":"","_kad_post_header":false,"_kad_post_footer":false,"_kad_post_classname":""},"product_brand":[],"product_cat":[14957],"product_tag":[],"class_list":{"0":"post-118850","1":"product","2":"type-product","3":"status-publish","4":"has-post-thumbnail","6":"product_cat-kablosuz-kulaklik-kablosuz-kulaklik","8":"first","9":"instock","10":"purchasable","11":"product-type-simple","12":"entry","13":"content-bg","14":"loop-entry"},"_links":{"self":[{"href":"https:\/\/www.hediyepazar.com\/index.php?rest_route=\/wp\/v2\/product\/118850","targetHints":{"allow":["GET"]}}],"collection":[{"href":"https:\/\/www.hediyepazar.com\/index.php?rest_route=\/wp\/v2\/product"}],"about":[{"href":"https:\/\/www.hediyepazar.com\/index.php?rest_route=\/wp\/v2\/types\/product"}],"replies":[{"embeddable":true,"href":"https:\/\/www.hediyepazar.com\/index.php?rest_route=%2Fwp%2Fv2%2Fcomments&post=118850"}],"wp:featuredmedia":[{"embeddable":true,"href":"https:\/\/www.hediyepazar.com\/index.php?rest_route=\/wp\/v2\/media\/118849"}],"wp:attachment":[{"href":"https:\/\/www.hediyepazar.com\/index.php?rest_route=%2Fwp%2Fv2%2Fmedia&parent=118850"}],"wp:term":[{"taxonomy":"product_brand","embeddable":true,"href":"https:\/\/www.hediyepazar.com\/index.php?rest_route=%2Fwp%2Fv2%2Fproduct_brand&post=118850"},{"taxonomy":"product_cat","embeddable":true,"href":"https:\/\/www.hediyepazar.com\/index.php?rest_route=%2Fwp%2Fv2%2Fproduct_cat&post=118850"},{"taxonomy":"product_tag","embeddable":true,"href":"https:\/\/www.hediyepazar.com\/index.php?rest_route=%2Fwp%2Fv2%2Fproduct_tag&post=118850"}],"curies":[{"name":"wp","href":"https:\/\/api.w.org\/{rel}","templated":true}]}}