{"id":118870,"date":"2026-05-05T23:45:37","date_gmt":"2026-05-06T02:45:37","guid":{"rendered":"https:\/\/www.hediyepazar.com\/?product=amoled-ekran-metal-deri-silikon-kordonlu-uyku-ve-saglik-takibi"},"modified":"2026-05-05T23:45:37","modified_gmt":"2026-05-06T02:45:37","slug":"amoled-ekran-metal-deri-silikon-kordonlu-uyku-ve-saglik-takibi","status":"publish","type":"product","link":"https:\/\/www.hediyepazar.com\/?product=amoled-ekran-metal-deri-silikon-kordonlu-uyku-ve-saglik-takibi","title":{"rendered":"Amoled Ekran Metal Deri Silikon Kordonlu Uyku ve Sa\u011fl\u0131k Takibi"},"content":{"rendered":"<p>Bu ak\u0131ll\u0131 saat, kullan\u0131c\u0131lar\u0131n g\u00fcnl\u00fck ya\u015fam\u0131n\u0131 kolayla\u015ft\u0131rmak ve sa\u011fl\u0131klar\u0131n\u0131 izlemek i\u00e7in tasarlanm\u0131\u015f \u00e7ok fonksiyonlu bir cihazd\u0131r. Hem iOS hem de Android sistemleriyle uyumlu olup, Android 4.4 ve \u00fczeri s\u00fcr\u00fcmlerle, iOS 10.0 ve \u00fczeri s\u00fcr\u00fcmlerle \u00e7al\u0131\u015fabilir, bu sayede geni\u015f bir cihaz yelpazesinde kullan\u0131labilir. Saatin dikkat \u00e7eken \u00f6zelliklerinden biri, kablosuz \u015farj deste\u011fi sunarak, \u015farj i\u015flemlerini daha pratik hale getirmesidir. Ayr\u0131ca Bluetooth sesli g\u00f6r\u00fc\u015fme \u00f6zelli\u011fi ile telefon g\u00f6r\u00fc\u015fmelerini do\u011frudan saatiniz \u00fczerinden ger\u00e7ekle\u015ftirebilirsiniz, bu da kullan\u0131c\u0131lara eller serbest bir deneyim sa\u011flar.Sa\u011fl\u0131k takibi konusunda da bir\u00e7ok fonksiyon sunan bu ak\u0131ll\u0131 saat, nab\u0131z \u00f6l\u00e7\u00fcm\u00fc ve kan bas\u0131nc\u0131 takibi gibi sa\u011fl\u0131k verilerini s\u00fcrekli izleyebilmenize imkan tan\u0131r. Uyku analizi fonksiyonu, gece boyunca uykunuzu analiz ederek derin uyku, hafif uyku ve uyan\u0131k kalma s\u00fcrelerinizi \u00f6l\u00e7er, b\u00f6ylece daha iyi bir uyku kalitesine ula\u015fmak i\u00e7in \u00f6nerilerde bulunur. Ayr\u0131ca, spor yaparken ad\u0131m sayar, kalori \u00f6l\u00e7\u00fcm\u00fc ve mesafe \u00f6l\u00e7\u00fcm\u00fc gibi fonksiyonlar sayesinde fiziksel aktivitelerinizi takip edebilirsiniz. Kol hareketi ile ekran uyand\u0131rma, saatinizi kullan\u0131mda tutman\u0131za yard\u0131mc\u0131 olurken, ayr\u0131ca mesafe \u00f6l\u00e7\u00fcm\u00fc ve spor modlar\u0131 sayesinde, egzersiz yaparken de detayl\u0131 bir takip sa\u011flar.Ekran\u0131nda 3D dinamik kadran deste\u011fi bulunan bu saat, kullan\u0131c\u0131lar\u0131n saatlerini ki\u015fiselle\u015ftirmelerine olanak tan\u0131r. Sosyal medya bildirimleri, mesaj bildirimleri ve arama hat\u0131rlat\u0131c\u0131s\u0131 gibi \u00f6zelliklerle, saatiniz \u00fczerinden \u00f6nemli bildirimlere an\u0131nda ula\u015fabilirsiniz. Ayr\u0131ca, oturma ve kalkma uyar\u0131s\u0131, g\u00fcn i\u00e7inde hareketsiz kalman\u0131z\u0131 engellemek ve sa\u011fl\u0131kl\u0131 bir ya\u015fam tarz\u0131 s\u00fcrd\u00fcrmenize yard\u0131mc\u0131 olmak i\u00e7in s\u00fcrekli olarak hat\u0131rlatmalar yapar.Ak\u0131ll\u0131 saat, sadece sa\u011fl\u0131k takibi yapmakla kalmaz, ayn\u0131 zamanda g\u00fcnl\u00fck i\u015flerinizi kolayla\u015ft\u0131ran pratik \u00f6zelliklere de sahiptir. Hava durumu takibi, m\u00fczik kontrol\u00fc, hesap makinesi, nefes egzersizleri ve g\u00fc\u00e7 tasarrufu modu gibi \u00f6zellikler, cihaz\u0131n \u00e7ok y\u00f6nl\u00fcl\u00fc\u011f\u00fcn\u00fc ve kullan\u0131c\u0131 dostu olmas\u0131n\u0131 sa\u011flar. Ayr\u0131ca, NFC \u00f6zelli\u011fi sayesinde, baz\u0131 uygulamalarda \u00f6deme yapma veya cihazlar\u0131 h\u0131zl\u0131ca e\u015fle\u015ftirme gibi i\u015flevleri yerine getirebilirsiniz.Sonu\u00e7 olarak, bu ak\u0131ll\u0131 saat, g\u00fcnl\u00fck ya\u015fam\u0131n\u0131z\u0131 organize etmenize yard\u0131mc\u0131 olacak bir dizi fonksiyona sahip olup, sa\u011fl\u0131\u011f\u0131n\u0131z\u0131 izleyip iyile\u015ftirmek isteyen kullan\u0131c\u0131lar i\u00e7in m\u00fckemmel bir ara\u00e7t\u0131r. Geli\u015fmi\u015f teknolojisi ve \u015f\u0131k tasar\u0131m\u0131 ile hem estetik hem de i\u015flevsel bir deneyim sunar.<\/p>\n","protected":false},"excerpt":{"rendered":"<p>Bu ak\u0131ll\u0131 saat, kullan\u0131c\u0131lar\u0131n g\u00fcnl\u00fck ya\u015fam\u0131n\u0131 kolayla\u015ft\u0131rmak ve sa\u011fl\u0131klar\u0131n\u0131 izlemek i\u00e7in tasarlanm\u0131\u015f \u00e7ok fonksiyonlu bir cihazd\u0131r. Hem iOS hem de Android sistemleriyle uyumlu olup, Android 4.4 ve \u00fczeri s\u00fcr\u00fcmlerle, iOS 10.0 ve \u00fczeri s\u00fcr\u00fcmlerle \u00e7al\u0131\u015fabilir, bu sayede geni\u015f bir cihaz yelpazesinde kullan\u0131labilir. Saatin dikkat \u00e7eken \u00f6zelliklerinden biri, kablosuz \u015farj deste\u011fi sunarak, \u015farj i\u015flemlerini daha pratik&#8230;<\/p>\n","protected":false},"featured_media":118869,"comment_status":"open","ping_status":"closed","template":"","meta":{"_kad_post_transparent":"","_kad_post_title":"","_kad_post_layout":"","_kad_post_sidebar_id":"","_kad_post_content_style":"","_kad_post_vertical_padding":"","_kad_post_feature":"","_kad_post_feature_position":"","_kad_post_header":false,"_kad_post_footer":false,"_kad_post_classname":""},"product_brand":[],"product_cat":[14925],"product_tag":[],"class_list":{"0":"post-118870","1":"product","2":"type-product","3":"status-publish","4":"has-post-thumbnail","6":"product_cat-tiras-makinesi-tiras-makinesi","8":"first","9":"instock","10":"purchasable","11":"product-type-simple","12":"entry","13":"content-bg","14":"loop-entry"},"_links":{"self":[{"href":"https:\/\/www.hediyepazar.com\/index.php?rest_route=\/wp\/v2\/product\/118870","targetHints":{"allow":["GET"]}}],"collection":[{"href":"https:\/\/www.hediyepazar.com\/index.php?rest_route=\/wp\/v2\/product"}],"about":[{"href":"https:\/\/www.hediyepazar.com\/index.php?rest_route=\/wp\/v2\/types\/product"}],"replies":[{"embeddable":true,"href":"https:\/\/www.hediyepazar.com\/index.php?rest_route=%2Fwp%2Fv2%2Fcomments&post=118870"}],"wp:featuredmedia":[{"embeddable":true,"href":"https:\/\/www.hediyepazar.com\/index.php?rest_route=\/wp\/v2\/media\/118869"}],"wp:attachment":[{"href":"https:\/\/www.hediyepazar.com\/index.php?rest_route=%2Fwp%2Fv2%2Fmedia&parent=118870"}],"wp:term":[{"taxonomy":"product_brand","embeddable":true,"href":"https:\/\/www.hediyepazar.com\/index.php?rest_route=%2Fwp%2Fv2%2Fproduct_brand&post=118870"},{"taxonomy":"product_cat","embeddable":true,"href":"https:\/\/www.hediyepazar.com\/index.php?rest_route=%2Fwp%2Fv2%2Fproduct_cat&post=118870"},{"taxonomy":"product_tag","embeddable":true,"href":"https:\/\/www.hediyepazar.com\/index.php?rest_route=%2Fwp%2Fv2%2Fproduct_tag&post=118870"}],"curies":[{"name":"wp","href":"https:\/\/api.w.org\/{rel}","templated":true}]}}