{"id":118890,"date":"2026-05-05T23:48:14","date_gmt":"2026-05-06T02:48:14","guid":{"rendered":"https:\/\/www.hediyepazar.com\/?product=projeksiyon-ev-sinemasi-bluetooth-4k-hd-kaliteli-goruntu-kumandali-2"},"modified":"2026-05-05T23:48:14","modified_gmt":"2026-05-06T02:48:14","slug":"projeksiyon-ev-sinemasi-bluetooth-4k-hd-kaliteli-goruntu-kumandali-2","status":"publish","type":"product","link":"https:\/\/www.hediyepazar.com\/?product=projeksiyon-ev-sinemasi-bluetooth-4k-hd-kaliteli-goruntu-kumandali-2","title":{"rendered":"Projeksiyon Ev Sinemas\u0131 Bluetooth 4k HD Kaliteli G\u00f6r\u00fcnt\u00fc Kumandal\u0131"},"content":{"rendered":"<p>Mini Android Projekt\u00f6r \u2013 Ta\u015f\u0131nabilir Sinema DeneyimiBu mini Android projekt\u00f6r, kompakt boyutuna ra\u011fmen y\u00fcksek performans sunarak evde, ofiste ya da seyahatte sinema keyfini her yere ta\u015f\u0131man\u0131z\u0131 sa\u011flar. Ultra HD 1920&#215;1080 \u00e7\u00f6z\u00fcn\u00fcrl\u00fc\u011f\u00fc ile canl\u0131 ve keskin g\u00f6r\u00fcnt\u00fcler sunarken, Android i\u015fletim sistemi sayesinde bir\u00e7ok uygulamay\u0131 destekler.\u00d6zellikler: Ultra HD \u00c7\u00f6z\u00fcn\u00fcrl\u00fck: 1920&#215;1080 piksel netlikte g\u00f6r\u00fcnt\u00fc kalitesi. Android Sistemi: Uygulama indirme, video izleme ve medya oynatma gibi i\u015flemleri destekler. 1 GB RAM &#038; 32 GB Haf\u0131za: Yeterli depolama alan\u0131 ve ak\u0131c\u0131 kullan\u0131m. Bluetooth Deste\u011fi: Harici cihazlarla kolay ba\u011flant\u0131. \u00c7oklu Giri\u015fler: HD, USB, kulakl\u0131k gibi \u00e7e\u015fitli giri\u015f se\u00e7enekleri ile geni\u015f uyumluluk. 50 in\u00e7 TV Deneyimi: 1 metre mesafeden 50 in\u00e7 ekran kalitesinde g\u00f6r\u00fcnt\u00fc sa\u011flar. Hafif ve Ta\u015f\u0131nabilir: Sadece 750 gr a\u011f\u0131rl\u0131\u011f\u0131yla her yere kolayca ta\u015f\u0131nabilir. Dahili Fan: A\u015f\u0131r\u0131 \u0131s\u0131nmay\u0131 \u00f6nlemek i\u00e7in so\u011futma fan\u0131 ile donat\u0131lm\u0131\u015ft\u0131r. Elektrik Kablosu ile \u00c7al\u0131\u015f\u0131r: Pratik kurulum i\u00e7in do\u011frudan elektrik ba\u011flant\u0131s\u0131. Dahili Hoparl\u00f6r: Ekstra ses sistemine ihtiya\u00e7 duymadan kullan\u0131labilir.Kutu \u0130\u00e7eri\u011fi: TV G\u00f6r\u00fcnt\u00fc Kablosu HDMI Kablosu Tripot Kumanda Kullan\u0131m K\u0131lavuzu<\/p>\n","protected":false},"excerpt":{"rendered":"<p>Mini Android Projekt\u00f6r \u2013 Ta\u015f\u0131nabilir Sinema DeneyimiBu mini Android projekt\u00f6r, kompakt boyutuna ra\u011fmen y\u00fcksek performans sunarak evde, ofiste ya da seyahatte sinema keyfini her yere ta\u015f\u0131man\u0131z\u0131 sa\u011flar. Ultra HD 1920&#215;1080 \u00e7\u00f6z\u00fcn\u00fcrl\u00fc\u011f\u00fc ile canl\u0131 ve keskin g\u00f6r\u00fcnt\u00fcler sunarken, Android i\u015fletim sistemi sayesinde bir\u00e7ok uygulamay\u0131 destekler.\u00d6zellikler: Ultra HD \u00c7\u00f6z\u00fcn\u00fcrl\u00fck: 1920&#215;1080 piksel netlikte g\u00f6r\u00fcnt\u00fc kalitesi. Android Sistemi: Uygulama&#8230;<\/p>\n","protected":false},"featured_media":118889,"comment_status":"open","ping_status":"closed","template":"","meta":{"_kad_post_transparent":"","_kad_post_title":"","_kad_post_layout":"","_kad_post_sidebar_id":"","_kad_post_content_style":"","_kad_post_vertical_padding":"","_kad_post_feature":"","_kad_post_feature_position":"","_kad_post_header":false,"_kad_post_footer":false,"_kad_post_classname":""},"product_brand":[],"product_cat":[14905],"product_tag":[],"class_list":{"0":"post-118890","1":"product","2":"type-product","3":"status-publish","4":"has-post-thumbnail","6":"product_cat-projeksiyon-projeksiyon","8":"first","9":"instock","10":"purchasable","11":"product-type-simple","12":"entry","13":"content-bg","14":"loop-entry"},"_links":{"self":[{"href":"https:\/\/www.hediyepazar.com\/index.php?rest_route=\/wp\/v2\/product\/118890","targetHints":{"allow":["GET"]}}],"collection":[{"href":"https:\/\/www.hediyepazar.com\/index.php?rest_route=\/wp\/v2\/product"}],"about":[{"href":"https:\/\/www.hediyepazar.com\/index.php?rest_route=\/wp\/v2\/types\/product"}],"replies":[{"embeddable":true,"href":"https:\/\/www.hediyepazar.com\/index.php?rest_route=%2Fwp%2Fv2%2Fcomments&post=118890"}],"wp:featuredmedia":[{"embeddable":true,"href":"https:\/\/www.hediyepazar.com\/index.php?rest_route=\/wp\/v2\/media\/118889"}],"wp:attachment":[{"href":"https:\/\/www.hediyepazar.com\/index.php?rest_route=%2Fwp%2Fv2%2Fmedia&parent=118890"}],"wp:term":[{"taxonomy":"product_brand","embeddable":true,"href":"https:\/\/www.hediyepazar.com\/index.php?rest_route=%2Fwp%2Fv2%2Fproduct_brand&post=118890"},{"taxonomy":"product_cat","embeddable":true,"href":"https:\/\/www.hediyepazar.com\/index.php?rest_route=%2Fwp%2Fv2%2Fproduct_cat&post=118890"},{"taxonomy":"product_tag","embeddable":true,"href":"https:\/\/www.hediyepazar.com\/index.php?rest_route=%2Fwp%2Fv2%2Fproduct_tag&post=118890"}],"curies":[{"name":"wp","href":"https:\/\/api.w.org\/{rel}","templated":true}]}}