{"id":118930,"date":"2026-05-05T23:57:03","date_gmt":"2026-05-06T02:57:03","guid":{"rendered":"https:\/\/www.hediyepazar.com\/?product=bahce-sulama-tabancasi-makinesi-yuksek-basincli-akulu-yikama-makinesi-2"},"modified":"2026-05-05T23:57:03","modified_gmt":"2026-05-06T02:57:03","slug":"bahce-sulama-tabancasi-makinesi-yuksek-basincli-akulu-yikama-makinesi-2","status":"publish","type":"product","link":"https:\/\/www.hediyepazar.com\/?product=bahce-sulama-tabancasi-makinesi-yuksek-basincli-akulu-yikama-makinesi-2","title":{"rendered":"Bah\u00e7e Sulama Tabancas\u0131 Makinesi Y\u00fcksek Bas\u0131n\u00e7l\u0131 Ak\u00fcl\u00fc Y\u0131kama Makinesi"},"content":{"rendered":"<p>Ak\u00fcl\u00fc Y\u0131kama Makinesi \u2013 Pratik ve G\u00fc\u00e7l\u00fc Temizlik \u00c7\u00f6z\u00fcm\u00fcG\u00fcn\u00fcm\u00fczde araba y\u0131kama ve genel temizlik i\u015fleri i\u00e7in pratik ve etkili \u00e7\u00f6z\u00fcmler arayanlar i\u00e7in ak\u00fcl\u00fc y\u0131kama makinesi m\u00fckemmel bir se\u00e7enek sunuyor. 21V XR Li-Ion bataryas\u0131 ve k\u00f6m\u00fcrs\u00fcz motoru sayesinde g\u00fc\u00e7l\u00fc performans sa\u011flar. Bu makine, arac\u0131n\u0131z\u0131, bah\u00e7enizi ve daha bir\u00e7ok y\u00fczeyi h\u0131zla ve etkili bir \u015fekilde temizlemenize yard\u0131mc\u0131 olur.Uzun S\u00fcreli Kullan\u0131m ve H\u0131zl\u0131 \u015earjAk\u00fc kapasitesi 1500mAh olan bu model, kesintisiz kullan\u0131m imkan\u0131 tan\u0131r. 5 pilli dahili bataryas\u0131, uzun s\u00fcreli temizlik i\u015flemleri i\u00e7in yeterli g\u00fc\u00e7 sunar. 60 dakikal\u0131k h\u0131zl\u0131 \u015farj s\u00fcresi sayesinde, k\u0131sa s\u00fcrede tekrar kullan\u0131ma haz\u0131r hale gelir. Bu, \u00f6zellikle zaman k\u0131s\u0131tlamas\u0131 olan kullan\u0131c\u0131lar i\u00e7in b\u00fcy\u00fck bir avantaj sa\u011flar.Y\u00fcksek Bas\u0131n\u00e7 ve Etkili Temizlik1.7 Mpa tepe bas\u0131nc\u0131 ve 3.2 L\/dak su \u00e7\u0131k\u0131\u015f\u0131 ile olduk\u00e7a g\u00fc\u00e7l\u00fc bir temizlik deneyimi sunar. Zorlu kirleri ve inat\u00e7\u0131 lekeleri kolayca temizler, b\u00f6ylece arac\u0131n\u0131z her zaman ilk g\u00fcnk\u00fc gibi parlak ve temiz kal\u0131r. Metal pompa silindiri, makinenin uzun \u00f6m\u00fcrl\u00fc olmas\u0131n\u0131 sa\u011flayarak dayan\u0131kl\u0131 bir kullan\u0131m sunar.Hafif ve Kompakt Tasar\u0131mSadece 2 kg a\u011f\u0131rl\u0131\u011f\u0131nda olan bu ak\u00fcl\u00fc y\u0131kama makinesi, ta\u015f\u0131nabilirli\u011fi ile b\u00fcy\u00fck kolayl\u0131k sa\u011flar. Ergonomik tasar\u0131m\u0131 ve hafif yap\u0131s\u0131 sayesinde uzun s\u00fcreli kullan\u0131mlarda bile rahatl\u0131kla tutabilir ve y\u00f6nlendirebilirsiniz. Ara\u00e7, bisiklet ve motosiklet temizli\u011finde b\u00fcy\u00fck kolayl\u0131k sunar.\u00c7e\u015fitli Kullan\u0131m Alanlar\u0131Bu pratik ak\u00fcl\u00fc y\u0131kama makinesi yaln\u0131zca ara\u00e7lar i\u00e7in de\u011fil, ayn\u0131 zamanda bah\u00e7e sulama ve ev temizli\u011fi gibi di\u011fer alanlarda da kullan\u0131labilir. 2 y\u0131l garanti s\u00fcresi ile \u00fcr\u00fcn\u00fcn kalitesine olan g\u00fcven artt\u0131r\u0131lmaktad\u0131r, b\u00f6ylece uzun vadeli kullan\u0131mda da sizi yar\u0131 yolda b\u0131rakmaz.<\/p>\n","protected":false},"excerpt":{"rendered":"<p>Ak\u00fcl\u00fc Y\u0131kama Makinesi \u2013 Pratik ve G\u00fc\u00e7l\u00fc Temizlik \u00c7\u00f6z\u00fcm\u00fcG\u00fcn\u00fcm\u00fczde araba y\u0131kama ve genel temizlik i\u015fleri i\u00e7in pratik ve etkili \u00e7\u00f6z\u00fcmler arayanlar i\u00e7in ak\u00fcl\u00fc y\u0131kama makinesi m\u00fckemmel bir se\u00e7enek sunuyor. 21V XR Li-Ion bataryas\u0131 ve k\u00f6m\u00fcrs\u00fcz motoru sayesinde g\u00fc\u00e7l\u00fc performans sa\u011flar. Bu makine, arac\u0131n\u0131z\u0131, bah\u00e7enizi ve daha bir\u00e7ok y\u00fczeyi h\u0131zla ve etkili bir \u015fekilde temizlemenize yard\u0131mc\u0131&#8230;<\/p>\n","protected":false},"featured_media":118929,"comment_status":"open","ping_status":"closed","template":"","meta":{"_kad_post_transparent":"","_kad_post_title":"","_kad_post_layout":"","_kad_post_sidebar_id":"","_kad_post_content_style":"","_kad_post_vertical_padding":"","_kad_post_feature":"","_kad_post_feature_position":"","_kad_post_header":false,"_kad_post_footer":false,"_kad_post_classname":""},"product_brand":[],"product_cat":[14971],"product_tag":[],"class_list":{"0":"post-118930","1":"product","2":"type-product","3":"status-publish","4":"has-post-thumbnail","6":"product_cat-yuksek-basincli-yikama-makinesi-yuksek-basincli-yikama-makinesi","8":"first","9":"instock","10":"purchasable","11":"product-type-simple","12":"entry","13":"content-bg","14":"loop-entry"},"_links":{"self":[{"href":"https:\/\/www.hediyepazar.com\/index.php?rest_route=\/wp\/v2\/product\/118930","targetHints":{"allow":["GET"]}}],"collection":[{"href":"https:\/\/www.hediyepazar.com\/index.php?rest_route=\/wp\/v2\/product"}],"about":[{"href":"https:\/\/www.hediyepazar.com\/index.php?rest_route=\/wp\/v2\/types\/product"}],"replies":[{"embeddable":true,"href":"https:\/\/www.hediyepazar.com\/index.php?rest_route=%2Fwp%2Fv2%2Fcomments&post=118930"}],"wp:featuredmedia":[{"embeddable":true,"href":"https:\/\/www.hediyepazar.com\/index.php?rest_route=\/wp\/v2\/media\/118929"}],"wp:attachment":[{"href":"https:\/\/www.hediyepazar.com\/index.php?rest_route=%2Fwp%2Fv2%2Fmedia&parent=118930"}],"wp:term":[{"taxonomy":"product_brand","embeddable":true,"href":"https:\/\/www.hediyepazar.com\/index.php?rest_route=%2Fwp%2Fv2%2Fproduct_brand&post=118930"},{"taxonomy":"product_cat","embeddable":true,"href":"https:\/\/www.hediyepazar.com\/index.php?rest_route=%2Fwp%2Fv2%2Fproduct_cat&post=118930"},{"taxonomy":"product_tag","embeddable":true,"href":"https:\/\/www.hediyepazar.com\/index.php?rest_route=%2Fwp%2Fv2%2Fproduct_tag&post=118930"}],"curies":[{"name":"wp","href":"https:\/\/api.w.org\/{rel}","templated":true}]}}