{"id":118989,"date":"2026-05-06T00:06:35","date_gmt":"2026-05-06T03:06:35","guid":{"rendered":"https:\/\/www.hediyepazar.com\/?product=hava-nemlendirici-buhar-makinesi-led-isikli-usb-dekoratif-nemlendirici-2"},"modified":"2026-05-06T00:06:35","modified_gmt":"2026-05-06T03:06:35","slug":"hava-nemlendirici-buhar-makinesi-led-isikli-usb-dekoratif-nemlendirici-2","status":"publish","type":"product","link":"https:\/\/www.hediyepazar.com\/?product=hava-nemlendirici-buhar-makinesi-led-isikli-usb-dekoratif-nemlendirici-2","title":{"rendered":"Hava Nemlendirici Buhar Makinesi Led I\u015f\u0131kl\u0131 USB Dekoratif Nemlendirici"},"content":{"rendered":"<p>\u00dcr\u00fcn\u00fcn verimli \u00e7al\u0131\u015fmas\u0131 i\u00e7in ar\u0131t\u0131lm\u0131\u015f su kullan\u0131lmas\u0131 \u00f6nerilir; musluk suyu ya da \u00e7\u00f6z\u00fcnmeyen u\u00e7ucu ya\u011flar cihaz\u0131n performans\u0131n\u0131 olumsuz etkileyebilir ve garanti kapsam\u0131 d\u0131\u015f\u0131nda kalmas\u0131na neden olabilir. Ya\u011f kullan\u0131m\u0131 yap\u0131lacaksa, sadece su veya alkol bazl\u0131 kokular tercih edilmeli ve 3-5 damlay\u0131 ge\u00e7memelidir. Su haznesi maksimum %90 oran\u0131nda doldurulmal\u0131d\u0131r; ta\u015fma, cihaz\u0131n i\u00e7 aksam\u0131na zarar verebilir. Buhar g\u00fcc\u00fc azald\u0131\u011f\u0131nda hazne kontrol edilmeli, filtre gerekiyorsa de\u011fi\u015ftirilmeli ya da temizlik yap\u0131lmal\u0131d\u0131r. Teknik olarak DC5.0V\/1.0A giri\u015fe sahip olan cihaz\u0131n \u00e7al\u0131\u015fma de\u011feri 250-350mA olup, 30-45mL\/h nem \u00fcretimiyle 4 ila 6 saat aral\u0131\u011f\u0131nda \u00e7al\u0131\u015fabilir. Boyutlar\u0131 ise 119x78x78mm&#8217;dir, bu da onu hem masa \u00fcst\u00fc hem de seyahat kullan\u0131m\u0131 i\u00e7in ideal k\u0131lar.<\/p>\n","protected":false},"excerpt":{"rendered":"<p>\u00dcr\u00fcn\u00fcn verimli \u00e7al\u0131\u015fmas\u0131 i\u00e7in ar\u0131t\u0131lm\u0131\u015f su kullan\u0131lmas\u0131 \u00f6nerilir; musluk suyu ya da \u00e7\u00f6z\u00fcnmeyen u\u00e7ucu ya\u011flar cihaz\u0131n performans\u0131n\u0131 olumsuz etkileyebilir ve garanti kapsam\u0131 d\u0131\u015f\u0131nda kalmas\u0131na neden olabilir. Ya\u011f kullan\u0131m\u0131 yap\u0131lacaksa, sadece su veya alkol bazl\u0131 kokular tercih edilmeli ve 3-5 damlay\u0131 ge\u00e7memelidir. Su haznesi maksimum %90 oran\u0131nda doldurulmal\u0131d\u0131r; ta\u015fma, cihaz\u0131n i\u00e7 aksam\u0131na zarar verebilir. Buhar g\u00fcc\u00fc&#8230;<\/p>\n","protected":false},"featured_media":118988,"comment_status":"open","ping_status":"closed","template":"","meta":{"_kad_post_transparent":"","_kad_post_title":"","_kad_post_layout":"","_kad_post_sidebar_id":"","_kad_post_content_style":"","_kad_post_vertical_padding":"","_kad_post_feature":"","_kad_post_feature_position":"","_kad_post_header":false,"_kad_post_footer":false,"_kad_post_classname":""},"product_brand":[],"product_cat":[14965],"product_tag":[],"class_list":{"0":"post-118989","1":"product","2":"type-product","3":"status-publish","4":"has-post-thumbnail","6":"product_cat-hava-nemlendirici-hava-nemlendirici","8":"first","9":"instock","10":"purchasable","11":"product-type-simple","12":"entry","13":"content-bg","14":"loop-entry"},"_links":{"self":[{"href":"https:\/\/www.hediyepazar.com\/index.php?rest_route=\/wp\/v2\/product\/118989","targetHints":{"allow":["GET"]}}],"collection":[{"href":"https:\/\/www.hediyepazar.com\/index.php?rest_route=\/wp\/v2\/product"}],"about":[{"href":"https:\/\/www.hediyepazar.com\/index.php?rest_route=\/wp\/v2\/types\/product"}],"replies":[{"embeddable":true,"href":"https:\/\/www.hediyepazar.com\/index.php?rest_route=%2Fwp%2Fv2%2Fcomments&post=118989"}],"wp:featuredmedia":[{"embeddable":true,"href":"https:\/\/www.hediyepazar.com\/index.php?rest_route=\/wp\/v2\/media\/118988"}],"wp:attachment":[{"href":"https:\/\/www.hediyepazar.com\/index.php?rest_route=%2Fwp%2Fv2%2Fmedia&parent=118989"}],"wp:term":[{"taxonomy":"product_brand","embeddable":true,"href":"https:\/\/www.hediyepazar.com\/index.php?rest_route=%2Fwp%2Fv2%2Fproduct_brand&post=118989"},{"taxonomy":"product_cat","embeddable":true,"href":"https:\/\/www.hediyepazar.com\/index.php?rest_route=%2Fwp%2Fv2%2Fproduct_cat&post=118989"},{"taxonomy":"product_tag","embeddable":true,"href":"https:\/\/www.hediyepazar.com\/index.php?rest_route=%2Fwp%2Fv2%2Fproduct_tag&post=118989"}],"curies":[{"name":"wp","href":"https:\/\/api.w.org\/{rel}","templated":true}]}}