{"id":119001,"date":"2026-05-06T00:07:16","date_gmt":"2026-05-06T03:07:16","guid":{"rendered":"https:\/\/www.hediyepazar.com\/?product=aromaterapi-hava-nemlendirici-dekoratif-usb-sarjli-tavsan-nemlendirici-2"},"modified":"2026-05-06T00:07:16","modified_gmt":"2026-05-06T03:07:16","slug":"aromaterapi-hava-nemlendirici-dekoratif-usb-sarjli-tavsan-nemlendirici-2","status":"publish","type":"product","link":"https:\/\/www.hediyepazar.com\/?product=aromaterapi-hava-nemlendirici-dekoratif-usb-sarjli-tavsan-nemlendirici-2","title":{"rendered":"Aromaterapi Hava Nemlendirici Dekoratif USB \u015earjl\u0131 Tav\u015fan Nemlendirici"},"content":{"rendered":"<p>Kullan\u0131m\u0131 olduk\u00e7a kolay olan bu nemlendiriciyi \u00e7al\u0131\u015ft\u0131rmadan \u00f6nce i\u00e7indeki s\u00fcnger filtreyi nemlendirmeniz gerekmektedir. Filtrenin yerle\u015ftirilmesinde, i\u00e7 mekanizmadaki yayl\u0131 telin geni\u015f k\u0131sm\u0131n\u0131n a\u015fa\u011f\u0131ya bakt\u0131\u011f\u0131ndan emin olunmal\u0131d\u0131r. USB kablosu ile kolayca \u015farj edilebilir ve ister \u0131\u015f\u0131kl\u0131 ister \u0131\u015f\u0131ks\u0131z kullan\u0131m sunar. I\u015f\u0131ks\u0131z mod i\u00e7in a\u00e7ma\/kapama tu\u015funa bas\u0131l\u0131 tutman\u0131z yeterlidir. Estetik tasar\u0131m\u0131, pratik kullan\u0131m\u0131 ve fonksiyonelli\u011fiyle bu \u00fcr\u00fcn; \u00f6zellikle kuru iklimlerde veya kapal\u0131 alanlarda sa\u011fl\u0131kl\u0131, ferah ve keyifli bir ortam olu\u015fturmak isteyenler i\u00e7in m\u00fckemmel bir tercihtir.<\/p>\n","protected":false},"excerpt":{"rendered":"<p>Kullan\u0131m\u0131 olduk\u00e7a kolay olan bu nemlendiriciyi \u00e7al\u0131\u015ft\u0131rmadan \u00f6nce i\u00e7indeki s\u00fcnger filtreyi nemlendirmeniz gerekmektedir. Filtrenin yerle\u015ftirilmesinde, i\u00e7 mekanizmadaki yayl\u0131 telin geni\u015f k\u0131sm\u0131n\u0131n a\u015fa\u011f\u0131ya bakt\u0131\u011f\u0131ndan emin olunmal\u0131d\u0131r. USB kablosu ile kolayca \u015farj edilebilir ve ister \u0131\u015f\u0131kl\u0131 ister \u0131\u015f\u0131ks\u0131z kullan\u0131m sunar. I\u015f\u0131ks\u0131z mod i\u00e7in a\u00e7ma\/kapama tu\u015funa bas\u0131l\u0131 tutman\u0131z yeterlidir. Estetik tasar\u0131m\u0131, pratik kullan\u0131m\u0131 ve fonksiyonelli\u011fiyle bu \u00fcr\u00fcn; \u00f6zellikle&#8230;<\/p>\n","protected":false},"featured_media":119000,"comment_status":"open","ping_status":"closed","template":"","meta":{"_kad_post_transparent":"","_kad_post_title":"","_kad_post_layout":"","_kad_post_sidebar_id":"","_kad_post_content_style":"","_kad_post_vertical_padding":"","_kad_post_feature":"","_kad_post_feature_position":"","_kad_post_header":false,"_kad_post_footer":false,"_kad_post_classname":""},"product_brand":[],"product_cat":[14965],"product_tag":[],"class_list":{"0":"post-119001","1":"product","2":"type-product","3":"status-publish","4":"has-post-thumbnail","6":"product_cat-hava-nemlendirici-hava-nemlendirici","8":"first","9":"instock","10":"purchasable","11":"product-type-simple","12":"entry","13":"content-bg","14":"loop-entry"},"_links":{"self":[{"href":"https:\/\/www.hediyepazar.com\/index.php?rest_route=\/wp\/v2\/product\/119001","targetHints":{"allow":["GET"]}}],"collection":[{"href":"https:\/\/www.hediyepazar.com\/index.php?rest_route=\/wp\/v2\/product"}],"about":[{"href":"https:\/\/www.hediyepazar.com\/index.php?rest_route=\/wp\/v2\/types\/product"}],"replies":[{"embeddable":true,"href":"https:\/\/www.hediyepazar.com\/index.php?rest_route=%2Fwp%2Fv2%2Fcomments&post=119001"}],"wp:featuredmedia":[{"embeddable":true,"href":"https:\/\/www.hediyepazar.com\/index.php?rest_route=\/wp\/v2\/media\/119000"}],"wp:attachment":[{"href":"https:\/\/www.hediyepazar.com\/index.php?rest_route=%2Fwp%2Fv2%2Fmedia&parent=119001"}],"wp:term":[{"taxonomy":"product_brand","embeddable":true,"href":"https:\/\/www.hediyepazar.com\/index.php?rest_route=%2Fwp%2Fv2%2Fproduct_brand&post=119001"},{"taxonomy":"product_cat","embeddable":true,"href":"https:\/\/www.hediyepazar.com\/index.php?rest_route=%2Fwp%2Fv2%2Fproduct_cat&post=119001"},{"taxonomy":"product_tag","embeddable":true,"href":"https:\/\/www.hediyepazar.com\/index.php?rest_route=%2Fwp%2Fv2%2Fproduct_tag&post=119001"}],"curies":[{"name":"wp","href":"https:\/\/api.w.org\/{rel}","templated":true}]}}