{"id":119003,"date":"2026-05-06T00:07:22","date_gmt":"2026-05-06T03:07:22","guid":{"rendered":"https:\/\/www.hediyepazar.com\/?product=hava-nemlendirici-ultrasonik-aromaterapi-difuzor-tavsan-nemlendirici-2"},"modified":"2026-05-06T00:07:22","modified_gmt":"2026-05-06T03:07:22","slug":"hava-nemlendirici-ultrasonik-aromaterapi-difuzor-tavsan-nemlendirici-2","status":"publish","type":"product","link":"https:\/\/www.hediyepazar.com\/?product=hava-nemlendirici-ultrasonik-aromaterapi-difuzor-tavsan-nemlendirici-2","title":{"rendered":"Hava Nemlendirici Ultrasonik Aromaterapi Dif\u00fcz\u00f6r Tav\u015fan Nemlendirici"},"content":{"rendered":"<p>Cihaz, 220 ml su kapasitesiyle uzun s\u00fcreli kullan\u0131m imk\u00e2n\u0131 sunar. Ultrasonik sis teknolojisi sayesinde ortama nazik ve dengeli bir nem yay\u0131l\u0131m\u0131 sa\u011flar. Ayr\u0131ca i\u00e7erisine ekleyebilece\u011finiz birka\u00e7 damla u\u00e7ucu ya\u011f veya parf\u00fcm ile ya\u015fam alan\u0131n\u0131zda ho\u015f bir aroma elde edebilirsiniz. B\u00f6ylece yaln\u0131zca nem de\u011fil, ayn\u0131 zamanda aromaterapi etkisiyle rahatlama, stres azaltma ve odaklanma gibi olumlu etkiler de sunar. Kompakt yap\u0131s\u0131yla yer kaplamaz, masa \u00fcst\u00fc kullan\u0131mlar i\u00e7in de idealdir.<\/p>\n","protected":false},"excerpt":{"rendered":"<p>Cihaz, 220 ml su kapasitesiyle uzun s\u00fcreli kullan\u0131m imk\u00e2n\u0131 sunar. Ultrasonik sis teknolojisi sayesinde ortama nazik ve dengeli bir nem yay\u0131l\u0131m\u0131 sa\u011flar. Ayr\u0131ca i\u00e7erisine ekleyebilece\u011finiz birka\u00e7 damla u\u00e7ucu ya\u011f veya parf\u00fcm ile ya\u015fam alan\u0131n\u0131zda ho\u015f bir aroma elde edebilirsiniz. B\u00f6ylece yaln\u0131zca nem de\u011fil, ayn\u0131 zamanda aromaterapi etkisiyle rahatlama, stres azaltma ve odaklanma gibi olumlu etkiler&#8230;<\/p>\n","protected":false},"featured_media":119002,"comment_status":"open","ping_status":"closed","template":"","meta":{"_kad_post_transparent":"","_kad_post_title":"","_kad_post_layout":"","_kad_post_sidebar_id":"","_kad_post_content_style":"","_kad_post_vertical_padding":"","_kad_post_feature":"","_kad_post_feature_position":"","_kad_post_header":false,"_kad_post_footer":false,"_kad_post_classname":""},"product_brand":[],"product_cat":[14965],"product_tag":[],"class_list":{"0":"post-119003","1":"product","2":"type-product","3":"status-publish","4":"has-post-thumbnail","6":"product_cat-hava-nemlendirici-hava-nemlendirici","8":"first","9":"instock","10":"purchasable","11":"product-type-simple","12":"entry","13":"content-bg","14":"loop-entry"},"_links":{"self":[{"href":"https:\/\/www.hediyepazar.com\/index.php?rest_route=\/wp\/v2\/product\/119003","targetHints":{"allow":["GET"]}}],"collection":[{"href":"https:\/\/www.hediyepazar.com\/index.php?rest_route=\/wp\/v2\/product"}],"about":[{"href":"https:\/\/www.hediyepazar.com\/index.php?rest_route=\/wp\/v2\/types\/product"}],"replies":[{"embeddable":true,"href":"https:\/\/www.hediyepazar.com\/index.php?rest_route=%2Fwp%2Fv2%2Fcomments&post=119003"}],"wp:featuredmedia":[{"embeddable":true,"href":"https:\/\/www.hediyepazar.com\/index.php?rest_route=\/wp\/v2\/media\/119002"}],"wp:attachment":[{"href":"https:\/\/www.hediyepazar.com\/index.php?rest_route=%2Fwp%2Fv2%2Fmedia&parent=119003"}],"wp:term":[{"taxonomy":"product_brand","embeddable":true,"href":"https:\/\/www.hediyepazar.com\/index.php?rest_route=%2Fwp%2Fv2%2Fproduct_brand&post=119003"},{"taxonomy":"product_cat","embeddable":true,"href":"https:\/\/www.hediyepazar.com\/index.php?rest_route=%2Fwp%2Fv2%2Fproduct_cat&post=119003"},{"taxonomy":"product_tag","embeddable":true,"href":"https:\/\/www.hediyepazar.com\/index.php?rest_route=%2Fwp%2Fv2%2Fproduct_tag&post=119003"}],"curies":[{"name":"wp","href":"https:\/\/api.w.org\/{rel}","templated":true}]}}