{"id":119005,"date":"2026-05-06T00:08:55","date_gmt":"2026-05-06T03:08:55","guid":{"rendered":"https:\/\/www.hediyepazar.com\/?product=led-isikli-hava-nemlendirici-buhar-makinesi-dekoratif-aromaterapi-2"},"modified":"2026-05-06T00:08:55","modified_gmt":"2026-05-06T03:08:55","slug":"led-isikli-hava-nemlendirici-buhar-makinesi-dekoratif-aromaterapi-2","status":"publish","type":"product","link":"https:\/\/www.hediyepazar.com\/?product=led-isikli-hava-nemlendirici-buhar-makinesi-dekoratif-aromaterapi-2","title":{"rendered":"Led I\u015f\u0131kl\u0131 Hava Nemlendirici Buhar Makinesi Dekoratif Aromaterapi"},"content":{"rendered":"<p>Sevimli tav\u015fan veya geyik tasar\u0131m\u0131yla dikkat \u00e7eken bu ultrasonik hava nemlendirici, hem i\u015flevselli\u011fi hem de dekoratif g\u00f6r\u00fcn\u00fcm\u00fc bir araya getiriyor. Minimal ve zarif yap\u0131s\u0131yla yatak odas\u0131, oturma odas\u0131, ofis, \u00e7al\u0131\u015fma alan\u0131, d\u00fckkan veya hatta araban\u0131zda bile rahatl\u0131kla kullan\u0131labilir. Sessiz \u00e7al\u0131\u015fma prensibi sayesinde gece kullan\u0131m\u0131na uygundur; huzur dolu bir uyku ortam\u0131 yarat\u0131rken ayn\u0131 zamanda bulundu\u011funuz alan\u0131n havas\u0131n\u0131 yumu\u015fat\u0131r. Bu sayede kuru hava nedeniyle olu\u015fabilecek cilt kurulu\u011fu, bo\u011faz kurulu\u011fu ve burun t\u0131kan\u0131kl\u0131\u011f\u0131 gibi problemleri azalt\u0131r.<\/p>\n","protected":false},"excerpt":{"rendered":"<p>Sevimli tav\u015fan veya geyik tasar\u0131m\u0131yla dikkat \u00e7eken bu ultrasonik hava nemlendirici, hem i\u015flevselli\u011fi hem de dekoratif g\u00f6r\u00fcn\u00fcm\u00fc bir araya getiriyor. Minimal ve zarif yap\u0131s\u0131yla yatak odas\u0131, oturma odas\u0131, ofis, \u00e7al\u0131\u015fma alan\u0131, d\u00fckkan veya hatta araban\u0131zda bile rahatl\u0131kla kullan\u0131labilir. Sessiz \u00e7al\u0131\u015fma prensibi sayesinde gece kullan\u0131m\u0131na uygundur; huzur dolu bir uyku ortam\u0131 yarat\u0131rken ayn\u0131 zamanda bulundu\u011funuz alan\u0131n&#8230;<\/p>\n","protected":false},"featured_media":119004,"comment_status":"open","ping_status":"closed","template":"","meta":{"_kad_post_transparent":"","_kad_post_title":"","_kad_post_layout":"","_kad_post_sidebar_id":"","_kad_post_content_style":"","_kad_post_vertical_padding":"","_kad_post_feature":"","_kad_post_feature_position":"","_kad_post_header":false,"_kad_post_footer":false,"_kad_post_classname":""},"product_brand":[],"product_cat":[14965],"product_tag":[],"class_list":{"0":"post-119005","1":"product","2":"type-product","3":"status-publish","4":"has-post-thumbnail","6":"product_cat-hava-nemlendirici-hava-nemlendirici","8":"first","9":"instock","10":"purchasable","11":"product-type-simple","12":"entry","13":"content-bg","14":"loop-entry"},"_links":{"self":[{"href":"https:\/\/www.hediyepazar.com\/index.php?rest_route=\/wp\/v2\/product\/119005","targetHints":{"allow":["GET"]}}],"collection":[{"href":"https:\/\/www.hediyepazar.com\/index.php?rest_route=\/wp\/v2\/product"}],"about":[{"href":"https:\/\/www.hediyepazar.com\/index.php?rest_route=\/wp\/v2\/types\/product"}],"replies":[{"embeddable":true,"href":"https:\/\/www.hediyepazar.com\/index.php?rest_route=%2Fwp%2Fv2%2Fcomments&post=119005"}],"wp:featuredmedia":[{"embeddable":true,"href":"https:\/\/www.hediyepazar.com\/index.php?rest_route=\/wp\/v2\/media\/119004"}],"wp:attachment":[{"href":"https:\/\/www.hediyepazar.com\/index.php?rest_route=%2Fwp%2Fv2%2Fmedia&parent=119005"}],"wp:term":[{"taxonomy":"product_brand","embeddable":true,"href":"https:\/\/www.hediyepazar.com\/index.php?rest_route=%2Fwp%2Fv2%2Fproduct_brand&post=119005"},{"taxonomy":"product_cat","embeddable":true,"href":"https:\/\/www.hediyepazar.com\/index.php?rest_route=%2Fwp%2Fv2%2Fproduct_cat&post=119005"},{"taxonomy":"product_tag","embeddable":true,"href":"https:\/\/www.hediyepazar.com\/index.php?rest_route=%2Fwp%2Fv2%2Fproduct_tag&post=119005"}],"curies":[{"name":"wp","href":"https:\/\/api.w.org\/{rel}","templated":true}]}}