{"id":119009,"date":"2026-05-06T00:09:05","date_gmt":"2026-05-06T03:09:05","guid":{"rendered":"https:\/\/www.hediyepazar.com\/?product=intercom-bluetooth-kask-kulaklik-motosiklet-kulaklik-5-0-bluetooth-2"},"modified":"2026-05-06T00:09:05","modified_gmt":"2026-05-06T03:09:05","slug":"intercom-bluetooth-kask-kulaklik-motosiklet-kulaklik-5-0-bluetooth-2","status":"publish","type":"product","link":"https:\/\/www.hediyepazar.com\/?product=intercom-bluetooth-kask-kulaklik-motosiklet-kulaklik-5-0-bluetooth-2","title":{"rendered":"Intercom Bluetooth Kask Kulakl\u0131k Motosiklet Kulakl\u0131k 5.0 Bluetooth"},"content":{"rendered":"<p>BT22 Kask Bluetooth Kulakl\u0131k 5.0, motosiklet tutkunlar\u0131 i\u00e7in tasarlanm\u0131\u015f \u00fcst\u00fcn teknolojili bir aksesuard\u0131r. S\u00fcr\u00fc\u015f s\u0131ras\u0131nda ellerinizi kullanmadan m\u00fczik dinleyebilir, gelen \u00e7a\u011fr\u0131lar\u0131 cevaplayabilir ve yol arkada\u015flar\u0131n\u0131zla kesintisiz konu\u015fabilirsiniz. Geli\u015fmi\u015f Bluetooth 5.0 + EDR teknolojisi sayesinde cihazlar aras\u0131nda h\u0131zl\u0131 e\u015fle\u015fme ve stabil ba\u011flant\u0131 sunar. G\u00fcr\u00fclt\u00fc \u00f6nleyici mikrofonu, r\u00fczgarl\u0131 ve g\u00fcr\u00fclt\u00fcl\u00fc ortamlarda bile sesinizi net \u015fekilde ileterek ileti\u015fimi sorunsuz hale getirir. Kolay montaj \u00f6zelli\u011fi sayesinde hemen hemen t\u00fcm kasklara uyum sa\u011flar ve tak-\u00e7al\u0131\u015ft\u0131r mant\u0131\u011f\u0131yla h\u0131zl\u0131 bir \u015fekilde kullan\u0131ma haz\u0131r hale gelir. Bu kulakl\u0131k, s\u00fcr\u00fc\u015f g\u00fcvenli\u011fini bozmadan, teknolojiden kopmadan yol alman\u0131z i\u00e7in ideal bir \u00e7\u00f6z\u00fcmd\u00fcr.<\/p>\n","protected":false},"excerpt":{"rendered":"<p>BT22 Kask Bluetooth Kulakl\u0131k 5.0, motosiklet tutkunlar\u0131 i\u00e7in tasarlanm\u0131\u015f \u00fcst\u00fcn teknolojili bir aksesuard\u0131r. S\u00fcr\u00fc\u015f s\u0131ras\u0131nda ellerinizi kullanmadan m\u00fczik dinleyebilir, gelen \u00e7a\u011fr\u0131lar\u0131 cevaplayabilir ve yol arkada\u015flar\u0131n\u0131zla kesintisiz konu\u015fabilirsiniz. Geli\u015fmi\u015f Bluetooth 5.0 + EDR teknolojisi sayesinde cihazlar aras\u0131nda h\u0131zl\u0131 e\u015fle\u015fme ve stabil ba\u011flant\u0131 sunar. G\u00fcr\u00fclt\u00fc \u00f6nleyici mikrofonu, r\u00fczgarl\u0131 ve g\u00fcr\u00fclt\u00fcl\u00fc ortamlarda bile sesinizi net \u015fekilde ileterek ileti\u015fimi&#8230;<\/p>\n","protected":false},"featured_media":119008,"comment_status":"open","ping_status":"closed","template":"","meta":{"_kad_post_transparent":"","_kad_post_title":"","_kad_post_layout":"","_kad_post_sidebar_id":"","_kad_post_content_style":"","_kad_post_vertical_padding":"","_kad_post_feature":"","_kad_post_feature_position":"","_kad_post_header":false,"_kad_post_footer":false,"_kad_post_classname":""},"product_brand":[],"product_cat":[15010],"product_tag":[],"class_list":{"0":"post-119009","1":"product","2":"type-product","3":"status-publish","4":"has-post-thumbnail","6":"product_cat-intercom-intercom","8":"first","9":"instock","10":"purchasable","11":"product-type-simple","12":"entry","13":"content-bg","14":"loop-entry"},"_links":{"self":[{"href":"https:\/\/www.hediyepazar.com\/index.php?rest_route=\/wp\/v2\/product\/119009","targetHints":{"allow":["GET"]}}],"collection":[{"href":"https:\/\/www.hediyepazar.com\/index.php?rest_route=\/wp\/v2\/product"}],"about":[{"href":"https:\/\/www.hediyepazar.com\/index.php?rest_route=\/wp\/v2\/types\/product"}],"replies":[{"embeddable":true,"href":"https:\/\/www.hediyepazar.com\/index.php?rest_route=%2Fwp%2Fv2%2Fcomments&post=119009"}],"wp:featuredmedia":[{"embeddable":true,"href":"https:\/\/www.hediyepazar.com\/index.php?rest_route=\/wp\/v2\/media\/119008"}],"wp:attachment":[{"href":"https:\/\/www.hediyepazar.com\/index.php?rest_route=%2Fwp%2Fv2%2Fmedia&parent=119009"}],"wp:term":[{"taxonomy":"product_brand","embeddable":true,"href":"https:\/\/www.hediyepazar.com\/index.php?rest_route=%2Fwp%2Fv2%2Fproduct_brand&post=119009"},{"taxonomy":"product_cat","embeddable":true,"href":"https:\/\/www.hediyepazar.com\/index.php?rest_route=%2Fwp%2Fv2%2Fproduct_cat&post=119009"},{"taxonomy":"product_tag","embeddable":true,"href":"https:\/\/www.hediyepazar.com\/index.php?rest_route=%2Fwp%2Fv2%2Fproduct_tag&post=119009"}],"curies":[{"name":"wp","href":"https:\/\/api.w.org\/{rel}","templated":true}]}}