{"id":119051,"date":"2026-05-06T00:13:31","date_gmt":"2026-05-06T03:13:31","guid":{"rendered":"https:\/\/www.hediyepazar.com\/?product=hava-nemlendirici-renk-degistiren-oda-kokusu-yildizli-projektor-2"},"modified":"2026-05-06T00:13:31","modified_gmt":"2026-05-06T03:13:31","slug":"hava-nemlendirici-renk-degistiren-oda-kokusu-yildizli-projektor-2","status":"publish","type":"product","link":"https:\/\/www.hediyepazar.com\/?product=hava-nemlendirici-renk-degistiren-oda-kokusu-yildizli-projektor-2","title":{"rendered":"Hava Nemlendirici Renk De\u011fi\u015ftiren Oda Kokusu Y\u0131ld\u0131zl\u0131 Projekt\u00f6r"},"content":{"rendered":"<p>Dekoratif ve Fonksiyonel Tasar\u0131m Bir AradaSat\u00fcrn \u015feklindeki uzay temal\u0131 bu \u00f6zel \u00fcr\u00fcn, ev dekorasyonuna s\u0131ra d\u0131\u015f\u0131 bir dokunu\u015f katmak isteyenler i\u00e7in ideal bir tercih sunuyor. Modern ve \u015f\u0131k tasar\u0131m\u0131yla hem oturma odalar\u0131nda hem de yatak odalar\u0131nda kendine kolayca yer bulur. Uzay modeli esteti\u011fiyle sadece bir aksesuar de\u011fil, ayn\u0131 zamanda mekan\u0131n atmosferini tamamlayan zarif bir dekor par\u00e7as\u0131 olarak \u00f6ne \u00e7\u0131kar. Yaln\u0131zca i\u015flevselli\u011fiyle de\u011fil, g\u00f6rsel zenginli\u011fiyle de evin havas\u0131n\u0131 tamamen de\u011fi\u015ftiren bu \u00fcr\u00fcn, \u00f6zellikle modern ve minimalist dekorasyon anlay\u0131\u015f\u0131yla m\u00fckemmel bir uyum sa\u011flar.<\/p>\n","protected":false},"excerpt":{"rendered":"<p>Dekoratif ve Fonksiyonel Tasar\u0131m Bir AradaSat\u00fcrn \u015feklindeki uzay temal\u0131 bu \u00f6zel \u00fcr\u00fcn, ev dekorasyonuna s\u0131ra d\u0131\u015f\u0131 bir dokunu\u015f katmak isteyenler i\u00e7in ideal bir tercih sunuyor. Modern ve \u015f\u0131k tasar\u0131m\u0131yla hem oturma odalar\u0131nda hem de yatak odalar\u0131nda kendine kolayca yer bulur. Uzay modeli esteti\u011fiyle sadece bir aksesuar de\u011fil, ayn\u0131 zamanda mekan\u0131n atmosferini tamamlayan zarif bir dekor&#8230;<\/p>\n","protected":false},"featured_media":119050,"comment_status":"open","ping_status":"closed","template":"","meta":{"_kad_post_transparent":"","_kad_post_title":"","_kad_post_layout":"","_kad_post_sidebar_id":"","_kad_post_content_style":"","_kad_post_vertical_padding":"","_kad_post_feature":"","_kad_post_feature_position":"","_kad_post_header":false,"_kad_post_footer":false,"_kad_post_classname":""},"product_brand":[],"product_cat":[14965],"product_tag":[],"class_list":{"0":"post-119051","1":"product","2":"type-product","3":"status-publish","4":"has-post-thumbnail","6":"product_cat-hava-nemlendirici-hava-nemlendirici","8":"first","9":"instock","10":"purchasable","11":"product-type-simple","12":"entry","13":"content-bg","14":"loop-entry"},"_links":{"self":[{"href":"https:\/\/www.hediyepazar.com\/index.php?rest_route=\/wp\/v2\/product\/119051","targetHints":{"allow":["GET"]}}],"collection":[{"href":"https:\/\/www.hediyepazar.com\/index.php?rest_route=\/wp\/v2\/product"}],"about":[{"href":"https:\/\/www.hediyepazar.com\/index.php?rest_route=\/wp\/v2\/types\/product"}],"replies":[{"embeddable":true,"href":"https:\/\/www.hediyepazar.com\/index.php?rest_route=%2Fwp%2Fv2%2Fcomments&post=119051"}],"wp:featuredmedia":[{"embeddable":true,"href":"https:\/\/www.hediyepazar.com\/index.php?rest_route=\/wp\/v2\/media\/119050"}],"wp:attachment":[{"href":"https:\/\/www.hediyepazar.com\/index.php?rest_route=%2Fwp%2Fv2%2Fmedia&parent=119051"}],"wp:term":[{"taxonomy":"product_brand","embeddable":true,"href":"https:\/\/www.hediyepazar.com\/index.php?rest_route=%2Fwp%2Fv2%2Fproduct_brand&post=119051"},{"taxonomy":"product_cat","embeddable":true,"href":"https:\/\/www.hediyepazar.com\/index.php?rest_route=%2Fwp%2Fv2%2Fproduct_cat&post=119051"},{"taxonomy":"product_tag","embeddable":true,"href":"https:\/\/www.hediyepazar.com\/index.php?rest_route=%2Fwp%2Fv2%2Fproduct_tag&post=119051"}],"curies":[{"name":"wp","href":"https:\/\/api.w.org\/{rel}","templated":true}]}}